{"id":39,"date":"2013-09-08T14:10:13","date_gmt":"2013-09-08T11:10:13","guid":{"rendered":"http:\/\/hangenhelmen.net\/wordpress\/?page_id=39"},"modified":"2016-04-25T21:18:22","modified_gmt":"2016-04-25T18:18:22","slug":"vauhtitassun-giisa","status":"publish","type":"page","link":"http:\/\/hangenhelmen.net\/?page_id=39","title":{"rendered":"Vauhtitassun Giisa"},"content":{"rendered":"<h2><\/h2>\n<h1 style=\"text-align: center;\">FIN MVA Vauhtitassun Giisa<\/h1>\n<p style=\"text-align: center;\">27.5.2002 &#8211; 29.2.2016<\/p>\n<p style=\"text-align: center;\">Suurin suru on sanaton \u2013 syvin kaipaus \u00e4\u00e4net\u00f6n.<\/p>\n<p style=\"text-align: center;\">Yksi on joukosta pois. Em\u00e4nn\u00e4n luo sateenkaarisillalle k\u00e4\u00e4ntyiv\u00e4t ensimm\u00e4isemme askeleet.<\/p>\n<p><center><a href=\"http:\/\/hangenhelmen.net\/wp-content\/uploads\/2013\/09\/giisap.jpg\"><img decoding=\"async\" loading=\"lazy\" class=\"alignnone wp-image-105\" src=\"http:\/\/hangenhelmen.net\/wp-content\/uploads\/2013\/09\/giisap-162x300.jpg\" alt=\"giisap\" width=\"157\" height=\"291\" \/><\/a><a href=\"http:\/\/hangenhelmen.net\/wp-content\/uploads\/2013\/09\/giisa0606.jpg\"><img decoding=\"async\" loading=\"lazy\" class=\"alignnone size-medium wp-image-19\" src=\"http:\/\/hangenhelmen.net\/wp-content\/uploads\/2013\/09\/giisa0606-300x284.jpg\" alt=\"giisa0606\" width=\"300\" height=\"284\" srcset=\"http:\/\/hangenhelmen.net\/wp-content\/uploads\/2013\/09\/giisa0606-300x284.jpg 300w, http:\/\/hangenhelmen.net\/wp-content\/uploads\/2013\/09\/giisa0606.jpg 600w\" sizes=\"(max-width: 300px) 100vw, 300px\" \/><\/a><a href=\"http:\/\/hangenhelmen.net\/wp-content\/uploads\/2013\/09\/giisav.jpg\"><img decoding=\"async\" loading=\"lazy\" class=\"alignnone wp-image-106\" src=\"http:\/\/hangenhelmen.net\/wp-content\/uploads\/2013\/09\/giisav-161x300.jpg\" alt=\"giisav\" width=\"153\" height=\"286\" srcset=\"http:\/\/hangenhelmen.net\/wp-content\/uploads\/2013\/09\/giisav-161x300.jpg 161w, http:\/\/hangenhelmen.net\/wp-content\/uploads\/2013\/09\/giisav.jpg 285w\" sizes=\"(max-width: 153px) 100vw, 153px\" \/><\/a><\/center><\/p>\n<table style=\"border: 0px solid #999;\" width=\"98%\" cellspacing=\"1\" cellpadding=\"5\">\n<tbody>\n<tr>\n<td bgcolor=\"#cccccc\" width=\"20%\"><b>virallinen nimi<\/b><\/td>\n<td bgcolor=\"#ffffff\" width=\"30%\">Vauhtitassun Giisa<\/td>\n<td bgcolor=\"#cccccc\" width=\"20%\"><b>lonkat<\/b><\/td>\n<td bgcolor=\"#ffffff\" width=\"30%\">C\/C<\/td>\n<\/tr>\n<tr>\n<td bgcolor=\"#cccccc\" width=\"20%\"><b>kutsumanimi<\/b><\/td>\n<td bgcolor=\"#ffffff\" width=\"30%\">Giisa<\/td>\n<td bgcolor=\"#cccccc\" width=\"20%\"><b>silm\u00e4t<\/b><\/td>\n<td bgcolor=\"#ffffff\" width=\"30%\">OK<\/td>\n<\/tr>\n<\/tbody>\n<\/table>\n<p>Giisa on meid\u00e4n ensimm\u00e4inen koiramme, joka omalla persoonallaan on valloittanut koko perheen syd\u00e4men. Giisa on ollut mukana monessa harrastuksessa. Olemme harrastaneet mm. n\u00e4yttelyit\u00e4, koirahiihtoa, valjakolla ajoa, lenkkeily\u00e4 sek\u00e4 kaverikoiratoimintaa. Vaikka Giisalla on omaa tahtoa, ei se tiukan paikan tullen kaveria j\u00e4t\u00e4.<\/p>\n<p>Giisa on kennelimme A- ja C-pentueen em\u00e4, joka toimi teht\u00e4v\u00e4ss\u00e4\u00e4n esimerkillisesti.<\/p>\n<p>Giisa sai 21.2.2005 Suomen muotovalio -arvon ja lis\u00e4ksi sill\u00e4 on rekikokeesta tulos REK\u00c4 JOH2 ja REK 1. Giisa on periytt\u00e4nyt vetohalukkuutta my\u00f6s j\u00e4lkel\u00e4isilleen. T\u00e4st\u00e4 osoituksena on poikansa Onnin ja tytt\u00e4rens\u00e4 Sohvin k\u00e4ytt\u00f6valioarvot.<\/p>\n<p><a href=\"http:\/\/hangenhelmen.net\/?p=526\">Giisa <\/a>eli t\u00e4ytt\u00e4 el\u00e4m\u00e4\u00e4 13 vuoden ja 9 kuukauden ik\u00e4\u00e4n.<\/p>\n<p><a href=\"http:\/\/jalostus.kennelliitto.fi\/frmKoira.aspx?RekNo=FIN29490\/02&amp;R=212\" target=\"_blank\">Giisa koiranetiss\u00e4<\/a><\/p>\n<p>Giisan luonnetestin tulos toukokuulta 2008<\/p>\n<table width=\"50%\" cellspacing=\"2\" cellpadding=\"3\">\n<tbody>\n<tr>\n<td width=\"20%\">I Toimintakyky<\/td>\n<td width=\"20%\">+2<\/td>\n<\/tr>\n<tr>\n<td width=\"20%\">II Ter\u00e4vyys<\/td>\n<td width=\"20%\">+1<\/td>\n<\/tr>\n<tr>\n<td width=\"20%\">III Puolustushalu<\/td>\n<td width=\"20%\">+1<\/td>\n<\/tr>\n<tr>\n<td width=\"20%\">IV Taisteluhalu<\/td>\n<td width=\"20%\">-1<\/td>\n<\/tr>\n<tr>\n<td width=\"20%\">V Hermorakenne<\/td>\n<td width=\"20%\">+2<\/td>\n<\/tr>\n<tr>\n<td width=\"20%\">VI Temperamentti<\/td>\n<td width=\"20%\">+3<\/td>\n<\/tr>\n<tr>\n<td width=\"20%\">VII Kovuus<\/td>\n<td width=\"20%\">+3<\/td>\n<\/tr>\n<tr>\n<td width=\"20%\">VIII Luoksep\u00e4\u00e4st\u00e4vyys<\/td>\n<td width=\"20%\">+3<\/td>\n<\/tr>\n<tr>\n<td width=\"20%\">Laukaisupelottomuus<\/td>\n<td width=\"20%\">++<\/td>\n<\/tr>\n<tr>\n<td width=\"20%\">Pisteet yhteens\u00e4<\/td>\n<td width=\"20%\">205<\/td>\n<\/tr>\n<\/tbody>\n<\/table>\n","protected":false},"excerpt":{"rendered":"<p>FIN MVA Vauhtitassun Giisa 27.5.2002 &#8211; 29.2.2016 Suurin suru on sanaton \u2013 syvin kaipaus \u00e4\u00e4net\u00f6n. Yksi on joukosta pois. Em\u00e4nn\u00e4n luo sateenkaarisillalle k\u00e4\u00e4ntyiv\u00e4t ensimm\u00e4isemme askeleet. virallinen nimi Vauhtitassun Giisa lonkat C\/C kutsumanimi Giisa silm\u00e4t OK Giisa on meid\u00e4n ensimm\u00e4inen koiramme, &hellip; <a href=\"http:\/\/hangenhelmen.net\/?page_id=39\">Lue loppuun <span class=\"meta-nav\">&rarr;<\/span><\/a><\/p>\n","protected":false},"author":1,"featured_media":0,"parent":0,"menu_order":0,"comment_status":"closed","ping_status":"closed","template":"","meta":[],"_links":{"self":[{"href":"http:\/\/hangenhelmen.net\/index.php?rest_route=\/wp\/v2\/pages\/39"}],"collection":[{"href":"http:\/\/hangenhelmen.net\/index.php?rest_route=\/wp\/v2\/pages"}],"about":[{"href":"http:\/\/hangenhelmen.net\/index.php?rest_route=\/wp\/v2\/types\/page"}],"author":[{"embeddable":true,"href":"http:\/\/hangenhelmen.net\/index.php?rest_route=\/wp\/v2\/users\/1"}],"replies":[{"embeddable":true,"href":"http:\/\/hangenhelmen.net\/index.php?rest_route=%2Fwp%2Fv2%2Fcomments&post=39"}],"version-history":[{"count":15,"href":"http:\/\/hangenhelmen.net\/index.php?rest_route=\/wp\/v2\/pages\/39\/revisions"}],"predecessor-version":[{"id":751,"href":"http:\/\/hangenhelmen.net\/index.php?rest_route=\/wp\/v2\/pages\/39\/revisions\/751"}],"wp:attachment":[{"href":"http:\/\/hangenhelmen.net\/index.php?rest_route=%2Fwp%2Fv2%2Fmedia&parent=39"}],"curies":[{"name":"wp","href":"https:\/\/api.w.org\/{rel}","templated":true}]}}