{"id":1032,"date":"2016-12-13T20:46:26","date_gmt":"2016-12-13T18:46:26","guid":{"rendered":"http:\/\/hangenhelmen.net\/?page_id=1032"},"modified":"2020-05-08T21:30:31","modified_gmt":"2020-05-08T18:30:31","slug":"i-pentue","status":"publish","type":"page","link":"https:\/\/hangenhelmen.net\/?page_id=1032","title":{"rendered":"I-pentue"},"content":{"rendered":"<p style=\"text-align: center;\"><strong>I-pentue syntyi 8.12.2016<br><\/strong><\/p>\n<p style=\"text-align: center;\">4 narttua ja 2 urosta<\/p>\n<p style=\"text-align: center;\">&nbsp;<img decoding=\"async\" loading=\"lazy\" class=\"size-medium wp-image-1149 alignleft\" src=\"http:\/\/hangenhelmen.net\/wp-content\/uploads\/2016\/12\/Pentu26-300x199.jpg\" alt=\"Pentu26\" width=\"300\" height=\"199\" srcset=\"https:\/\/hangenhelmen.net\/wp-content\/uploads\/2016\/12\/Pentu26-300x199.jpg 300w, https:\/\/hangenhelmen.net\/wp-content\/uploads\/2016\/12\/Pentu26-768x509.jpg 768w, https:\/\/hangenhelmen.net\/wp-content\/uploads\/2016\/12\/Pentu26-1024x679.jpg 1024w\" sizes=\"(max-width: 300px) 100vw, 300px\" \/><\/p>\n<p><img decoding=\"async\" loading=\"lazy\" class=\"size-medium wp-image-1029\" src=\"http:\/\/hangenhelmen.net\/wp-content\/uploads\/2016\/12\/IMG_20161208_071913-300x169.jpg\" alt=\"dav\" width=\"300\" height=\"169\" srcset=\"https:\/\/hangenhelmen.net\/wp-content\/uploads\/2016\/12\/IMG_20161208_071913-300x169.jpg 300w, https:\/\/hangenhelmen.net\/wp-content\/uploads\/2016\/12\/IMG_20161208_071913-768x432.jpg 768w, https:\/\/hangenhelmen.net\/wp-content\/uploads\/2016\/12\/IMG_20161208_071913-1024x576.jpg 1024w\" sizes=\"(max-width: 300px) 100vw, 300px\" \/><\/p>\n<p style=\"text-align: center;\"><img decoding=\"async\" loading=\"lazy\" class=\"alignnone wp-image-785\" src=\"http:\/\/hangenhelmen.net\/wp-content\/uploads\/2013\/09\/FI-KVA-Kjeborgs-Only-Ruby-300x283.jpg\" alt=\"FI KVA Kjeborg's Only Ruby\" width=\"279\" height=\"263\" srcset=\"https:\/\/hangenhelmen.net\/wp-content\/uploads\/2013\/09\/FI-KVA-Kjeborgs-Only-Ruby-300x283.jpg 300w, https:\/\/hangenhelmen.net\/wp-content\/uploads\/2013\/09\/FI-KVA-Kjeborgs-Only-Ruby-768x724.jpg 768w, https:\/\/hangenhelmen.net\/wp-content\/uploads\/2013\/09\/FI-KVA-Kjeborgs-Only-Ruby.jpg 1000w\" sizes=\"(max-width: 279px) 100vw, 279px\" \/><img decoding=\"async\" loading=\"lazy\" class=\" wp-image-1010 alignnone\" src=\"http:\/\/hangenhelmen.net\/wp-content\/uploads\/2013\/09\/Leevi-SM.png\" alt=\"leevi-sm\" width=\"325\" height=\"262\"><\/p>\n<p style=\"text-align: center;\">FI KVA <a href=\"http:\/\/hangenhelmen.net\/?page_id=654\">Kjeborg&#8217;s Only Ruby<\/a> &amp; <span id=\"lblKoira\"><small>SM-REK-4-16<\/small><\/span> Hangenhelmen Fuuga<\/p>\n<p style=\"text-align: center;\">&nbsp;<\/p>\n<p style=\"text-align: center;\">T\u00e4h\u00e4n pentueeseen odotamme n\u00e4ytt\u00f6- ja k\u00e4ytt\u00f6ominaisuuksia. Olga on kaunis ja todella hyv\u00e4 rekikoira ja se saavutti k\u00e4ytt\u00f6valion arvon heti ensimm\u00e4isen\u00e4 talvenaan. Leevi on komea ja sopusuhtainen uros. Kummatkin juoksevat valjakoissamme erinomaisina keulakoirina. I-pentueen nuorikot ovat jo juosseet mukavia tuloksia rekiurilla ja ompahan jokunen n\u00e4yttelyss\u00e4 py\u00f6r\u00e4ht\u00e4nyt varsin mukavin tuloksin. Vanhempien vetointo vaikuttaa periytyneen mukavasti ja toivommekin pennuille pitk\u00e4\u00e4 k\u00e4ytt\u00f6uraa. My\u00f6s pentueen terveystulokset ovat erinomaiset.<\/p>\n<p style=\"text-align: center;\">&nbsp;<\/p>\n<p style=\"text-align: center;\">&nbsp;<\/p>\n\n\n[ngg src=&#8221;galleries&#8221; ids=&#8221;14&#8243; display=&#8221;basic_slideshow&#8221;]\n\n\n\n<p>[table id=12 \/]<\/p>\n","protected":false},"excerpt":{"rendered":"<p>I-pentue syntyi 8.12.2016 4 narttua ja 2 urosta &nbsp; FI KVA Kjeborg&#8217;s Only Ruby &amp; SM-REK-4-16 Hangenhelmen Fuuga &nbsp; T\u00e4h\u00e4n pentueeseen odotamme n\u00e4ytt\u00f6- ja k\u00e4ytt\u00f6ominaisuuksia. Olga on kaunis ja todella hyv\u00e4 rekikoira ja se saavutti k\u00e4ytt\u00f6valion arvon heti ensimm\u00e4isen\u00e4 talvenaan. &hellip; <a href=\"https:\/\/hangenhelmen.net\/?page_id=1032\">Lue loppuun <span class=\"meta-nav\">&rarr;<\/span><\/a><\/p>\n","protected":false},"author":1,"featured_media":0,"parent":0,"menu_order":0,"comment_status":"closed","ping_status":"closed","template":"","meta":[],"_links":{"self":[{"href":"https:\/\/hangenhelmen.net\/index.php?rest_route=\/wp\/v2\/pages\/1032"}],"collection":[{"href":"https:\/\/hangenhelmen.net\/index.php?rest_route=\/wp\/v2\/pages"}],"about":[{"href":"https:\/\/hangenhelmen.net\/index.php?rest_route=\/wp\/v2\/types\/page"}],"author":[{"embeddable":true,"href":"https:\/\/hangenhelmen.net\/index.php?rest_route=\/wp\/v2\/users\/1"}],"replies":[{"embeddable":true,"href":"https:\/\/hangenhelmen.net\/index.php?rest_route=%2Fwp%2Fv2%2Fcomments&post=1032"}],"version-history":[{"count":12,"href":"https:\/\/hangenhelmen.net\/index.php?rest_route=\/wp\/v2\/pages\/1032\/revisions"}],"predecessor-version":[{"id":1817,"href":"https:\/\/hangenhelmen.net\/index.php?rest_route=\/wp\/v2\/pages\/1032\/revisions\/1817"}],"wp:attachment":[{"href":"https:\/\/hangenhelmen.net\/index.php?rest_route=%2Fwp%2Fv2%2Fmedia&parent=1032"}],"curies":[{"name":"wp","href":"https:\/\/api.w.org\/{rel}","templated":true}]}}