{"id":1368,"date":"2017-06-22T15:37:26","date_gmt":"2017-06-22T12:37:26","guid":{"rendered":"http:\/\/hangenhelmen.net\/?page_id=1368"},"modified":"2020-05-08T21:16:25","modified_gmt":"2020-05-08T18:16:25","slug":"j-pentue","status":"publish","type":"page","link":"https:\/\/hangenhelmen.net\/?page_id=1368","title":{"rendered":"J-Pentue"},"content":{"rendered":"<p style=\"text-align: center;\"><strong>J-pentue syntyi 15.6.2017<br><\/strong><\/p>\n<p style=\"text-align: center;\">1 narttu ja 7 urosta<\/p>\n<p style=\"text-align: center;\">&nbsp;<\/p>\n<p style=\"text-align: center;\"><img decoding=\"async\" loading=\"lazy\" class=\"aligncenter size-medium wp-image-1414\" src=\"http:\/\/hangenhelmen.net\/wp-content\/uploads\/2017\/06\/Kaikki-300x173.png\" alt=\"Kaikki\" width=\"300\" height=\"173\" srcset=\"https:\/\/hangenhelmen.net\/wp-content\/uploads\/2017\/06\/Kaikki-300x173.png 300w, https:\/\/hangenhelmen.net\/wp-content\/uploads\/2017\/06\/Kaikki-768x444.png 768w, https:\/\/hangenhelmen.net\/wp-content\/uploads\/2017\/06\/Kaikki-1024x592.png 1024w\" sizes=\"(max-width: 300px) 100vw, 300px\" \/><\/p>\n<p style=\"text-align: center;\">&nbsp;<\/p>\n<p><img decoding=\"async\" loading=\"lazy\" class=\"wp-image-264 alignnone\" src=\"http:\/\/hangenhelmen.net\/wp-content\/uploads\/2015\/07\/filja-300x287.jpg\" alt=\"filja\" width=\"255\" height=\"244\" srcset=\"https:\/\/hangenhelmen.net\/wp-content\/uploads\/2015\/07\/filja-300x287.jpg 300w, https:\/\/hangenhelmen.net\/wp-content\/uploads\/2015\/07\/filja.jpg 1000w\" sizes=\"(max-width: 255px) 100vw, 255px\" \/><img decoding=\"async\" loading=\"lazy\" class=\"wp-image-1316 alignright\" src=\"http:\/\/hangenhelmen.net\/wp-content\/uploads\/2013\/09\/Noki-1-1024x699.jpg\" alt=\"Noki\" width=\"358\" height=\"245\" srcset=\"https:\/\/hangenhelmen.net\/wp-content\/uploads\/2013\/09\/Noki-1-1024x699.jpg 1024w, https:\/\/hangenhelmen.net\/wp-content\/uploads\/2013\/09\/Noki-1-300x205.jpg 300w, https:\/\/hangenhelmen.net\/wp-content\/uploads\/2013\/09\/Noki-1-768x524.jpg 768w, https:\/\/hangenhelmen.net\/wp-content\/uploads\/2013\/09\/Noki-1.jpg 2048w\" sizes=\"(max-width: 358px) 100vw, 358px\" \/><\/p>\n<p>SM-REK-4-16 SM-REK-4-17 &nbsp; &nbsp; &nbsp; &nbsp; &nbsp; &nbsp; &nbsp; &amp; &nbsp; &nbsp; &nbsp; &nbsp;C.I.B, NO &amp; FI MVA<br><a href=\"http:\/\/jalostus.kennelliitto.fi\/frmKoira.aspx?RekNo=FI13026%2F11&amp;R=212\">Hangenhelmen Filja <\/a>&nbsp; &nbsp; &nbsp; &nbsp; &nbsp; &nbsp; &nbsp; &nbsp; &nbsp; &nbsp; &nbsp; &nbsp; &nbsp; &nbsp; &nbsp; &nbsp; &nbsp; &nbsp; &nbsp; &nbsp;&nbsp;<a href=\"http:\/\/jalostus.kennelliitto.fi\/frmKoira.aspx?RekNo=FI13026%2F11&amp;R=212\">Assandine&#8217;s Luminiferous<\/a><\/p>\n<p>Sek\u00e4 Filjalla, ett\u00e4 Noki-is\u00e4ll\u00e4 on mukavasti tuloksia reki- ja n\u00e4yttelypuolelta. Filjalla on&nbsp; REK\u00c4-JOH2 -tulos, useita REK1-tuloksia ja Ruotsista DP 60 ja DP 10 suoritettu hyv\u00e4ksytysti. Nokilla on REK\u00c4-YLE3 ja useita REK2-tuloksia. Lis\u00e4ksi Noki on p\u00e4rj\u00e4nnyt n\u00e4yttelyiss\u00e4 todella hienosti, se on kansainv\u00e4linen, Norjan ja Suomen muotovalio. Lis\u00e4ksi Noki on kilpaillut TOKOssa. Filja ja Noki ovat mukavasti samatyyppisi\u00e4 ja odotammekin pennuista n\u00e4ytt\u00f6\u00f6n ja monenlaiseen k\u00e4ytt\u00f6\u00f6n sopivia samojedinkoiria.<\/p>\n<p>J-pentue on hieman hajanainen ulkomuodollisesti, mutta terveystulokset ovat olleet t\u00e4h\u00e4n menness\u00e4 varsin mukavia. Pennuilla on oikein hyv\u00e4t mittasuhteet ja mukavat perhekoiran luonteet.&nbsp; Muutama pentueesta on ehtinyt jo kisata valjakkourilla hyv\u00e4ll\u00e4 menestyksell\u00e4.<\/p>\n<p style=\"text-align: center;\">&nbsp;<\/p>\n<p style=\"text-align: center;\">&nbsp;<\/p>\n\n\n[ngg src=&#8221;galleries&#8221; ids=&#8221;13&#8243; display=&#8221;basic_slideshow&#8221;]\n\n\n\n<div class=\"wp-block-image\"><figure class=\"aligncenter\"><img decoding=\"async\" loading=\"lazy\" width=\"300\" height=\"258\" src=\"http:\/\/hangenhelmen.net\/wp-content\/uploads\/2013\/09\/Vihreapoika-1-300x258.png\" alt=\"Vihreapoika 1\" class=\"wp-image-1404\" srcset=\"https:\/\/hangenhelmen.net\/wp-content\/uploads\/2013\/09\/Vihreapoika-1-300x258.png 300w, https:\/\/hangenhelmen.net\/wp-content\/uploads\/2013\/09\/Vihreapoika-1-768x661.png 768w, https:\/\/hangenhelmen.net\/wp-content\/uploads\/2013\/09\/Vihreapoika-1-1024x882.png 1024w\" sizes=\"(max-width: 300px) 100vw, 300px\" \/><\/figure><\/div>\n\n\n\n<p>Vihre\u00e4 poika<\/p>\n\n\n\n<div class=\"wp-block-image\"><figure class=\"aligncenter\"><img decoding=\"async\" loading=\"lazy\" width=\"300\" height=\"293\" src=\"http:\/\/hangenhelmen.net\/wp-content\/uploads\/2013\/09\/Sininenpoika-1-300x293.png\" alt=\"Sininenpoika 1\" class=\"wp-image-1403\" srcset=\"https:\/\/hangenhelmen.net\/wp-content\/uploads\/2013\/09\/Sininenpoika-1-300x293.png 300w, https:\/\/hangenhelmen.net\/wp-content\/uploads\/2013\/09\/Sininenpoika-1-768x751.png 768w, https:\/\/hangenhelmen.net\/wp-content\/uploads\/2013\/09\/Sininenpoika-1-1024x1001.png 1024w, https:\/\/hangenhelmen.net\/wp-content\/uploads\/2013\/09\/Sininenpoika-1.png 1785w\" sizes=\"(max-width: 300px) 100vw, 300px\" \/><\/figure><\/div>\n\n\n\n<p>Sininen poika<\/p>\n\n\n\n<div class=\"wp-block-image\"><figure class=\"aligncenter\"><img decoding=\"async\" loading=\"lazy\" width=\"300\" height=\"280\" src=\"http:\/\/hangenhelmen.net\/wp-content\/uploads\/2013\/09\/Ruskeapoika-1-300x280.png\" alt=\"Ruskeapoika 1\" class=\"wp-image-1402\" srcset=\"https:\/\/hangenhelmen.net\/wp-content\/uploads\/2013\/09\/Ruskeapoika-1-300x280.png 300w, https:\/\/hangenhelmen.net\/wp-content\/uploads\/2013\/09\/Ruskeapoika-1-768x717.png 768w, https:\/\/hangenhelmen.net\/wp-content\/uploads\/2013\/09\/Ruskeapoika-1-1024x956.png 1024w\" sizes=\"(max-width: 300px) 100vw, 300px\" \/><\/figure><\/div>\n\n\n\n<p>Ruskea poika<\/p>\n\n\n\n<div class=\"wp-block-image\"><figure class=\"aligncenter\"><img decoding=\"async\" loading=\"lazy\" width=\"300\" height=\"274\" src=\"http:\/\/hangenhelmen.net\/wp-content\/uploads\/2013\/09\/Punainentytto-1-300x274.png\" alt=\"Punainentytto 1\" class=\"wp-image-1401\" srcset=\"https:\/\/hangenhelmen.net\/wp-content\/uploads\/2013\/09\/Punainentytto-1-300x274.png 300w, https:\/\/hangenhelmen.net\/wp-content\/uploads\/2013\/09\/Punainentytto-1-768x700.png 768w, https:\/\/hangenhelmen.net\/wp-content\/uploads\/2013\/09\/Punainentytto-1-1024x934.png 1024w\" sizes=\"(max-width: 300px) 100vw, 300px\" \/><\/figure><\/div>\n\n\n\n<p>Punainen tytt\u00f6<\/p>\n\n\n\n<div class=\"wp-block-image\"><figure class=\"aligncenter\"><img decoding=\"async\" loading=\"lazy\" width=\"300\" height=\"287\" src=\"http:\/\/hangenhelmen.net\/wp-content\/uploads\/2013\/09\/Oranssipoika-1-300x287.png\" alt=\"Oranssipoika 1\" class=\"wp-image-1400\" srcset=\"https:\/\/hangenhelmen.net\/wp-content\/uploads\/2013\/09\/Oranssipoika-1-300x287.png 300w, https:\/\/hangenhelmen.net\/wp-content\/uploads\/2013\/09\/Oranssipoika-1-768x734.png 768w, https:\/\/hangenhelmen.net\/wp-content\/uploads\/2013\/09\/Oranssipoika-1-1024x979.png 1024w\" sizes=\"(max-width: 300px) 100vw, 300px\" \/><\/figure><\/div>\n\n\n\n<p>Oranssi poika<\/p>\n\n\n\n<div class=\"wp-block-image\"><figure class=\"aligncenter\"><img decoding=\"async\" loading=\"lazy\" width=\"300\" height=\"267\" src=\"http:\/\/hangenhelmen.net\/wp-content\/uploads\/2013\/09\/Mustapoika-1-300x267.png\" alt=\"Mustapoika 1\" class=\"wp-image-1399\" srcset=\"https:\/\/hangenhelmen.net\/wp-content\/uploads\/2013\/09\/Mustapoika-1-300x267.png 300w, https:\/\/hangenhelmen.net\/wp-content\/uploads\/2013\/09\/Mustapoika-1-768x684.png 768w, https:\/\/hangenhelmen.net\/wp-content\/uploads\/2013\/09\/Mustapoika-1-1024x912.png 1024w, https:\/\/hangenhelmen.net\/wp-content\/uploads\/2013\/09\/Mustapoika-1.png 1861w\" sizes=\"(max-width: 300px) 100vw, 300px\" \/><\/figure><\/div>\n\n\n\n<p>Musta poika<\/p>\n\n\n\n<div class=\"wp-block-image\"><figure class=\"aligncenter\"><img decoding=\"async\" loading=\"lazy\" width=\"300\" height=\"270\" src=\"http:\/\/hangenhelmen.net\/wp-content\/uploads\/2013\/09\/Lilapoika-1-300x270.png\" alt=\"Lilapoika 1\" class=\"wp-image-1397\" srcset=\"https:\/\/hangenhelmen.net\/wp-content\/uploads\/2013\/09\/Lilapoika-1-300x270.png 300w, https:\/\/hangenhelmen.net\/wp-content\/uploads\/2013\/09\/Lilapoika-1-768x692.png 768w, https:\/\/hangenhelmen.net\/wp-content\/uploads\/2013\/09\/Lilapoika-1-1024x922.png 1024w, https:\/\/hangenhelmen.net\/wp-content\/uploads\/2013\/09\/Lilapoika-1.png 1928w\" sizes=\"(max-width: 300px) 100vw, 300px\" \/><\/figure><\/div>\n\n\n\n<p>Lila poika<\/p>\n\n\n\n<div class=\"wp-block-image\"><figure class=\"aligncenter\"><img decoding=\"async\" loading=\"lazy\" width=\"300\" height=\"280\" src=\"http:\/\/hangenhelmen.net\/wp-content\/uploads\/2013\/09\/Kimallepoika-1-300x280.png\" alt=\"Kimallepoika 1\" class=\"wp-image-1396\" srcset=\"https:\/\/hangenhelmen.net\/wp-content\/uploads\/2013\/09\/Kimallepoika-1-300x280.png 300w, https:\/\/hangenhelmen.net\/wp-content\/uploads\/2013\/09\/Kimallepoika-1-768x716.png 768w, https:\/\/hangenhelmen.net\/wp-content\/uploads\/2013\/09\/Kimallepoika-1-1024x954.png 1024w, https:\/\/hangenhelmen.net\/wp-content\/uploads\/2013\/09\/Kimallepoika-1.png 1933w\" sizes=\"(max-width: 300px) 100vw, 300px\" \/><\/figure><\/div>\n\n\n\n<p>Kimalle poika<\/p>\n","protected":false},"excerpt":{"rendered":"<p>J-pentue syntyi 15.6.2017 1 narttu ja 7 urosta &nbsp; &nbsp; SM-REK-4-16 SM-REK-4-17 &nbsp; &nbsp; &nbsp; &nbsp; &nbsp; &nbsp; &nbsp; &amp; &nbsp; &nbsp; &nbsp; &nbsp;C.I.B, NO &amp; FI MVAHangenhelmen Filja &nbsp; &nbsp; &nbsp; &nbsp; &nbsp; &nbsp; &nbsp; &nbsp; &nbsp; &nbsp; &nbsp; &hellip; <a href=\"https:\/\/hangenhelmen.net\/?page_id=1368\">Lue loppuun <span class=\"meta-nav\">&rarr;<\/span><\/a><\/p>\n","protected":false},"author":1,"featured_media":0,"parent":0,"menu_order":0,"comment_status":"closed","ping_status":"closed","template":"","meta":[],"_links":{"self":[{"href":"https:\/\/hangenhelmen.net\/index.php?rest_route=\/wp\/v2\/pages\/1368"}],"collection":[{"href":"https:\/\/hangenhelmen.net\/index.php?rest_route=\/wp\/v2\/pages"}],"about":[{"href":"https:\/\/hangenhelmen.net\/index.php?rest_route=\/wp\/v2\/types\/page"}],"author":[{"embeddable":true,"href":"https:\/\/hangenhelmen.net\/index.php?rest_route=\/wp\/v2\/users\/1"}],"replies":[{"embeddable":true,"href":"https:\/\/hangenhelmen.net\/index.php?rest_route=%2Fwp%2Fv2%2Fcomments&post=1368"}],"version-history":[{"count":12,"href":"https:\/\/hangenhelmen.net\/index.php?rest_route=\/wp\/v2\/pages\/1368\/revisions"}],"predecessor-version":[{"id":1809,"href":"https:\/\/hangenhelmen.net\/index.php?rest_route=\/wp\/v2\/pages\/1368\/revisions\/1809"}],"wp:attachment":[{"href":"https:\/\/hangenhelmen.net\/index.php?rest_route=%2Fwp%2Fv2%2Fmedia&parent=1368"}],"curies":[{"name":"wp","href":"https:\/\/api.w.org\/{rel}","templated":true}]}}