{"id":1521,"date":"2017-12-11T11:06:28","date_gmt":"2017-12-11T09:06:28","guid":{"rendered":"http:\/\/hangenhelmen.net\/?page_id=1521"},"modified":"2020-05-09T15:47:12","modified_gmt":"2020-05-09T12:47:12","slug":"hangenhelmen-jaanhaltija","status":"publish","type":"page","link":"https:\/\/hangenhelmen.net\/?page_id=1521","title":{"rendered":"Hangenhelmen J\u00e4\u00e4nhaltija"},"content":{"rendered":"<h1 style=\"text-align: center;\">Hangenhelmen J\u00e4\u00e4nhaltija<\/h1>\n<p>[ngg src=&#8221;galleries&#8221; ids=&#8221;18&#8243; display=&#8221;basic_slideshow&#8221;]<\/p>\n<table style=\"border: 0px solid #999;\" width=\"98%\" cellspacing=\"1\" cellpadding=\"5\">\n<tbody>\n<tr>\n<td bgcolor=\"#cccccc\" width=\"20%\"><b>virallinen nimi<\/b><\/td>\n<td bgcolor=\"#ffffff\" width=\"30%\">Hangenhelmen J\u00e4\u00e4nhaltija<\/td>\n<td bgcolor=\"#cccccc\" width=\"20%\"><b>lonkat<\/b><\/td>\n<td bgcolor=\"#ffffff\" width=\"30%\">&nbsp;B\/B<\/td>\n<\/tr>\n<tr>\n<td bgcolor=\"#cccccc\" width=\"20%\"><b>kutsumanimi<\/b><\/td>\n<td bgcolor=\"#ffffff\" width=\"30%\">Hunni<\/td>\n<td bgcolor=\"#cccccc\" width=\"20%\"><b>silm\u00e4t<\/b><\/td>\n<td bgcolor=\"#ffffff\" width=\"30%\">&nbsp;ok<\/td>\n<\/tr>\n<tr>\n<td bgcolor=\"#cccccc\" width=\"20%\"><b>Syntym\u00e4aika<\/b><\/td>\n<td bgcolor=\"#ffffff\" width=\"30%\">15.6.2017<\/td>\n<td bgcolor=\"#cccccc\" width=\"20%\"><b>Sukupuoli<\/b><\/td>\n<td bgcolor=\"#ffffff\" width=\"30%\">Uros<\/td>\n<\/tr>\n<\/tbody>\n<\/table>\n<p>Hunni on j\u00e4yh\u00e4 ja varsin rauhallinen nuorimies, joka vie isoakin valjakkoa ilmeenk\u00e4\u00e4n j\u00e4rk\u00e4ht\u00e4m\u00e4tt\u00e4. Muiden riehuessa t\u00e4m\u00e4 pieni voimanpes\u00e4 odottaa tyynen\u00e4 l\u00e4ht\u00f6k\u00e4sky\u00e4 kuskilta. Ihmisi\u00e4 ja muita koiria kohtaan Hunni on kohteliaan kiinnostunut ja tutut saavat t\u00e4st\u00e4 kaverista varman hellyyttelykaverin.<\/p>\n<p>Hunnilla on nuoresta i\u00e4st\u00e4\u00e4n huolimatta jo yksi pentue (HH Klopin -pentue) ja on j\u00e4tt\u00e4nyt pentuihinsa tasapainoista luonnetta ja hyvi\u00e4 mittasuhteita.<\/p>\n","protected":false},"excerpt":{"rendered":"<p>Hangenhelmen J\u00e4\u00e4nhaltija [ngg src=&#8221;galleries&#8221; ids=&#8221;18&#8243; display=&#8221;basic_slideshow&#8221;] virallinen nimi Hangenhelmen J\u00e4\u00e4nhaltija lonkat &nbsp;B\/B kutsumanimi Hunni silm\u00e4t &nbsp;ok Syntym\u00e4aika 15.6.2017 Sukupuoli Uros Hunni on j\u00e4yh\u00e4 ja varsin rauhallinen nuorimies, joka vie isoakin valjakkoa ilmeenk\u00e4\u00e4n j\u00e4rk\u00e4ht\u00e4m\u00e4tt\u00e4. Muiden riehuessa t\u00e4m\u00e4 pieni voimanpes\u00e4 odottaa tyynen\u00e4 &hellip; <a href=\"https:\/\/hangenhelmen.net\/?page_id=1521\">Lue loppuun <span class=\"meta-nav\">&rarr;<\/span><\/a><\/p>\n","protected":false},"author":1,"featured_media":0,"parent":0,"menu_order":0,"comment_status":"closed","ping_status":"closed","template":"","meta":[],"_links":{"self":[{"href":"https:\/\/hangenhelmen.net\/index.php?rest_route=\/wp\/v2\/pages\/1521"}],"collection":[{"href":"https:\/\/hangenhelmen.net\/index.php?rest_route=\/wp\/v2\/pages"}],"about":[{"href":"https:\/\/hangenhelmen.net\/index.php?rest_route=\/wp\/v2\/types\/page"}],"author":[{"embeddable":true,"href":"https:\/\/hangenhelmen.net\/index.php?rest_route=\/wp\/v2\/users\/1"}],"replies":[{"embeddable":true,"href":"https:\/\/hangenhelmen.net\/index.php?rest_route=%2Fwp%2Fv2%2Fcomments&post=1521"}],"version-history":[{"count":5,"href":"https:\/\/hangenhelmen.net\/index.php?rest_route=\/wp\/v2\/pages\/1521\/revisions"}],"predecessor-version":[{"id":1897,"href":"https:\/\/hangenhelmen.net\/index.php?rest_route=\/wp\/v2\/pages\/1521\/revisions\/1897"}],"wp:attachment":[{"href":"https:\/\/hangenhelmen.net\/index.php?rest_route=%2Fwp%2Fv2%2Fmedia&parent=1521"}],"curies":[{"name":"wp","href":"https:\/\/api.w.org\/{rel}","templated":true}]}}