{"id":1641,"date":"2019-09-15T16:47:13","date_gmt":"2019-09-15T13:47:13","guid":{"rendered":"http:\/\/hangenhelmen.net\/?page_id=1641"},"modified":"2020-05-09T16:18:00","modified_gmt":"2020-05-09T13:18:00","slug":"samochas-chepi-of-kaaice","status":"publish","type":"page","link":"https:\/\/hangenhelmen.net\/?page_id=1641","title":{"rendered":"Samochas Chepi of Kaaice"},"content":{"rendered":"\n<h2 class=\"has-text-align-center\">BALTJV-19 Samochas Chepi of Kaaice<\/h2>\n\n\n\n[ngg src=&#8221;galleries&#8221; ids=&#8221;22&#8243; display=&#8221;basic_slideshow&#8221;]\n\n\n\n<ul><li>Syntynyt 14.11.2018<\/li><li>Lonkat A\/A<\/li><li>Kyyn\u00e4r\u00e4t 0\/0<\/li><li>Selk\u00e4 LTV0, VA1 (puuttuu viimeinen kylkiluupari)<\/li><li>Silm\u00e4t terveet<\/li><\/ul>\n\n\n<p>Samochas Chepi of Kaaice &#8221;Kerttu&#8221; tuli perheeseemme Ruotsista, kennel Samochas&#8217;ista pitk\u00e4llisen harkinnan ja odotuksen j\u00e4lkeen tammikuussa 2019. Kerttu on ollut varsinainen ilopilleri ja on hurmannut kaikki tapaamansa ihmiset. Perheemme hulivili on keveine askelineen n\u00e4ytt\u00e4nyt hyv\u00e4\u00e4 ty\u00f6motivaatiota ja juoksee sek\u00e4 johtajana, ett\u00e4 tiimiss\u00e4. Kerttu on valjaissa rauhallinen ja hyv\u00e4 pari kaikille.<\/p>","protected":false},"excerpt":{"rendered":"<p>BALTJV-19 Samochas Chepi of Kaaice Syntynyt 14.11.2018 Lonkat A\/A Kyyn\u00e4r\u00e4t 0\/0 Selk\u00e4 LTV0, VA1 (puuttuu viimeinen kylkiluupari) Silm\u00e4t terveet Samochas Chepi of Kaaice &#8221;Kerttu&#8221; tuli perheeseemme Ruotsista, kennel Samochas&#8217;ista pitk\u00e4llisen harkinnan ja odotuksen j\u00e4lkeen tammikuussa 2019. Kerttu on ollut varsinainen &hellip; <a href=\"https:\/\/hangenhelmen.net\/?page_id=1641\">Lue loppuun <span class=\"meta-nav\">&rarr;<\/span><\/a><\/p>\n","protected":false},"author":1,"featured_media":0,"parent":0,"menu_order":0,"comment_status":"closed","ping_status":"closed","template":"","meta":[],"_links":{"self":[{"href":"https:\/\/hangenhelmen.net\/index.php?rest_route=\/wp\/v2\/pages\/1641"}],"collection":[{"href":"https:\/\/hangenhelmen.net\/index.php?rest_route=\/wp\/v2\/pages"}],"about":[{"href":"https:\/\/hangenhelmen.net\/index.php?rest_route=\/wp\/v2\/types\/page"}],"author":[{"embeddable":true,"href":"https:\/\/hangenhelmen.net\/index.php?rest_route=\/wp\/v2\/users\/1"}],"replies":[{"embeddable":true,"href":"https:\/\/hangenhelmen.net\/index.php?rest_route=%2Fwp%2Fv2%2Fcomments&post=1641"}],"version-history":[{"count":4,"href":"https:\/\/hangenhelmen.net\/index.php?rest_route=\/wp\/v2\/pages\/1641\/revisions"}],"predecessor-version":[{"id":1933,"href":"https:\/\/hangenhelmen.net\/index.php?rest_route=\/wp\/v2\/pages\/1641\/revisions\/1933"}],"wp:attachment":[{"href":"https:\/\/hangenhelmen.net\/index.php?rest_route=%2Fwp%2Fv2%2Fmedia&parent=1641"}],"curies":[{"name":"wp","href":"https:\/\/api.w.org\/{rel}","templated":true}]}}