{"id":1803,"date":"2020-05-08T21:52:55","date_gmt":"2020-05-08T18:52:55","guid":{"rendered":"http:\/\/hangenhelmen.net\/?page_id=1803"},"modified":"2020-05-08T21:52:55","modified_gmt":"2020-05-08T18:52:55","slug":"k-pentue","status":"publish","type":"page","link":"https:\/\/hangenhelmen.net\/?page_id=1803","title":{"rendered":"K-pentue"},"content":{"rendered":"\n<p>K-pentue oli meille melkoinen yll\u00e4tys, varsinainen rakkauspentue jonka olemassaolo selvisi syntyess\u00e4\u00e4n. Kolme ihanaista mahtui hyvin piileskelem\u00e4\u00e4n hyv\u00e4runkoisen em\u00e4koiran vatsassa.   K-pentue on yhdistelm\u00e4st\u00e4 Velvet Cloud of Severnaya-Sam ja Hangenhelmen J\u00e4\u00e4nhaltija. Pentue nimettiin Klopin -pentueeksi, teini-is\u00e4n kunniaksi. Klopit ovat todella selv\u00e4p\u00e4isi\u00e4, varsin vetointoisia, sek\u00e4 kauniita nuoria koiria. Saas n\u00e4hd\u00e4 mit\u00e4 tulevaisuus n\u00e4ille hurmureille tuo tullessaan!<\/p>\n\n\n\n[ngg src=&#8221;galleries&#8221; ids=&#8221;15&#8243; display=&#8221;basic_thumbnail&#8221; thumbnail_crop=&#8221;0&#8243;]\n","protected":false},"excerpt":{"rendered":"<p>K-pentue oli meille melkoinen yll\u00e4tys, varsinainen rakkauspentue jonka olemassaolo selvisi syntyess\u00e4\u00e4n. Kolme ihanaista mahtui hyvin piileskelem\u00e4\u00e4n hyv\u00e4runkoisen em\u00e4koiran vatsassa. K-pentue on yhdistelm\u00e4st\u00e4 Velvet Cloud of Severnaya-Sam ja Hangenhelmen J\u00e4\u00e4nhaltija. Pentue nimettiin Klopin -pentueeksi, teini-is\u00e4n kunniaksi. Klopit ovat todella selv\u00e4p\u00e4isi\u00e4, varsin &hellip; <a href=\"https:\/\/hangenhelmen.net\/?page_id=1803\">Lue loppuun <span class=\"meta-nav\">&rarr;<\/span><\/a><\/p>\n","protected":false},"author":1,"featured_media":0,"parent":0,"menu_order":0,"comment_status":"closed","ping_status":"closed","template":"","meta":[],"_links":{"self":[{"href":"https:\/\/hangenhelmen.net\/index.php?rest_route=\/wp\/v2\/pages\/1803"}],"collection":[{"href":"https:\/\/hangenhelmen.net\/index.php?rest_route=\/wp\/v2\/pages"}],"about":[{"href":"https:\/\/hangenhelmen.net\/index.php?rest_route=\/wp\/v2\/types\/page"}],"author":[{"embeddable":true,"href":"https:\/\/hangenhelmen.net\/index.php?rest_route=\/wp\/v2\/users\/1"}],"replies":[{"embeddable":true,"href":"https:\/\/hangenhelmen.net\/index.php?rest_route=%2Fwp%2Fv2%2Fcomments&post=1803"}],"version-history":[{"count":1,"href":"https:\/\/hangenhelmen.net\/index.php?rest_route=\/wp\/v2\/pages\/1803\/revisions"}],"predecessor-version":[{"id":1831,"href":"https:\/\/hangenhelmen.net\/index.php?rest_route=\/wp\/v2\/pages\/1803\/revisions\/1831"}],"wp:attachment":[{"href":"https:\/\/hangenhelmen.net\/index.php?rest_route=%2Fwp%2Fv2%2Fmedia&parent=1803"}],"curies":[{"name":"wp","href":"https:\/\/api.w.org\/{rel}","templated":true}]}}