{"id":30,"date":"2013-09-08T13:57:23","date_gmt":"2013-09-08T10:57:23","guid":{"rendered":"http:\/\/hangenhelmen.net\/wordpress\/?page_id=30"},"modified":"2016-05-07T21:08:02","modified_gmt":"2016-05-07T18:08:02","slug":"hangenhelmen-aito-onni","status":"publish","type":"page","link":"https:\/\/hangenhelmen.net\/?page_id=30","title":{"rendered":"Hangenhelmen Aito Onni"},"content":{"rendered":"<h2><\/h2>\n<h1 style=\"text-align: center;\">FI KVA &amp; MVA V-09 Hangenhelmen Aito Onni<\/h1>\n<p><center><a href=\"http:\/\/hangenhelmen.net\/wp-content\/uploads\/2013\/09\/onni2.jpg\"><img decoding=\"async\" loading=\"lazy\" class=\" wp-image-311 alignleft\" src=\"http:\/\/hangenhelmen.net\/wp-content\/uploads\/2013\/09\/onni2.jpg\" alt=\"onni2\" width=\"337\" height=\"224\" srcset=\"https:\/\/hangenhelmen.net\/wp-content\/uploads\/2013\/09\/onni2.jpg 960w, https:\/\/hangenhelmen.net\/wp-content\/uploads\/2013\/09\/onni2-300x199.jpg 300w\" sizes=\"(max-width: 337px) 100vw, 337px\" \/><\/a><a href=\"http:\/\/hangenhelmen.net\/wp-content\/uploads\/2013\/09\/onni3.jpg\"><img decoding=\"async\" loading=\"lazy\" class=\" wp-image-312 alignleft\" src=\"http:\/\/hangenhelmen.net\/wp-content\/uploads\/2013\/09\/onni3.jpg\" alt=\"onni3\" width=\"336\" height=\"222\" srcset=\"https:\/\/hangenhelmen.net\/wp-content\/uploads\/2013\/09\/onni3.jpg 667w, https:\/\/hangenhelmen.net\/wp-content\/uploads\/2013\/09\/onni3-300x198.jpg 300w\" sizes=\"(max-width: 336px) 100vw, 336px\" \/><\/a><a href=\"http:\/\/hangenhelmen.net\/wp-content\/uploads\/2015\/03\/043-Hangenhelmen-Aito-Onni-KAY-ERI-1-PU4.jpg\"><img decoding=\"async\" loading=\"lazy\" class=\" size-medium wp-image-210 alignnone\" src=\"http:\/\/hangenhelmen.net\/wp-content\/uploads\/2015\/03\/043-Hangenhelmen-Aito-Onni-KAY-ERI-1-PU4-273x300.jpg\" alt=\"043 Hangenhelmen Aito Onni KAY ERI 1 PU4\" width=\"273\" height=\"300\" srcset=\"https:\/\/hangenhelmen.net\/wp-content\/uploads\/2015\/03\/043-Hangenhelmen-Aito-Onni-KAY-ERI-1-PU4-273x300.jpg 273w, https:\/\/hangenhelmen.net\/wp-content\/uploads\/2015\/03\/043-Hangenhelmen-Aito-Onni-KAY-ERI-1-PU4.jpg 700w\" sizes=\"(max-width: 273px) 100vw, 273px\" \/><\/a>\u00a0\u00a0<\/center><\/p>\n<table style=\"border: 0px solid #999;\" width=\"98%\" cellspacing=\"1\" cellpadding=\"5\">\n<tbody>\n<tr>\n<td bgcolor=\"#cccccc\" width=\"20%\"><b>virallinen nimi<\/b><\/td>\n<td bgcolor=\"#ffffff\" width=\"30%\">Hangenhelmen Aito Onni<\/td>\n<td bgcolor=\"#cccccc\" width=\"20%\"><b>lonkat<\/b><\/td>\n<td bgcolor=\"#ffffff\" width=\"30%\">C\/C<\/td>\n<\/tr>\n<tr>\n<td bgcolor=\"#cccccc\" width=\"20%\"><b>kutsumanimi<\/b><\/td>\n<td bgcolor=\"#ffffff\" width=\"30%\">Onni<\/td>\n<td bgcolor=\"#cccccc\" width=\"20%\"><b>silm\u00e4t<\/b><\/td>\n<td bgcolor=\"#ffffff\" width=\"30%\">OK (ripsi\u00e4)<\/td>\n<\/tr>\n<tr>\n<td bgcolor=\"#cccccc\" width=\"20%\"><b>Syntym\u00e4aika<\/b><\/td>\n<td bgcolor=\"#ffffff\" width=\"30%\">22.8.2005<\/td>\n<td bgcolor=\"#cccccc\" width=\"20%\"><b>Sukupuoli<\/b><\/td>\n<td bgcolor=\"#ffffff\" width=\"30%\">Uros<\/td>\n<\/tr>\n<\/tbody>\n<\/table>\n<p>Onni on kennelimme ensimm\u00e4isen\u00e4 syntynyt pentu. Koska pentue kokonaisuudessaan oli hyvin tasainen hurmasi O.nni perheen l\u00e4hinn\u00e4 charmillaan. Onnin kasvaessa t\u00e4m\u00e4n hurmurin charmikkuus on vain lis\u00e4\u00e4ntynyt. Onni on koiralaumamme johtaja.<\/p>\n<p>Onni toimi valjakossamme esimerkillisen\u00e4 johtajana.<\/p>\n<p>&nbsp;<\/p>\n<h2>Saavutukset<\/h2>\n<p>Onni on SAMY:n <b>vuoden 2008 valjakkokoira<\/b> ja Valjakkosamojedistien <b>vuoden 2008 valjakkosamojedi<\/b>.<\/p>\n<p>Onnilla on k\u00e4ytt\u00f6kokeesta tulos <b>REK\u00c4 JOH1 pisteill\u00e4 59\/60<\/b> ja kilpailukokeista <b>REK1<\/b>.<\/p>\n<p>Onnista tuli <b>Suomen k\u00e4ytt\u00f6valio<\/b> 21.2.2009.<\/p>\n<p>Onnista tuli <b>Suomen muotovalio<\/b> 23.5.2009.<\/p>\n<p>T\u00e4m\u00e4 upea poika on juossut kilpaa valjakossamme johtajana <b>seitsem\u00e4n vuotta vain ykk\u00f6stuloksia REK1 (17 kpl).<\/b><\/p>\n<p><a href=\"http:\/\/jalostus.kennelliitto.fi\/frmKoira.aspx?RekNo=FIN45353\/05&amp;R=212\" target=\"_blank\">Onni koiranetiss\u00e4<\/a><\/p>\n<p>&nbsp;<\/p>\n<h3>Onnin luonnetestin tulos lokakuulta 2010<\/h3>\n<table width=\"50%\" cellspacing=\"2\" cellpadding=\"3\">\n<tbody>\n<tr>\n<td width=\"20%\">I Toimintakyky<\/td>\n<td width=\"20%\">+1<\/td>\n<\/tr>\n<tr>\n<td width=\"20%\">II Ter\u00e4vyys<\/td>\n<td width=\"20%\">+1<\/td>\n<\/tr>\n<tr>\n<td width=\"20%\">III Puolustushalu<\/td>\n<td width=\"20%\">+1<\/td>\n<\/tr>\n<tr>\n<td width=\"20%\">IV Taisteluhalu<\/td>\n<td width=\"20%\">-1<\/td>\n<\/tr>\n<tr>\n<td width=\"20%\">V Hermorakenne<\/td>\n<td width=\"20%\">+1<\/td>\n<\/tr>\n<tr>\n<td width=\"20%\">VI Temperamentti<\/td>\n<td width=\"20%\">+2<\/td>\n<\/tr>\n<tr>\n<td width=\"20%\">VII Kovuus<\/td>\n<td width=\"20%\">+1<\/td>\n<\/tr>\n<tr>\n<td width=\"20%\">VIII Luoksep\u00e4\u00e4st\u00e4vyys<\/td>\n<td width=\"20%\">+3<\/td>\n<\/tr>\n<tr>\n<td width=\"20%\">Laukaisupelottomuus<\/td>\n<td width=\"20%\">+++<\/td>\n<\/tr>\n<tr>\n<td width=\"20%\">Pisteet yhteens\u00e4<\/td>\n<td width=\"20%\">125<\/td>\n<\/tr>\n<\/tbody>\n<\/table>\n","protected":false},"excerpt":{"rendered":"<p>FI KVA &amp; MVA V-09 Hangenhelmen Aito Onni \u00a0\u00a0 virallinen nimi Hangenhelmen Aito Onni lonkat C\/C kutsumanimi Onni silm\u00e4t OK (ripsi\u00e4) Syntym\u00e4aika 22.8.2005 Sukupuoli Uros Onni on kennelimme ensimm\u00e4isen\u00e4 syntynyt pentu. Koska pentue kokonaisuudessaan oli hyvin tasainen hurmasi O.nni perheen &hellip; <a href=\"https:\/\/hangenhelmen.net\/?page_id=30\">Lue loppuun <span class=\"meta-nav\">&rarr;<\/span><\/a><\/p>\n","protected":false},"author":1,"featured_media":8,"parent":0,"menu_order":0,"comment_status":"closed","ping_status":"closed","template":"","meta":[],"_links":{"self":[{"href":"https:\/\/hangenhelmen.net\/index.php?rest_route=\/wp\/v2\/pages\/30"}],"collection":[{"href":"https:\/\/hangenhelmen.net\/index.php?rest_route=\/wp\/v2\/pages"}],"about":[{"href":"https:\/\/hangenhelmen.net\/index.php?rest_route=\/wp\/v2\/types\/page"}],"author":[{"embeddable":true,"href":"https:\/\/hangenhelmen.net\/index.php?rest_route=\/wp\/v2\/users\/1"}],"replies":[{"embeddable":true,"href":"https:\/\/hangenhelmen.net\/index.php?rest_route=%2Fwp%2Fv2%2Fcomments&post=30"}],"version-history":[{"count":7,"href":"https:\/\/hangenhelmen.net\/index.php?rest_route=\/wp\/v2\/pages\/30\/revisions"}],"predecessor-version":[{"id":766,"href":"https:\/\/hangenhelmen.net\/index.php?rest_route=\/wp\/v2\/pages\/30\/revisions\/766"}],"wp:featuredmedia":[{"embeddable":true,"href":"https:\/\/hangenhelmen.net\/index.php?rest_route=\/wp\/v2\/media\/8"}],"wp:attachment":[{"href":"https:\/\/hangenhelmen.net\/index.php?rest_route=%2Fwp%2Fv2%2Fmedia&parent=30"}],"curies":[{"name":"wp","href":"https:\/\/api.w.org\/{rel}","templated":true}]}}