{"id":34,"date":"2013-09-08T14:01:05","date_gmt":"2013-09-08T11:01:05","guid":{"rendered":"http:\/\/hangenhelmen.net\/wordpress\/?page_id=34"},"modified":"2016-05-14T19:50:55","modified_gmt":"2016-05-14T16:50:55","slug":"hangenhelmen-buhuri","status":"publish","type":"page","link":"https:\/\/hangenhelmen.net\/?page_id=34","title":{"rendered":"Hangenhelmen Buhuri"},"content":{"rendered":"<h2><\/h2>\n<h1 style=\"text-align: center;\">FI &amp; SE MVA FI KVA Hangenhelmen Buhuri<\/h1>\n<p><center><a href=\"http:\/\/hangenhelmen.net\/wp-content\/uploads\/2013\/09\/024-Hangenhelmen-Buhuri-NUO-ERI-1-Parhaat-liikkeet.jpg\"><img decoding=\"async\" loading=\"lazy\" class=\"alignnone size-medium wp-image-23\" src=\"http:\/\/hangenhelmen.net\/wp-content\/uploads\/2013\/09\/024-Hangenhelmen-Buhuri-NUO-ERI-1-Parhaat-liikkeet-278x300.jpg\" alt=\"024 Hangenhelmen Buhuri NUO ERI 1 Parhaat liikkeet\" width=\"278\" height=\"300\" srcset=\"https:\/\/hangenhelmen.net\/wp-content\/uploads\/2013\/09\/024-Hangenhelmen-Buhuri-NUO-ERI-1-Parhaat-liikkeet-278x300.jpg 278w, https:\/\/hangenhelmen.net\/wp-content\/uploads\/2013\/09\/024-Hangenhelmen-Buhuri-NUO-ERI-1-Parhaat-liikkeet-949x1024.jpg 949w, https:\/\/hangenhelmen.net\/wp-content\/uploads\/2013\/09\/024-Hangenhelmen-Buhuri-NUO-ERI-1-Parhaat-liikkeet.jpg 1810w\" sizes=\"(max-width: 278px) 100vw, 278px\" \/><\/a> <a href=\"http:\/\/hangenhelmen.net\/wp-content\/uploads\/2013\/09\/buhurivalio.jpg\"><img decoding=\"async\" loading=\"lazy\" class=\"alignnone size-medium wp-image-253\" src=\"http:\/\/hangenhelmen.net\/wp-content\/uploads\/2013\/09\/buhurivalio-199x300.jpg\" alt=\"buhurivalio\" width=\"199\" height=\"300\" srcset=\"https:\/\/hangenhelmen.net\/wp-content\/uploads\/2013\/09\/buhurivalio-199x300.jpg 199w, https:\/\/hangenhelmen.net\/wp-content\/uploads\/2013\/09\/buhurivalio.jpg 637w\" sizes=\"(max-width: 199px) 100vw, 199px\" \/><\/a><a href=\"http:\/\/hangenhelmen.net\/wp-content\/uploads\/2013\/09\/buhuri1.jpg\"><img decoding=\"async\" loading=\"lazy\" class=\"alignnone wp-image-316\" src=\"http:\/\/hangenhelmen.net\/wp-content\/uploads\/2013\/09\/buhuri1.jpg\" alt=\"buhuri1\" width=\"326\" height=\"217\" srcset=\"https:\/\/hangenhelmen.net\/wp-content\/uploads\/2013\/09\/buhuri1.jpg 309w, https:\/\/hangenhelmen.net\/wp-content\/uploads\/2013\/09\/buhuri1-300x200.jpg 300w\" sizes=\"(max-width: 326px) 100vw, 326px\" \/><\/a><\/center><\/p>\n<table style=\"border: 0px solid #999;\" width=\"98%\" cellspacing=\"1\" cellpadding=\"5\">\n<tbody>\n<tr>\n<td bgcolor=\"#cccccc\" width=\"20%\"><b>virallinen nimi<\/b><\/td>\n<td bgcolor=\"#ffffff\" width=\"30%\">Hangenhelmen Buhuri<\/td>\n<td bgcolor=\"#cccccc\" width=\"20%\"><b>lonkat<\/b><\/td>\n<td bgcolor=\"#ffffff\" width=\"30%\">A\/A<\/td>\n<\/tr>\n<tr>\n<td bgcolor=\"#cccccc\" width=\"20%\"><b>kutsumanimi<\/b><\/td>\n<td bgcolor=\"#ffffff\" width=\"30%\">Buhuri<\/td>\n<td bgcolor=\"#cccccc\" width=\"20%\"><b>silm\u00e4t<\/b><\/td>\n<td bgcolor=\"#ffffff\" width=\"30%\">OK (9.1.2014)<\/td>\n<\/tr>\n<tr>\n<td bgcolor=\"#cccccc\" width=\"20%\"><b>Syntym\u00e4aika<\/b><\/td>\n<td bgcolor=\"#ffffff\" width=\"30%\">10.8.2007<\/td>\n<td bgcolor=\"#cccccc\" width=\"20%\"><b>Sukupuoli<\/b><\/td>\n<td bgcolor=\"#ffffff\" width=\"30%\">Uros<\/td>\n<\/tr>\n<\/tbody>\n<\/table>\n<p>Buhurin koti ei alkuper\u00e4isten suunnitelmiemme mukaan pit\u00e4nyt l\u00f6yty\u00e4 kotikennelist\u00e4. Valjakkoharrastus ja haave oman valjakon kasvattamisesta johtivat lopuksi p\u00e4\u00e4t\u00f6kseen, ett\u00e4 Buhuri j\u00e4\u00e4 kotikenneliin opettelemaan reen vet\u00e4misen saloja.<\/p>\n<p>Luonteeltaan Buhuri on hyvin oman arvonsa tunteva, rauhallinen ja j\u00e4rkev\u00e4 koira. H\u00e4t\u00e4 ei ole mihink\u00e4\u00e4n eik\u00e4 ket\u00e4\u00e4n tarvitse ujostella.<\/p>\n<p>SAMY ry:n Vuoden Pentu 2008 pistelaskussa 6. sijalla.<\/p>\n<p>Buhuri juoksi valjakossa Onnin vieress\u00e4 opettelemassa johtajakoiran teht\u00e4v\u00e4\u00e4. Buhuri on erinomaisella ty\u00f6skentelymotivaatiolla varustettu koira ja siit\u00e4 kasvoi aivan upea johtaja.<\/p>\n<p>Buhuri sai ensimm\u00e4isess\u00e4 k\u00e4ytt\u00f6kokeessa 21.2.2009 REK\u00c4 YLE1 pisteill\u00e4 56 ja juoksi hienosti 22.2.2009 kilpailukokeen voittajavaljakossa tuloksen REK1.<\/p>\n<p>Buhuri jatkoi Kiimingiss\u00e4 loistavilla tuloksilla saaden k\u00e4ytt\u00f6kokeesta 14.3.2009 REK\u00c4 YLE1 pisteill\u00e4 56 ja juoksi kilpailukokeen voittajavaljakossa 15.3.2009 tuloksen REK1.<\/p>\n<p>Buhuri saavutti n\u00e4in <b>FI KVA<\/b> arvon yhden vuoden ja seitsem\u00e4n kuukauden ik\u00e4isen\u00e4.<\/p>\n<p>Buhuri palkittiin vuoden 2009 erikoisn\u00e4yttelyss\u00e4 n\u00e4yttelyn parhaista liikkeist\u00e4.<\/p>\n<p>Buhuri on SAMY:n vuoden 2009 ja 2011 valjakkokoira ja Valjakkosamojedistien vuoden 2009 ja 2011 valjakkosamojedi.<\/p>\n<p>Buhurista tuli <b>Suomen muotovalio<\/b> (<b>FI MVA)<\/b> 29.5.2010 Rovaniemell\u00e4 2 vuoden 9 kuukauden i\u00e4ss\u00e4. N\u00e4in Hangenhelmen kenneliin leivottiin toinen kaksoisvalio.<\/p>\n<p>Buhuri teki historiaa 8.2.2015, kun se juoksi ensimm\u00e4isen\u00e4 suomalaisena samojedina DP10-matkan hyv\u00e4ksytysti ja valioitui kes\u00e4ll\u00e4 2014 saamallaan sertill\u00e4 <strong>Ruotsin muotovalioksi (SE MVA)<\/strong>.<\/p>\n<p>Buhurilla on <strong>17 REK1 -tulosta<\/strong>, 3 REK2 -tulosta ja kaksi REK\u00c4-YLE1 tulosta.<\/p>\n<p>&nbsp;<\/p>\n<p>Buhurin luonnetestin tulos lokakuulta 2010<\/p>\n<table width=\"50%\" cellspacing=\"2\" cellpadding=\"3\">\n<tbody>\n<tr>\n<td width=\"20%\">I Toimintakyky<\/td>\n<td width=\"20%\">+2<\/td>\n<\/tr>\n<tr>\n<td width=\"20%\">II Ter\u00e4vyys<\/td>\n<td width=\"20%\">+1<\/td>\n<\/tr>\n<tr>\n<td width=\"20%\">III Puolustushalu<\/td>\n<td width=\"20%\">+1<\/td>\n<\/tr>\n<tr>\n<td width=\"20%\">IV Taisteluhalu<\/td>\n<td width=\"20%\">+2<\/td>\n<\/tr>\n<tr>\n<td width=\"20%\">V Hermorakenne<\/td>\n<td width=\"20%\">+1<\/td>\n<\/tr>\n<tr>\n<td width=\"20%\">VI Temperamentti<\/td>\n<td width=\"20%\">+2<\/td>\n<\/tr>\n<tr>\n<td width=\"20%\">VII Kovuus<\/td>\n<td width=\"20%\">+3<\/td>\n<\/tr>\n<tr>\n<td width=\"20%\">VIII Luoksep\u00e4\u00e4st\u00e4vyys<\/td>\n<td width=\"20%\">+3<\/td>\n<\/tr>\n<tr>\n<td width=\"20%\">Laukaisupelottomuus<\/td>\n<td width=\"20%\">+++<\/td>\n<\/tr>\n<tr>\n<td width=\"20%\">Pisteet yhteens\u00e4<\/td>\n<td width=\"20%\">236<\/td>\n<\/tr>\n<\/tbody>\n<\/table>\n","protected":false},"excerpt":{"rendered":"<p>FI &amp; SE MVA FI KVA Hangenhelmen Buhuri virallinen nimi Hangenhelmen Buhuri lonkat A\/A kutsumanimi Buhuri silm\u00e4t OK (9.1.2014) Syntym\u00e4aika 10.8.2007 Sukupuoli Uros Buhurin koti ei alkuper\u00e4isten suunnitelmiemme mukaan pit\u00e4nyt l\u00f6yty\u00e4 kotikennelist\u00e4. Valjakkoharrastus ja haave oman valjakon kasvattamisesta johtivat lopuksi &hellip; <a href=\"https:\/\/hangenhelmen.net\/?page_id=34\">Lue loppuun <span class=\"meta-nav\">&rarr;<\/span><\/a><\/p>\n","protected":false},"author":1,"featured_media":0,"parent":0,"menu_order":0,"comment_status":"closed","ping_status":"closed","template":"","meta":[],"_links":{"self":[{"href":"https:\/\/hangenhelmen.net\/index.php?rest_route=\/wp\/v2\/pages\/34"}],"collection":[{"href":"https:\/\/hangenhelmen.net\/index.php?rest_route=\/wp\/v2\/pages"}],"about":[{"href":"https:\/\/hangenhelmen.net\/index.php?rest_route=\/wp\/v2\/types\/page"}],"author":[{"embeddable":true,"href":"https:\/\/hangenhelmen.net\/index.php?rest_route=\/wp\/v2\/users\/1"}],"replies":[{"embeddable":true,"href":"https:\/\/hangenhelmen.net\/index.php?rest_route=%2Fwp%2Fv2%2Fcomments&post=34"}],"version-history":[{"count":17,"href":"https:\/\/hangenhelmen.net\/index.php?rest_route=\/wp\/v2\/pages\/34\/revisions"}],"predecessor-version":[{"id":776,"href":"https:\/\/hangenhelmen.net\/index.php?rest_route=\/wp\/v2\/pages\/34\/revisions\/776"}],"wp:attachment":[{"href":"https:\/\/hangenhelmen.net\/index.php?rest_route=%2Fwp%2Fv2%2Fmedia&parent=34"}],"curies":[{"name":"wp","href":"https:\/\/api.w.org\/{rel}","templated":true}]}}