{"id":41,"date":"2013-09-08T14:10:35","date_gmt":"2013-09-08T11:10:35","guid":{"rendered":"http:\/\/hangenhelmen.net\/wordpress\/?page_id=41"},"modified":"2016-05-14T22:11:29","modified_gmt":"2016-05-14T19:11:29","slug":"vauhtitassun-i-mandra","status":"publish","type":"page","link":"https:\/\/hangenhelmen.net\/?page_id=41","title":{"rendered":"Vauhtitassun I-Mandra"},"content":{"rendered":"<h2><\/h2>\n<h1 style=\"text-align: center;\">FI KVA Vauhtitassun I-Mandra<\/h1>\n<h2><\/h2>\n<h2><\/h2>\n<p><a href=\"http:\/\/hangenhelmen.net\/wp-content\/uploads\/2013\/09\/mantra-07-291x3001.jpg\"><img decoding=\"async\" loading=\"lazy\" class=\" size-full wp-image-75 alignnone\" src=\"http:\/\/hangenhelmen.net\/wp-content\/uploads\/2013\/09\/mantra-07-291x3001.jpg\" alt=\"mantra-07-291x300\" width=\"291\" height=\"300\" \/><\/a><a href=\"http:\/\/hangenhelmen.net\/wp-content\/uploads\/2013\/09\/Mantra11.jpg\"><img decoding=\"async\" loading=\"lazy\" class=\"alignnone size-medium wp-image-164\" src=\"http:\/\/hangenhelmen.net\/wp-content\/uploads\/2013\/09\/Mantra11-207x300.jpg\" alt=\"Mantra1\" width=\"207\" height=\"300\" srcset=\"https:\/\/hangenhelmen.net\/wp-content\/uploads\/2013\/09\/Mantra11-207x300.jpg 207w, https:\/\/hangenhelmen.net\/wp-content\/uploads\/2013\/09\/Mantra11-708x1024.jpg 708w, https:\/\/hangenhelmen.net\/wp-content\/uploads\/2013\/09\/Mantra11.jpg 1080w\" sizes=\"(max-width: 207px) 100vw, 207px\" \/><\/a><\/p>\n<table style=\"border: 0px solid #999;\" width=\"98%\" cellspacing=\"1\" cellpadding=\"5\">\n<tbody>\n<tr>\n<td bgcolor=\"#cccccc\" width=\"20%\"><b>virallinen nimi<\/b><\/td>\n<td bgcolor=\"#ffffff\" width=\"30%\">Vauhtitassun I-Mandra<\/td>\n<td bgcolor=\"#cccccc\" width=\"20%\"><b>lonkat<\/b><\/td>\n<td bgcolor=\"#ffffff\" width=\"30%\">B\/C<\/td>\n<\/tr>\n<tr>\n<td bgcolor=\"#cccccc\" width=\"20%\"><b>kutsumanimi<\/b><\/td>\n<td bgcolor=\"#ffffff\" width=\"30%\">Mantra<\/td>\n<td bgcolor=\"#cccccc\" width=\"20%\"><b>silm\u00e4t<\/b><\/td>\n<td bgcolor=\"#ffffff\" width=\"30%\">OK (11.12.2008)<\/td>\n<\/tr>\n<tr>\n<td bgcolor=\"#cccccc\" width=\"20%\"><b>Syntym\u00e4aika<\/b><\/td>\n<td bgcolor=\"#ffffff\" width=\"30%\">24.5.2004<\/td>\n<td bgcolor=\"#cccccc\" width=\"20%\"><b>Sukupuoli<\/b><\/td>\n<td bgcolor=\"#ffffff\" width=\"30%\">Narttu<\/td>\n<\/tr>\n<\/tbody>\n<\/table>\n<p>Mantra on meid\u00e4n perheen &#8221;huiskuh\u00e4nt\u00e4&#8221;. Tehd\u00e4\u00e4np\u00e4 sitten mit\u00e4 tahansa on Mantra aina valmis leikkiin. Mantra haluaa kuulua laumaan ja pysyykin kuuliaisesti pihassa ilman talutintakin. Mantran kanssa on k\u00e4yty n\u00e4yttelyiss\u00e4 ja toimii toisen valjakkomme johtajakoirana. Viimeisimm\u00e4n johtajakoiran suorituksen Mantra teki viel\u00e4 k\u00e4ytt\u00f6koevaljakossa 5.3.2016 11 vuoden ja 9 kuukauden i\u00e4ss\u00e4. Mantra on periytt\u00e4nyt vetohaluja my\u00f6s j\u00e4lkikasvulleen. Osoituksena t\u00e4st\u00e4 on, ett\u00e4 Mantran viidest\u00e4 pennusta kolme on jo 2,5 vuoden i\u00e4ss\u00e4 k\u00e4ytt\u00f6valioita.<\/p>\n<p>Mantra on mukana kaverikoiratoiminnassa.<\/p>\n<p>Mantra on kennelimme B ja D-pentueiden em\u00e4. B-pentueesta kotikenneliin j\u00e4i Buhuri\u00a0 ja D-pentueesta Tihku.<\/p>\n<p>&nbsp;<\/p>\n<h2>Saavutukset<\/h2>\n<p>SAMY ry:n Vuoden Valjakkokoira 2008 ja 2009 pistelaskussa 2. sijalla ollen nartuista paras ja Valjakkosamojedit ry:n Vuoden valjakkosamojedi kilpailun toinen.<\/p>\n<p>Mantralla on k\u00e4ytt\u00f6kokeesta tulos <b>REK\u00c4 JOH1 pisteill\u00e4 54\/60<\/b> ja kilpailukokeista <b>REK1<\/b>.<\/p>\n<p>Mantrasta tuli <b>Suomen k\u00e4ytt\u00f6valio<\/b> 26.3.2009.<\/p>\n<p><a href=\"http:\/\/jalostus.kennelliitto.fi\/frmKoira.aspx?RekNo=FIN32916%2F04&amp;R=212\" target=\"_blank\">\u00a0Mantra koiranetiss\u00e4 <\/a><\/p>\n<h3>Mantran luonnetestin tulos toukokuulta 2008<\/h3>\n<table width=\"50%\" cellspacing=\"2\" cellpadding=\"3\">\n<tbody>\n<tr>\n<td width=\"20%\">I Toimintakyky<\/td>\n<td width=\"20%\">+2<\/td>\n<\/tr>\n<tr>\n<td width=\"20%\">II Ter\u00e4vyys<\/td>\n<td width=\"20%\">+1<\/td>\n<\/tr>\n<tr>\n<td width=\"20%\">III Puolustushalu<\/td>\n<td width=\"20%\">+1<\/td>\n<\/tr>\n<tr>\n<td width=\"20%\">IV Taisteluhalu<\/td>\n<td width=\"20%\">-1<\/td>\n<\/tr>\n<tr>\n<td width=\"20%\">V Hermorakenne<\/td>\n<td width=\"20%\">+2<\/td>\n<\/tr>\n<tr>\n<td width=\"20%\">VI Temperamentti<\/td>\n<td width=\"20%\">+3<\/td>\n<\/tr>\n<tr>\n<td width=\"20%\">VII Kovuus<\/td>\n<td width=\"20%\">+3<\/td>\n<\/tr>\n<tr>\n<td width=\"20%\">VIII Luoksep\u00e4\u00e4st\u00e4vyys<\/td>\n<td width=\"20%\">+3<\/td>\n<\/tr>\n<tr>\n<td width=\"20%\">Laukaisupelottomuus<\/td>\n<td width=\"20%\">+++<\/td>\n<\/tr>\n<tr>\n<td width=\"20%\">Pisteet yhteens\u00e4<\/td>\n<td width=\"20%\">206<\/td>\n<\/tr>\n<\/tbody>\n<\/table>\n","protected":false},"excerpt":{"rendered":"<p>FI KVA Vauhtitassun I-Mandra virallinen nimi Vauhtitassun I-Mandra lonkat B\/C kutsumanimi Mantra silm\u00e4t OK (11.12.2008) Syntym\u00e4aika 24.5.2004 Sukupuoli Narttu Mantra on meid\u00e4n perheen &#8221;huiskuh\u00e4nt\u00e4&#8221;. Tehd\u00e4\u00e4np\u00e4 sitten mit\u00e4 tahansa on Mantra aina valmis leikkiin. Mantra haluaa kuulua laumaan ja pysyykin kuuliaisesti &hellip; <a href=\"https:\/\/hangenhelmen.net\/?page_id=41\">Lue loppuun <span class=\"meta-nav\">&rarr;<\/span><\/a><\/p>\n","protected":false},"author":1,"featured_media":0,"parent":0,"menu_order":0,"comment_status":"closed","ping_status":"closed","template":"","meta":[],"_links":{"self":[{"href":"https:\/\/hangenhelmen.net\/index.php?rest_route=\/wp\/v2\/pages\/41"}],"collection":[{"href":"https:\/\/hangenhelmen.net\/index.php?rest_route=\/wp\/v2\/pages"}],"about":[{"href":"https:\/\/hangenhelmen.net\/index.php?rest_route=\/wp\/v2\/types\/page"}],"author":[{"embeddable":true,"href":"https:\/\/hangenhelmen.net\/index.php?rest_route=\/wp\/v2\/users\/1"}],"replies":[{"embeddable":true,"href":"https:\/\/hangenhelmen.net\/index.php?rest_route=%2Fwp%2Fv2%2Fcomments&post=41"}],"version-history":[{"count":14,"href":"https:\/\/hangenhelmen.net\/index.php?rest_route=\/wp\/v2\/pages\/41\/revisions"}],"predecessor-version":[{"id":780,"href":"https:\/\/hangenhelmen.net\/index.php?rest_route=\/wp\/v2\/pages\/41\/revisions\/780"}],"wp:attachment":[{"href":"https:\/\/hangenhelmen.net\/index.php?rest_route=%2Fwp%2Fv2%2Fmedia&parent=41"}],"curies":[{"name":"wp","href":"https:\/\/api.w.org\/{rel}","templated":true}]}}