{"id":43,"date":"2013-09-08T14:10:55","date_gmt":"2013-09-08T11:10:55","guid":{"rendered":"http:\/\/hangenhelmen.net\/wordpress\/?page_id=43"},"modified":"2016-05-14T22:08:28","modified_gmt":"2016-05-14T19:08:28","slug":"hangenhelmen-dihku","status":"publish","type":"page","link":"https:\/\/hangenhelmen.net\/?page_id=43","title":{"rendered":"Hangenhelmen Dihku"},"content":{"rendered":"<h2><\/h2>\n<h2>\u00a0Hangenhelmen Dihku<\/h2>\n<p><a href=\"http:\/\/hangenhelmen.net\/wp-content\/uploads\/2013\/09\/Tihku-kevat11.jpg\"><img decoding=\"async\" loading=\"lazy\" class=\"alignnone wp-image-24\" src=\"http:\/\/hangenhelmen.net\/wp-content\/uploads\/2013\/09\/Tihku-kevat11-278x300.jpg\" alt=\"Tihku kevat11\" width=\"231\" height=\"249\" srcset=\"https:\/\/hangenhelmen.net\/wp-content\/uploads\/2013\/09\/Tihku-kevat11-278x300.jpg 278w, https:\/\/hangenhelmen.net\/wp-content\/uploads\/2013\/09\/Tihku-kevat11.jpg 300w\" sizes=\"(max-width: 231px) 100vw, 231px\" \/><\/a><a href=\"http:\/\/hangenhelmen.net\/wp-content\/uploads\/2013\/09\/Tihku3.jpg\"><img decoding=\"async\" loading=\"lazy\" class=\"alignnone wp-image-189\" src=\"http:\/\/hangenhelmen.net\/wp-content\/uploads\/2013\/09\/Tihku3-144x300.jpg\" alt=\"Tihku3\" width=\"120\" height=\"250\" srcset=\"https:\/\/hangenhelmen.net\/wp-content\/uploads\/2013\/09\/Tihku3-144x300.jpg 144w, https:\/\/hangenhelmen.net\/wp-content\/uploads\/2013\/09\/Tihku3-493x1024.jpg 493w, https:\/\/hangenhelmen.net\/wp-content\/uploads\/2013\/09\/Tihku3.jpg 1152w\" sizes=\"(max-width: 120px) 100vw, 120px\" \/><\/a><a href=\"http:\/\/hangenhelmen.net\/wp-content\/uploads\/2013\/09\/Tihku2.jpg\"><img decoding=\"async\" loading=\"lazy\" class=\"alignnone wp-image-179\" src=\"http:\/\/hangenhelmen.net\/wp-content\/uploads\/2013\/09\/Tihku2-247x300.jpg\" alt=\"Tihku2\" width=\"207\" height=\"251\" srcset=\"https:\/\/hangenhelmen.net\/wp-content\/uploads\/2013\/09\/Tihku2-247x300.jpg 247w, https:\/\/hangenhelmen.net\/wp-content\/uploads\/2013\/09\/Tihku2-846x1024.jpg 846w, https:\/\/hangenhelmen.net\/wp-content\/uploads\/2013\/09\/Tihku2.jpg 1859w\" sizes=\"(max-width: 207px) 100vw, 207px\" \/><\/a><a href=\"http:\/\/hangenhelmen.net\/wp-content\/uploads\/2013\/09\/tihku.jpg\"><img decoding=\"async\" loading=\"lazy\" class=\"alignnone wp-image-241\" src=\"http:\/\/hangenhelmen.net\/wp-content\/uploads\/2013\/09\/tihku.jpg\" alt=\"tihku\" width=\"565\" height=\"409\" srcset=\"https:\/\/hangenhelmen.net\/wp-content\/uploads\/2013\/09\/tihku.jpg 800w, https:\/\/hangenhelmen.net\/wp-content\/uploads\/2013\/09\/tihku-300x217.jpg 300w\" sizes=\"(max-width: 565px) 100vw, 565px\" \/><\/a><\/p>\n<table style=\"border: 0px solid #999;\" width=\"98%\" cellspacing=\"1\" cellpadding=\"5\">\n<tbody>\n<tr>\n<td bgcolor=\"#cccccc\" width=\"20%\"><b>virallinen nimi<\/b><\/td>\n<td bgcolor=\"#ffffff\" width=\"30%\">Hangenhelmen Dihku<\/td>\n<td bgcolor=\"#cccccc\" width=\"20%\"><b>lonkat<\/b><\/td>\n<td bgcolor=\"#ffffff\" width=\"30%\">C\/C<\/td>\n<\/tr>\n<tr>\n<td bgcolor=\"#cccccc\" width=\"20%\"><b>kutsumanimi<\/b><\/td>\n<td bgcolor=\"#ffffff\" width=\"30%\">Tihku<\/td>\n<td bgcolor=\"#cccccc\" width=\"20%\"><b>silm\u00e4t<\/b><\/td>\n<td bgcolor=\"#ffffff\" width=\"30%\">OK (15.4.2015)<\/td>\n<\/tr>\n<tr>\n<td bgcolor=\"#cccccc\" width=\"20%\"><b>Syntym\u00e4aika<\/b><\/td>\n<td bgcolor=\"#ffffff\" width=\"30%\">12.7.2010<\/td>\n<td bgcolor=\"#cccccc\" width=\"20%\"><b>Sukupuoli<\/b><\/td>\n<td bgcolor=\"#ffffff\" width=\"30%\">Narttu<\/td>\n<\/tr>\n<\/tbody>\n<\/table>\n<p>Tihku j\u00e4i kotikenneliin valjakoiden tulevaksi uudeksi j\u00e4seneksi. Pentueesta Tihku valikoitui perheeseemme luonteensa vuoksi.\u00a0\u00a0Ihanaisesta Tihkusta on kehittynyt\u00a0 hieno johtajakoira valjakkoomme.<\/p>\n<p>Tihku on luonteeltaan vilkas ja sosiaalinen. Tihku onkin saanut opettaa valjakossa uusille johtajille valjakkoty\u00f6skentely\u00e4. Valjakossa Tihkulla on aina sata lasissa ty\u00f6skentelypaikasta riippumatta.<\/p>\n<p>Tihku on H-pentueemme em\u00e4.<\/p>\n<h2>Saavutukset<\/h2>\n<p>Tihku on SAMY:n vuoden 2012 valjakkokoira ja Valjakkosamojedistien vuoden 2012 valjakkosamojedi.<\/p>\n<p>Tihkulla on 10 REK1-tulosta ja kolme REK2-tulosta. Lis\u00e4ksi vilkkaalla Tihkulla on REK\u00c4-JOH2- ja REK\u00c4-YLE1-tulokset.<\/p>\n<p><a href=\"http:\/\/jalostus.kennelliitto.fi\/frmKoira.aspx?RekNo=FI46170\/10&amp;R=212\" target=\"_blank\">Tihku koiranetiss\u00e4<\/a><\/p>\n","protected":false},"excerpt":{"rendered":"<p>\u00a0Hangenhelmen Dihku virallinen nimi Hangenhelmen Dihku lonkat C\/C kutsumanimi Tihku silm\u00e4t OK (15.4.2015) Syntym\u00e4aika 12.7.2010 Sukupuoli Narttu Tihku j\u00e4i kotikenneliin valjakoiden tulevaksi uudeksi j\u00e4seneksi. Pentueesta Tihku valikoitui perheeseemme luonteensa vuoksi.\u00a0\u00a0Ihanaisesta Tihkusta on kehittynyt\u00a0 hieno johtajakoira valjakkoomme. Tihku on luonteeltaan vilkas &hellip; <a href=\"https:\/\/hangenhelmen.net\/?page_id=43\">Lue loppuun <span class=\"meta-nav\">&rarr;<\/span><\/a><\/p>\n","protected":false},"author":1,"featured_media":0,"parent":0,"menu_order":0,"comment_status":"closed","ping_status":"closed","template":"","meta":[],"_links":{"self":[{"href":"https:\/\/hangenhelmen.net\/index.php?rest_route=\/wp\/v2\/pages\/43"}],"collection":[{"href":"https:\/\/hangenhelmen.net\/index.php?rest_route=\/wp\/v2\/pages"}],"about":[{"href":"https:\/\/hangenhelmen.net\/index.php?rest_route=\/wp\/v2\/types\/page"}],"author":[{"embeddable":true,"href":"https:\/\/hangenhelmen.net\/index.php?rest_route=\/wp\/v2\/users\/1"}],"replies":[{"embeddable":true,"href":"https:\/\/hangenhelmen.net\/index.php?rest_route=%2Fwp%2Fv2%2Fcomments&post=43"}],"version-history":[{"count":17,"href":"https:\/\/hangenhelmen.net\/index.php?rest_route=\/wp\/v2\/pages\/43\/revisions"}],"predecessor-version":[{"id":777,"href":"https:\/\/hangenhelmen.net\/index.php?rest_route=\/wp\/v2\/pages\/43\/revisions\/777"}],"wp:attachment":[{"href":"https:\/\/hangenhelmen.net\/index.php?rest_route=%2Fwp%2Fv2%2Fmedia&parent=43"}],"curies":[{"name":"wp","href":"https:\/\/api.w.org\/{rel}","templated":true}]}}