{"id":45,"date":"2013-09-08T14:11:15","date_gmt":"2013-09-08T11:11:15","guid":{"rendered":"http:\/\/hangenhelmen.net\/wordpress\/?page_id=45"},"modified":"2020-05-09T15:51:34","modified_gmt":"2020-05-09T12:51:34","slug":"hangenhelmen-felmu","status":"publish","type":"page","link":"https:\/\/hangenhelmen.net\/?page_id=45","title":{"rendered":"Hangenhelmen Felmu"},"content":{"rendered":"<h1 style=\"text-align: center;\">FI MVA FI KVA Hangenhelmen Felmu<\/h1>\n<p>[ngg src=&#8221;galleries&#8221; ids=&#8221;19&#8243; display=&#8221;basic_slideshow&#8221;]<\/p>\n<table style=\"border: 0px solid #999;\" width=\"98%\" cellspacing=\"1\" cellpadding=\"5\">\n<tbody>\n<tr>\n<td bgcolor=\"#cccccc\" width=\"20%\"><b>virallinen nimi<\/b><\/td>\n<td bgcolor=\"#ffffff\" width=\"30%\">Hangenhelmen Felmu<\/td>\n<td bgcolor=\"#cccccc\" width=\"20%\"><b>lonkat<\/b><\/td>\n<td bgcolor=\"#ffffff\" width=\"30%\">A\/A<\/td>\n<\/tr>\n<tr>\n<td bgcolor=\"#cccccc\" width=\"20%\"><b>kutsumanimi<\/b><\/td>\n<td bgcolor=\"#ffffff\" width=\"30%\">Velmu<\/td>\n<td bgcolor=\"#cccccc\" width=\"20%\"><b>silm\u00e4t<\/b><\/td>\n<td bgcolor=\"#ffffff\" width=\"30%\">OK (22.3.2016)<\/td>\n<\/tr>\n<tr>\n<td bgcolor=\"#cccccc\" width=\"20%\"><b>Syntym\u00e4aika<\/b><\/td>\n<td bgcolor=\"#ffffff\" width=\"30%\">3.8.2012<\/td>\n<td bgcolor=\"#cccccc\" width=\"20%\"><b>Sukupuoli<\/b><\/td>\n<td bgcolor=\"#ffffff\" width=\"30%\">Uros<\/td>\n<\/tr>\n<\/tbody>\n<\/table>\n<p>Velmu on komea ja kiltti uros, joka on osoittanut paikkansa valjakon johtajana jo ensimm\u00e4isen\u00e4 talvenaan. Velmu on vahvahermoinen ja periksiantamaton ty\u00f6skentelij\u00e4 valjakossa ja todella miellytt\u00e4v\u00e4luonteinen koira kotioloissa.<\/p>\n<p>Velmu on aloittanut n\u00e4yttelyuransa todella hienosti ja valioitui (<strong>FI MVA<\/strong>) jo toisessa yli kaksi vuotiaana k\u00e4ym\u00e4ss\u00e4\u00e4n n\u00e4yttelyss\u00e4 23.5.2015.<\/p>\n<p>Valjakossa Velmu on osoittautunut hyv\u00e4ksi johtajakoiraksi. Velmulla on Suomesta useita REK1 tuloksia. Velmu on suorittanut my\u00f6s hyv\u00e4ksytyn tuloksen Ruotsista DP60-matkalta (2&#215;30 km), sek\u00e4 sprintilt\u00e4. K\u00e4ytt\u00f6valionkin arvo napsahti kohdille jo hieman kypsemm\u00e4ll\u00e4 i\u00e4ll\u00e4, JOH1 tuloksella.<\/p>\n<p><a href=\"http:\/\/jalostus.kennelliitto.fi\/frmKoira.aspx?RekNo=FI47395\/12&amp;R=212\">Velmu koiranetiss\u00e4<\/a><\/p>\n<p>&nbsp;<\/p>\n","protected":false},"excerpt":{"rendered":"<p>FI MVA FI KVA Hangenhelmen Felmu [ngg src=&#8221;galleries&#8221; ids=&#8221;19&#8243; display=&#8221;basic_slideshow&#8221;] virallinen nimi Hangenhelmen Felmu lonkat A\/A kutsumanimi Velmu silm\u00e4t OK (22.3.2016) Syntym\u00e4aika 3.8.2012 Sukupuoli Uros Velmu on komea ja kiltti uros, joka on osoittanut paikkansa valjakon johtajana jo ensimm\u00e4isen\u00e4 talvenaan. &hellip; <a href=\"https:\/\/hangenhelmen.net\/?page_id=45\">Lue loppuun <span class=\"meta-nav\">&rarr;<\/span><\/a><\/p>\n","protected":false},"author":1,"featured_media":0,"parent":0,"menu_order":0,"comment_status":"closed","ping_status":"closed","template":"","meta":[],"_links":{"self":[{"href":"https:\/\/hangenhelmen.net\/index.php?rest_route=\/wp\/v2\/pages\/45"}],"collection":[{"href":"https:\/\/hangenhelmen.net\/index.php?rest_route=\/wp\/v2\/pages"}],"about":[{"href":"https:\/\/hangenhelmen.net\/index.php?rest_route=\/wp\/v2\/types\/page"}],"author":[{"embeddable":true,"href":"https:\/\/hangenhelmen.net\/index.php?rest_route=\/wp\/v2\/users\/1"}],"replies":[{"embeddable":true,"href":"https:\/\/hangenhelmen.net\/index.php?rest_route=%2Fwp%2Fv2%2Fcomments&post=45"}],"version-history":[{"count":27,"href":"https:\/\/hangenhelmen.net\/index.php?rest_route=\/wp\/v2\/pages\/45\/revisions"}],"predecessor-version":[{"id":1905,"href":"https:\/\/hangenhelmen.net\/index.php?rest_route=\/wp\/v2\/pages\/45\/revisions\/1905"}],"wp:attachment":[{"href":"https:\/\/hangenhelmen.net\/index.php?rest_route=%2Fwp%2Fv2%2Fmedia&parent=45"}],"curies":[{"name":"wp","href":"https:\/\/api.w.org\/{rel}","templated":true}]}}