{"id":51,"date":"2013-09-08T14:13:36","date_gmt":"2013-09-08T11:13:36","guid":{"rendered":"http:\/\/hangenhelmen.net\/wordpress\/?page_id=51"},"modified":"2018-05-01T16:58:08","modified_gmt":"2018-05-01T13:58:08","slug":"pentueet","status":"publish","type":"page","link":"https:\/\/hangenhelmen.net\/?page_id=51","title":{"rendered":"Pentueet"},"content":{"rendered":"<h1 style=\"text-align: center;\">Hangenhelmen pentueet<\/h1>\n<table width=\"100%\" border=\"0\">\n<tbody>\n<tr>\n<td width=\"100%\">&nbsp;<\/td>\n<\/tr>\n<tr>\n<td width=\"100%\">\n<table width=\"100%\" border=\"0\">\n<tbody>\n<tr>\n<td width=\"32%\">\n<h2 style=\"text-align: right;\">J-pentue<\/h2>\n<\/td>\n<td width=\"68%\">\n<p style=\"text-align: left;\" align=\"center\">15.6.2017 syntyi 7 poikaa ja 1 tytt\u00f6<\/p>\n<\/td>\n<\/tr>\n<\/tbody>\n<\/table>\n<\/td>\n<\/tr>\n<tr>\n<td width=\"100%\">\n<table width=\"100%\" border=\"0\">\n<tbody>\n<tr>\n<td width=\"50%\"><img decoding=\"async\" loading=\"lazy\" class=\"wp-image-1316 alignright\" src=\"http:\/\/hangenhelmen.net\/wp-content\/uploads\/2013\/09\/Noki-1-1024x699.jpg\" alt=\"Noki\" width=\"358\" height=\"245\" srcset=\"https:\/\/hangenhelmen.net\/wp-content\/uploads\/2013\/09\/Noki-1-1024x699.jpg 1024w, https:\/\/hangenhelmen.net\/wp-content\/uploads\/2013\/09\/Noki-1-300x205.jpg 300w, https:\/\/hangenhelmen.net\/wp-content\/uploads\/2013\/09\/Noki-1-768x524.jpg 768w, https:\/\/hangenhelmen.net\/wp-content\/uploads\/2013\/09\/Noki-1.jpg 2048w\" sizes=\"(max-width: 358px) 100vw, 358px\" \/><\/td>\n<td width=\"50%\"><img decoding=\"async\" loading=\"lazy\" class=\"wp-image-264 alignnone\" src=\"http:\/\/hangenhelmen.net\/wp-content\/uploads\/2015\/07\/filja-300x287.jpg\" alt=\"filja\" width=\"255\" height=\"244\" srcset=\"https:\/\/hangenhelmen.net\/wp-content\/uploads\/2015\/07\/filja-300x287.jpg 300w, https:\/\/hangenhelmen.net\/wp-content\/uploads\/2015\/07\/filja.jpg 1000w\" sizes=\"(max-width: 255px) 100vw, 255px\" \/><\/td>\n<\/tr>\n<\/tbody>\n<\/table>\n<\/td>\n<\/tr>\n<tr>\n<td width=\"100%\">\n<table width=\"100%\" border=\"0\">\n<tbody>\n<tr>\n<td width=\"50%\">\n<p style=\"text-align: right;\" align=\"center\">C.I.B, NO &amp; FI MVA <a href=\"http:\/\/jalostus.kennelliitto.fi\/frmKoira.aspx?RekNo=FI13026%2F11&amp;R=212\">Assandine&#8217;s Luminiferous<\/a><\/p>\n<\/td>\n<td width=\"50%\">\n<p style=\"text-align: left;\" align=\"center\">SM-REK-4-16 SM-REK-4-17&nbsp;<a href=\"http:\/\/jalostus.kennelliitto.fi\/frmKoira.aspx?RekNo=FI47391\/12&amp;R=212\">Hangenhelmen Filja<\/a><\/p>\n<\/td>\n<\/tr>\n<\/tbody>\n<\/table>\n<\/td>\n<\/tr>\n<tr>\n<td width=\"100%\" height=\"47\">\n<p style=\"text-align: center;\" align=\"center\"><a href=\"http:\/\/hangenhelmen.net\/?page_id=1368\">T\u00e4st\u00e4 linkist\u00e4 p\u00e4\u00e4set J-pentueen omille sivuille<\/a><\/p>\n<\/td>\n<\/tr>\n<tr>\n<td width=\"100%\" height=\"47\">&nbsp;<\/td>\n<\/tr>\n<tr>\n<td width=\"100%\">\n<table width=\"100%\" border=\"0\">\n<tbody>\n<tr>\n<td width=\"32%\">\n<h2 style=\"text-align: right;\">I-pentue<\/h2>\n<\/td>\n<td width=\"68%\">\n<p style=\"text-align: left;\" align=\"center\">8.12.2016 syntyi 2 poikaa ja 4 tytt\u00f6\u00e4<\/p>\n<\/td>\n<\/tr>\n<\/tbody>\n<\/table>\n<\/td>\n<\/tr>\n<tr>\n<td width=\"100%\">\n<table width=\"100%\" border=\"0\">\n<tbody>\n<tr>\n<td width=\"50%\"><img decoding=\"async\" loading=\"lazy\" class=\"aligncenter wp-image-1012 \" src=\"http:\/\/hangenhelmen.net\/wp-content\/uploads\/2013\/09\/Leevi.jpg\" alt=\"leevi\" width=\"309\" height=\"174\" srcset=\"https:\/\/hangenhelmen.net\/wp-content\/uploads\/2013\/09\/Leevi.jpg 576w, https:\/\/hangenhelmen.net\/wp-content\/uploads\/2013\/09\/Leevi-300x169.jpg 300w\" sizes=\"(max-width: 309px) 100vw, 309px\" \/><\/td>\n<td width=\"50%\"><img decoding=\"async\" loading=\"lazy\" class=\"aligncenter size-full wp-image-785\" src=\"http:\/\/hangenhelmen.net\/wp-content\/uploads\/2013\/09\/FI-KVA-Kjeborgs-Only-Ruby.jpg\" alt=\"FI KVA Kjeborg's Only Ruby\" width=\"1000\" height=\"943\" srcset=\"https:\/\/hangenhelmen.net\/wp-content\/uploads\/2013\/09\/FI-KVA-Kjeborgs-Only-Ruby.jpg 1000w, https:\/\/hangenhelmen.net\/wp-content\/uploads\/2013\/09\/FI-KVA-Kjeborgs-Only-Ruby-300x283.jpg 300w, https:\/\/hangenhelmen.net\/wp-content\/uploads\/2013\/09\/FI-KVA-Kjeborgs-Only-Ruby-768x724.jpg 768w\" sizes=\"(max-width: 1000px) 100vw, 1000px\" \/><\/td>\n<\/tr>\n<\/tbody>\n<\/table>\n<\/td>\n<\/tr>\n<tr>\n<td width=\"100%\">\n<table width=\"100%\" border=\"0\">\n<tbody>\n<tr>\n<td width=\"50%\">\n<p style=\"text-align: right;\" align=\"center\">SM-REK-4-16 SM-REK-4-17 Hangenhelmen Fuuga<\/p>\n<\/td>\n<td width=\"50%\">\n<p style=\"text-align: left;\" align=\"center\">FI KVA Kjeborg&#8217;s Only Ruby<\/p>\n<\/td>\n<\/tr>\n<\/tbody>\n<\/table>\n<\/td>\n<\/tr>\n<tr>\n<td width=\"100%\" height=\"47\">\n<p style=\"text-align: center;\" align=\"center\"><a href=\"http:\/\/hangenhelmen.net\/?page_id=1032\">T\u00e4st\u00e4 linkist\u00e4 p\u00e4\u00e4set I-pentueen omille sivuille<\/a><\/p>\n<\/td>\n<\/tr>\n<tr>\n<td width=\"100%\" height=\"47\">&nbsp;<\/td>\n<\/tr>\n<tr>\n<td width=\"100%\">\n<table width=\"100%\" border=\"0\">\n<tbody>\n<tr>\n<td width=\"32%\">\n<h2 style=\"text-align: right;\">G-pentue<\/h2>\n<\/td>\n<td width=\"68%\">\n<p style=\"text-align: left;\" align=\"center\">8.8.2016 syntyi 3 poikaa ja 4 tytt\u00f6\u00e4<\/p>\n<\/td>\n<\/tr>\n<\/tbody>\n<\/table>\n<\/td>\n<\/tr>\n<tr>\n<td width=\"100%\">\n<table width=\"100%\" border=\"0\">\n<tbody>\n<tr>\n<td width=\"50%\"><img decoding=\"async\" loading=\"lazy\" class=\"aligncenter size-medium wp-image-618\" src=\"http:\/\/hangenhelmen.net\/wp-content\/uploads\/2013\/09\/jarrod-291x300.jpg\" alt=\"jarrod\" width=\"291\" height=\"300\" srcset=\"https:\/\/hangenhelmen.net\/wp-content\/uploads\/2013\/09\/jarrod-291x300.jpg 291w, https:\/\/hangenhelmen.net\/wp-content\/uploads\/2013\/09\/jarrod-768x791.jpg 768w, https:\/\/hangenhelmen.net\/wp-content\/uploads\/2013\/09\/jarrod.jpg 879w\" sizes=\"(max-width: 291px) 100vw, 291px\" \/><\/td>\n<td width=\"50%\"><img decoding=\"async\" loading=\"lazy\" class=\"aligncenter size-medium wp-image-619\" src=\"http:\/\/hangenhelmen.net\/wp-content\/uploads\/2013\/09\/sohvi-231x300.jpg\" alt=\"sohvi\" width=\"231\" height=\"300\" srcset=\"https:\/\/hangenhelmen.net\/wp-content\/uploads\/2013\/09\/sohvi-231x300.jpg 231w, https:\/\/hangenhelmen.net\/wp-content\/uploads\/2013\/09\/sohvi.jpg 600w\" sizes=\"(max-width: 231px) 100vw, 231px\" \/><\/td>\n<\/tr>\n<\/tbody>\n<\/table>\n<\/td>\n<\/tr>\n<tr>\n<td width=\"100%\">\n<table width=\"100%\" border=\"0\">\n<tbody>\n<tr>\n<td width=\"50%\">\n<p style=\"text-align: right;\" align=\"center\">SE MVA LU MVA VDH CH PDP Kjeborg\u2019s Irresistible Little Jarrod<\/p>\n<\/td>\n<td width=\"50%\">\n<p style=\"text-align: left;\" align=\"center\">FI KVA Hangenhelmen Chofie<\/p>\n<\/td>\n<\/tr>\n<\/tbody>\n<\/table>\n<\/td>\n<\/tr>\n<tr>\n<td width=\"100%\" height=\"47\">\n<p style=\"text-align: center;\" align=\"center\"><a href=\"http:\/\/hangenhelmen.net\/?page_id=919\">T\u00e4st\u00e4 linkist\u00e4 p\u00e4\u00e4set G-pentueen omille sivuille<\/a><\/p>\n<\/td>\n<\/tr>\n<tr>\n<td width=\"100%\" height=\"47\">&nbsp;<\/td>\n<\/tr>\n<\/tbody>\n<\/table>\n<table width=\"100%\" border=\"0\">\n<tbody>\n<tr>\n<td width=\"32%\">\n<h2 style=\"text-align: right;\">H-pentue<\/h2>\n<\/td>\n<td width=\"68%\">\n<p style=\"text-align: left;\" align=\"center\">28.10.2015 syntyi 9 poikaa<\/p>\n<\/td>\n<\/tr>\n<\/tbody>\n<\/table>\n<table width=\"100%\" border=\"0\">\n<tbody>\n<tr>\n<td width=\"50%\">&nbsp;<strong><a href=\"http:\/\/hangenhelmen.net\/wp-content\/uploads\/2013\/09\/kelmi-11.jpg\"><img decoding=\"async\" loading=\"lazy\" class=\" wp-image-235 alignright\" src=\"http:\/\/hangenhelmen.net\/wp-content\/uploads\/2013\/09\/kelmi-11-300x226.jpg\" alt=\"kelmi 11\" width=\"272\" height=\"205\" srcset=\"https:\/\/hangenhelmen.net\/wp-content\/uploads\/2013\/09\/kelmi-11-300x226.jpg 300w, https:\/\/hangenhelmen.net\/wp-content\/uploads\/2013\/09\/kelmi-11.jpg 839w\" sizes=\"(max-width: 272px) 100vw, 272px\" \/><\/a><\/strong><\/td>\n<td width=\"50%\">&nbsp;<a href=\"http:\/\/hangenhelmen.net\/wp-content\/uploads\/2013\/09\/tihku.jpg\"><img decoding=\"async\" loading=\"lazy\" class=\"alignnone size-medium wp-image-241\" src=\"http:\/\/hangenhelmen.net\/wp-content\/uploads\/2013\/09\/tihku-300x217.jpg\" alt=\"tihku\" width=\"300\" height=\"217\" srcset=\"https:\/\/hangenhelmen.net\/wp-content\/uploads\/2013\/09\/tihku-300x217.jpg 300w, https:\/\/hangenhelmen.net\/wp-content\/uploads\/2013\/09\/tihku.jpg 800w\" sizes=\"(max-width: 300px) 100vw, 300px\" \/><\/a><\/td>\n<\/tr>\n<\/tbody>\n<\/table>\n<table width=\"100%\" border=\"0\">\n<tbody>\n<tr>\n<td width=\"50%\">\n<p style=\"text-align: right;\" align=\"center\">Hangenhelmen Celmi<\/p>\n<\/td>\n<td width=\"50%\">\n<p style=\"text-align: left;\" align=\"center\">Hangenhelmen Dihku<\/p>\n<\/td>\n<\/tr>\n<\/tbody>\n<\/table>\n<p style=\"text-align: center;\" align=\"center\"><a href=\"http:\/\/hangenhelmen.net\/?page_id=555\">T\u00e4st\u00e4 linkist\u00e4 p\u00e4\u00e4set H-pentueen omille sivuille<\/a><\/p>\n<p>&nbsp;<\/p>\n<table width=\"100%\" border=\"0\">\n<tbody>\n<tr>\n<td width=\"32%\">\n<h2 style=\"text-align: right;\">F-pentue<\/h2>\n<\/td>\n<td width=\"68%\">\n<p style=\"text-align: left;\" align=\"center\">3.8.2012 syntyi 3 tytt\u00f6\u00e4 ja 5 poikaa<\/p>\n<\/td>\n<\/tr>\n<\/tbody>\n<\/table>\n<table width=\"100%\" border=\"0\">\n<tbody>\n<tr>\n<td width=\"50%\"><img decoding=\"async\" loading=\"lazy\" class=\"alignnone size-full wp-image-625\" src=\"http:\/\/hangenhelmen.net\/wp-content\/uploads\/2013\/09\/Nuuka.jpg\" alt=\"Nuuka\" width=\"290\" height=\"231\"><\/td>\n<td width=\"50%\">&nbsp;<img decoding=\"async\" loading=\"lazy\" class=\"alignnone wp-image-622\" src=\"http:\/\/hangenhelmen.net\/wp-content\/uploads\/2013\/09\/sohovi.jpg\" alt=\"sohovi\" width=\"220\" height=\"264\" srcset=\"https:\/\/hangenhelmen.net\/wp-content\/uploads\/2013\/09\/sohovi.jpg 600w, https:\/\/hangenhelmen.net\/wp-content\/uploads\/2013\/09\/sohovi-249x300.jpg 249w\" sizes=\"(max-width: 220px) 100vw, 220px\" \/><\/td>\n<\/tr>\n<\/tbody>\n<\/table>\n<table width=\"100%\" border=\"0\">\n<tbody>\n<tr>\n<td width=\"50%\">\n<p style=\"text-align: right;\" align=\"center\">FI KVA J\u00e4\u00e4helmen Iki-iloinen<\/p>\n<\/td>\n<td width=\"50%\">\n<p style=\"text-align: left;\" align=\"center\">FI KVA Hangenhelmen Chofie<\/p>\n<\/td>\n<\/tr>\n<\/tbody>\n<\/table>\n<p style=\"text-align: center;\" align=\"center\"><a href=\"http:\/\/hangenhelmen.net\/?page_id=553\">T\u00e4st\u00e4 linkist\u00e4 p\u00e4\u00e4set F-pentueen omille sivuille<\/a><\/p>\n<p>&nbsp;<\/p>\n<table width=\"100%\" border=\"0\">\n<tbody>\n<tr>\n<td width=\"32%\" valign=\"middle\" align=\"left\">\n<h2 style=\"text-align: right;\">E-pentue<\/h2>\n<\/td>\n<td width=\"68%\">\n<p style=\"text-align: left;\" align=\"center\">9.10.2011 syntyi 2 tytt\u00f6\u00e4 ja 3 poikaa<\/p>\n<\/td>\n<\/tr>\n<\/tbody>\n<\/table>\n<table width=\"100%\" border=\"0\">\n<tbody>\n<tr>\n<td width=\"50%\">&nbsp;<img decoding=\"async\" loading=\"lazy\" class=\"alignnone wp-image-627\" src=\"http:\/\/hangenhelmen.net\/wp-content\/uploads\/2013\/09\/saita.jpg\" alt=\"saita\" width=\"295\" height=\"215\" srcset=\"https:\/\/hangenhelmen.net\/wp-content\/uploads\/2013\/09\/saita.jpg 960w, https:\/\/hangenhelmen.net\/wp-content\/uploads\/2013\/09\/saita-300x218.jpg 300w, https:\/\/hangenhelmen.net\/wp-content\/uploads\/2013\/09\/saita-768x559.jpg 768w\" sizes=\"(max-width: 295px) 100vw, 295px\" \/><\/td>\n<td width=\"50%\">&nbsp;<img decoding=\"async\" loading=\"lazy\" class=\"alignnone wp-image-623\" src=\"http:\/\/hangenhelmen.net\/wp-content\/uploads\/2013\/09\/wilma.jpg\" alt=\"wilma\" width=\"259\" height=\"225\" srcset=\"https:\/\/hangenhelmen.net\/wp-content\/uploads\/2013\/09\/wilma.jpg 916w, https:\/\/hangenhelmen.net\/wp-content\/uploads\/2013\/09\/wilma-300x261.jpg 300w, https:\/\/hangenhelmen.net\/wp-content\/uploads\/2013\/09\/wilma-768x667.jpg 768w\" sizes=\"(max-width: 259px) 100vw, 259px\" \/><\/td>\n<\/tr>\n<tr>\n<td width=\"50%\">\n<p style=\"text-align: right;\" align=\"center\">Helminauhan L\u00f6ylyn Henki<\/p>\n<\/td>\n<td width=\"50%\">\n<p style=\"text-align: left;\" align=\"center\">FI KVA Hangenhelmen Brimadonna<\/p>\n<\/td>\n<\/tr>\n<\/tbody>\n<\/table>\n<p style=\"text-align: center;\" align=\"center\"><a href=\"http:\/\/hangenhelmen.net\/?page_id=551\">T\u00e4st\u00e4 linkist\u00e4 p\u00e4\u00e4set E-pentueen omille sivuille<\/a><\/p>\n<p>&nbsp;<\/p>\n<table width=\"100%\" border=\"0\">\n<tbody>\n<tr>\n<td width=\"100%\" height=\"47\">\n<table width=\"100%\" border=\"0\">\n<tbody>\n<tr>\n<td width=\"32%\" valign=\"middle\" align=\"left\">\n<h2 style=\"text-align: right;\">D-pentue<\/h2>\n<\/td>\n<td width=\"68%\">\n<p style=\"text-align: left;\" align=\"center\">12.7.2010 syntyi 3 tytt\u00f6\u00e4 ja 2 poikaa<\/p>\n<\/td>\n<\/tr>\n<\/tbody>\n<\/table>\n<\/td>\n<\/tr>\n<tr>\n<td width=\"100%\" height=\"236\">\n<table width=\"100%\" border=\"0\">\n<tbody>\n<tr>\n<td width=\"50%\">&nbsp;<img decoding=\"async\" loading=\"lazy\" class=\"alignnone size-medium wp-image-630\" src=\"http:\/\/hangenhelmen.net\/wp-content\/uploads\/2013\/09\/aura-300x245.jpg\" alt=\"aura\" width=\"300\" height=\"245\" srcset=\"https:\/\/hangenhelmen.net\/wp-content\/uploads\/2013\/09\/aura-300x245.jpg 300w, https:\/\/hangenhelmen.net\/wp-content\/uploads\/2013\/09\/aura-768x628.jpg 768w, https:\/\/hangenhelmen.net\/wp-content\/uploads\/2013\/09\/aura-1024x838.jpg 1024w, https:\/\/hangenhelmen.net\/wp-content\/uploads\/2013\/09\/aura.jpg 1529w\" sizes=\"(max-width: 300px) 100vw, 300px\" \/><\/td>\n<td width=\"50%\">&nbsp;<img decoding=\"async\" loading=\"lazy\" class=\"alignnone wp-image-20\" src=\"http:\/\/hangenhelmen.net\/wp-content\/uploads\/2013\/09\/mantra-07.jpg\" alt=\"mantra 07\" width=\"235\" height=\"241\" srcset=\"https:\/\/hangenhelmen.net\/wp-content\/uploads\/2013\/09\/mantra-07.jpg 600w, https:\/\/hangenhelmen.net\/wp-content\/uploads\/2013\/09\/mantra-07-291x300.jpg 291w\" sizes=\"(max-width: 235px) 100vw, 235px\" \/><\/td>\n<\/tr>\n<tr>\n<td width=\"50%\">\n<p style=\"text-align: right;\" align=\"center\">Omenapuun Lumiaura<\/p>\n<\/td>\n<td width=\"50%\">\n<p style=\"text-align: left;\" align=\"center\">FI KVA Vauhtitassun I-Mandra<\/p>\n<\/td>\n<\/tr>\n<\/tbody>\n<\/table>\n<\/td>\n<\/tr>\n<tr>\n<td width=\"100%\" height=\"23\">\n<p style=\"text-align: center;\" align=\"center\"><a href=\"http:\/\/hangenhelmen.net\/?page_id=549\">T\u00e4st\u00e4 linkist\u00e4 p\u00e4\u00e4set D-pentueen omille sivuille<\/a><\/p>\n<\/td>\n<\/tr>\n<\/tbody>\n<\/table>\n<p>&nbsp;<\/p>\n<table width=\"100%\" border=\"0\">\n<tbody>\n<tr>\n<td width=\"100%\" height=\"47\">\n<table width=\"100%\" border=\"0\">\n<tbody>\n<tr>\n<td width=\"32%\" valign=\"middle\" align=\"left\">\n<h2 style=\"text-align: right;\">C-pentue<\/h2>\n<\/td>\n<td width=\"68%\">\n<p style=\"text-align: left;\" align=\"center\">26.8.2009 syntyi 3 tytt\u00f6\u00e4 ja 3 poikaa<\/p>\n<\/td>\n<\/tr>\n<\/tbody>\n<\/table>\n<\/td>\n<\/tr>\n<tr>\n<td width=\"100%\" height=\"236\">\n<table width=\"100%\" border=\"0\">\n<tbody>\n<tr>\n<td width=\"50%\">&nbsp;<img decoding=\"async\" loading=\"lazy\" class=\"alignnone wp-image-629\" src=\"http:\/\/hangenhelmen.net\/wp-content\/uploads\/2013\/09\/tunski-047.jpg\" alt=\"tunski 047\" width=\"232\" height=\"244\" srcset=\"https:\/\/hangenhelmen.net\/wp-content\/uploads\/2013\/09\/tunski-047.jpg 600w, https:\/\/hangenhelmen.net\/wp-content\/uploads\/2013\/09\/tunski-047-285x300.jpg 285w\" sizes=\"(max-width: 232px) 100vw, 232px\" \/><\/td>\n<td width=\"50%\">&nbsp;<img decoding=\"async\" loading=\"lazy\" class=\"alignnone wp-image-19\" src=\"http:\/\/hangenhelmen.net\/wp-content\/uploads\/2013\/09\/giisa0606.jpg\" alt=\"giisa0606\" width=\"257\" height=\"244\" srcset=\"https:\/\/hangenhelmen.net\/wp-content\/uploads\/2013\/09\/giisa0606.jpg 600w, https:\/\/hangenhelmen.net\/wp-content\/uploads\/2013\/09\/giisa0606-300x284.jpg 300w\" sizes=\"(max-width: 257px) 100vw, 257px\" \/><\/td>\n<\/tr>\n<tr>\n<td width=\"50%\">\n<p style=\"text-align: right;\" align=\"center\">Tunski<\/p>\n<\/td>\n<td width=\"50%\">\n<p style=\"text-align: left;\" align=\"center\">FIN MVA Vauhtitassun Giisa<\/p>\n<\/td>\n<\/tr>\n<\/tbody>\n<\/table>\n<\/td>\n<\/tr>\n<tr>\n<td width=\"100%\" height=\"23\">\n<p style=\"text-align: center;\" align=\"center\"><a href=\"http:\/\/hangenhelmen.net\/?page_id=547\">T\u00e4st\u00e4 linkist\u00e4 p\u00e4\u00e4set C-pentueen omille sivuille<\/a><\/p>\n<\/td>\n<\/tr>\n<\/tbody>\n<\/table>\n<p>&nbsp;<\/p>\n<table width=\"100%\" border=\"0\">\n<tbody>\n<tr>\n<td width=\"100%\" height=\"47\">\n<table width=\"100%\" border=\"0\">\n<tbody>\n<tr>\n<td width=\"32%\" valign=\"middle\" align=\"left\">\n<h2 style=\"text-align: right;\">B-pentue<\/h2>\n<\/td>\n<td width=\"68%\">\n<p style=\"text-align: left;\" align=\"center\">10.8.2007 syntyi 2 tytt\u00f6\u00e4 ja 3 poikaa<\/p>\n<\/td>\n<\/tr>\n<\/tbody>\n<\/table>\n<\/td>\n<\/tr>\n<tr>\n<td width=\"100%\" height=\"236\">\n<table width=\"100%\" border=\"0\">\n<tbody>\n<tr>\n<td width=\"50%\">&nbsp;<img decoding=\"async\" loading=\"lazy\" class=\"alignnone size-medium wp-image-624\" src=\"http:\/\/hangenhelmen.net\/wp-content\/uploads\/2013\/09\/dino-300x262.jpg\" alt=\"dino\" width=\"300\" height=\"262\" srcset=\"https:\/\/hangenhelmen.net\/wp-content\/uploads\/2013\/09\/dino-300x262.jpg 300w, https:\/\/hangenhelmen.net\/wp-content\/uploads\/2013\/09\/dino.jpg 441w\" sizes=\"(max-width: 300px) 100vw, 300px\" \/><\/td>\n<td width=\"50%\">&nbsp;<img decoding=\"async\" loading=\"lazy\" class=\"alignnone wp-image-20\" src=\"http:\/\/hangenhelmen.net\/wp-content\/uploads\/2013\/09\/mantra-07.jpg\" alt=\"mantra 07\" width=\"230\" height=\"236\" srcset=\"https:\/\/hangenhelmen.net\/wp-content\/uploads\/2013\/09\/mantra-07.jpg 600w, https:\/\/hangenhelmen.net\/wp-content\/uploads\/2013\/09\/mantra-07-291x300.jpg 291w\" sizes=\"(max-width: 230px) 100vw, 230px\" \/><\/td>\n<\/tr>\n<tr>\n<td width=\"50%\">\n<p style=\"text-align: right;\" align=\"center\">FIN MVA Akemoss Bamaus<\/p>\n<\/td>\n<td width=\"50%\">\n<p style=\"text-align: left;\" align=\"center\">FI KVA Vauhtitassun I-Mandra<\/p>\n<\/td>\n<\/tr>\n<\/tbody>\n<\/table>\n<\/td>\n<\/tr>\n<tr>\n<td width=\"100%\" height=\"23\">\n<p style=\"text-align: center;\" align=\"center\"><a href=\"http:\/\/hangenhelmen.net\/?page_id=545\">T\u00e4st\u00e4 linkist\u00e4 p\u00e4\u00e4set B-pentueen omille sivuille<\/a><\/p>\n<\/td>\n<\/tr>\n<\/tbody>\n<\/table>\n<p>&nbsp;<\/p>\n<table width=\"100%\" border=\"0\">\n<tbody>\n<tr>\n<td width=\"100%\">\n<table width=\"100%\" border=\"0\">\n<tbody>\n<tr>\n<td width=\"33%\">\n<h2 style=\"text-align: right;\">A-pentue<\/h2>\n<\/td>\n<td width=\"67%\">\n<p style=\"text-align: left;\" align=\"center\">22.8.2005 syntyi 3 tytt\u00f6\u00e4 ja 5 poikaa<\/p>\n<\/td>\n<\/tr>\n<\/tbody>\n<\/table>\n<\/td>\n<\/tr>\n<tr>\n<td width=\"100%\">\n<table width=\"100%\" border=\"0\">\n<tbody>\n<tr>\n<td width=\"50%\">&nbsp;<img decoding=\"async\" loading=\"lazy\" class=\"alignnone size-full wp-image-626\" src=\"http:\/\/hangenhelmen.net\/wp-content\/uploads\/2013\/09\/remu.jpg\" alt=\"remu\" width=\"244\" height=\"240\"><\/td>\n<td width=\"50%\">&nbsp;<img decoding=\"async\" loading=\"lazy\" class=\"alignnone wp-image-19\" src=\"http:\/\/hangenhelmen.net\/wp-content\/uploads\/2013\/09\/giisa0606.jpg\" alt=\"giisa0606\" width=\"248\" height=\"235\" srcset=\"https:\/\/hangenhelmen.net\/wp-content\/uploads\/2013\/09\/giisa0606.jpg 600w, https:\/\/hangenhelmen.net\/wp-content\/uploads\/2013\/09\/giisa0606-300x284.jpg 300w\" sizes=\"(max-width: 248px) 100vw, 248px\" \/><\/td>\n<\/tr>\n<tr>\n<td width=\"50%\">\n<p style=\"text-align: right;\" align=\"center\">FIN MVA Kuutamokeijun Caesar<\/p>\n<\/td>\n<td width=\"50%\">\n<p style=\"text-align: left;\" align=\"center\">FIN MVA Vauhtitassun Giisa<\/p>\n<\/td>\n<\/tr>\n<\/tbody>\n<\/table>\n<\/td>\n<\/tr>\n<tr>\n<td width=\"100%\">\n<p style=\"text-align: center;\" align=\"center\"><a href=\"http:\/\/hangenhelmen.net\/?page_id=542\">T\u00e4st\u00e4 linkist\u00e4 p\u00e4\u00e4set A-pentueen omille sivuille<\/a><\/p>\n<\/td>\n<\/tr>\n<\/tbody>\n<\/table>\n<p>&nbsp;<\/p>\n","protected":false},"excerpt":{"rendered":"<p>Hangenhelmen pentueet &nbsp; J-pentue 15.6.2017 syntyi 7 poikaa ja 1 tytt\u00f6 C.I.B, NO &amp; FI MVA Assandine&#8217;s Luminiferous SM-REK-4-16 SM-REK-4-17&nbsp;Hangenhelmen Filja T\u00e4st\u00e4 linkist\u00e4 p\u00e4\u00e4set J-pentueen omille sivuille &nbsp; I-pentue 8.12.2016 syntyi 2 poikaa ja 4 tytt\u00f6\u00e4 SM-REK-4-16 SM-REK-4-17 Hangenhelmen Fuuga &hellip; <a href=\"https:\/\/hangenhelmen.net\/?page_id=51\">Lue loppuun <span class=\"meta-nav\">&rarr;<\/span><\/a><\/p>\n","protected":false},"author":1,"featured_media":0,"parent":0,"menu_order":0,"comment_status":"closed","ping_status":"closed","template":"","meta":[],"_links":{"self":[{"href":"https:\/\/hangenhelmen.net\/index.php?rest_route=\/wp\/v2\/pages\/51"}],"collection":[{"href":"https:\/\/hangenhelmen.net\/index.php?rest_route=\/wp\/v2\/pages"}],"about":[{"href":"https:\/\/hangenhelmen.net\/index.php?rest_route=\/wp\/v2\/types\/page"}],"author":[{"embeddable":true,"href":"https:\/\/hangenhelmen.net\/index.php?rest_route=\/wp\/v2\/users\/1"}],"replies":[{"embeddable":true,"href":"https:\/\/hangenhelmen.net\/index.php?rest_route=%2Fwp%2Fv2%2Fcomments&post=51"}],"version-history":[{"count":15,"href":"https:\/\/hangenhelmen.net\/index.php?rest_route=\/wp\/v2\/pages\/51\/revisions"}],"predecessor-version":[{"id":1559,"href":"https:\/\/hangenhelmen.net\/index.php?rest_route=\/wp\/v2\/pages\/51\/revisions\/1559"}],"wp:attachment":[{"href":"https:\/\/hangenhelmen.net\/index.php?rest_route=%2Fwp%2Fv2%2Fmedia&parent=51"}],"curies":[{"name":"wp","href":"https:\/\/api.w.org\/{rel}","templated":true}]}}