{"id":514,"date":"2016-01-17T22:44:04","date_gmt":"2016-01-17T20:44:04","guid":{"rendered":"http:\/\/hangenhelmen.net\/?page_id=514"},"modified":"2020-05-08T23:53:03","modified_gmt":"2020-05-08T20:53:03","slug":"hangenhelmen-hurja-taisto-2","status":"publish","type":"page","link":"https:\/\/hangenhelmen.net\/?page_id=514","title":{"rendered":"Hangenhelmen Hurja Taisto"},"content":{"rendered":"<p>&nbsp;<\/p>\n<p><span style=\"color: #000000; font-size: 2.4em;\">PDP Hangenhelmen Hurja Taisto<\/span><\/p>\n<p>[ngg src=&#8221;galleries&#8221; ids=&#8221;17&#8243; display=&#8221;basic_slideshow&#8221;]<\/p>\n<table style=\"border: 0px solid #999;\" width=\"98%\" cellspacing=\"1\" cellpadding=\"5\">\n<tbody>\n<tr>\n<td bgcolor=\"#cccccc\" width=\"20%\"><b>virallinen nimi<\/b><\/td>\n<td bgcolor=\"#ffffff\" width=\"30%\">Hangenhelmen Hurja Taisto<\/td>\n<td bgcolor=\"#cccccc\" width=\"20%\"><b>lonkat<\/b><\/td>\n<td bgcolor=\"#ffffff\" width=\"30%\">B\/C<\/td>\n<\/tr>\n<tr>\n<td bgcolor=\"#cccccc\" width=\"20%\"><b>kutsumanimi<\/b><\/td>\n<td bgcolor=\"#ffffff\" width=\"30%\">Taisto<\/td>\n<td bgcolor=\"#cccccc\" width=\"20%\"><b>silm\u00e4t<\/b><\/td>\n<td bgcolor=\"#ffffff\" width=\"30%\">OK<\/td>\n<\/tr>\n<tr>\n<td bgcolor=\"#cccccc\" width=\"20%\"><b>Syntym\u00e4aika<\/b><\/td>\n<td bgcolor=\"#ffffff\" width=\"30%\">28.10.2015<\/td>\n<td bgcolor=\"#cccccc\" width=\"20%\"><b>Sukupuoli<\/b><\/td>\n<td bgcolor=\"#ffffff\" width=\"30%\">Uros<\/td>\n<\/tr>\n<\/tbody>\n<\/table>\n<p>Lupaavasta yhdeks\u00e4n pojan pentueesta Taisto valikoitui kotiin luonteensa perusteella. Topakka ja yst\u00e4v\u00e4llinen poika leikitt\u00e4\u00e4 kennelimme pennut ja kutsummekin n\u00e4it\u00e4 leikkihetki\u00e4 Taisto-sed\u00e4n pentukerhoiksi.<\/p>\n<p>Taisto on osoittautunut erinomaisella ty\u00f6motivaatiolla toimivaksi vetokoiraksi ja juoksee&nbsp; hyv\u00e4ll\u00e4 motivaatiolla kaikkia paikkoja. Taistolla on useita ykk\u00f6stuloksia sprinteilt\u00e4 ja keskipitk\u00e4lt\u00e4 matkalta. Taisto saavutti talvella 2019 ruotsalaisen PDP-arvon, johon vaaditaan ykk\u00f6stulos ruotsalaisten sprintilt\u00e4 ja keskipitk\u00e4lt\u00e4 matkalta<\/p>\n<p>Taistolla on n\u00e4yttelyist\u00e4 yksi serti ja vara-serti.<\/p>\n","protected":false},"excerpt":{"rendered":"<p>&nbsp; PDP Hangenhelmen Hurja Taisto [ngg src=&#8221;galleries&#8221; ids=&#8221;17&#8243; display=&#8221;basic_slideshow&#8221;] virallinen nimi Hangenhelmen Hurja Taisto lonkat B\/C kutsumanimi Taisto silm\u00e4t OK Syntym\u00e4aika 28.10.2015 Sukupuoli Uros Lupaavasta yhdeks\u00e4n pojan pentueesta Taisto valikoitui kotiin luonteensa perusteella. Topakka ja yst\u00e4v\u00e4llinen poika leikitt\u00e4\u00e4 kennelimme pennut &hellip; <a href=\"https:\/\/hangenhelmen.net\/?page_id=514\">Lue loppuun <span class=\"meta-nav\">&rarr;<\/span><\/a><\/p>\n","protected":false},"author":1,"featured_media":0,"parent":0,"menu_order":0,"comment_status":"closed","ping_status":"closed","template":"","meta":[],"_links":{"self":[{"href":"https:\/\/hangenhelmen.net\/index.php?rest_route=\/wp\/v2\/pages\/514"}],"collection":[{"href":"https:\/\/hangenhelmen.net\/index.php?rest_route=\/wp\/v2\/pages"}],"about":[{"href":"https:\/\/hangenhelmen.net\/index.php?rest_route=\/wp\/v2\/types\/page"}],"author":[{"embeddable":true,"href":"https:\/\/hangenhelmen.net\/index.php?rest_route=\/wp\/v2\/users\/1"}],"replies":[{"embeddable":true,"href":"https:\/\/hangenhelmen.net\/index.php?rest_route=%2Fwp%2Fv2%2Fcomments&post=514"}],"version-history":[{"count":19,"href":"https:\/\/hangenhelmen.net\/index.php?rest_route=\/wp\/v2\/pages\/514\/revisions"}],"predecessor-version":[{"id":1888,"href":"https:\/\/hangenhelmen.net\/index.php?rest_route=\/wp\/v2\/pages\/514\/revisions\/1888"}],"wp:attachment":[{"href":"https:\/\/hangenhelmen.net\/index.php?rest_route=%2Fwp%2Fv2%2Fmedia&parent=514"}],"curies":[{"name":"wp","href":"https:\/\/api.w.org\/{rel}","templated":true}]}}