{"id":54,"date":"2013-09-08T14:15:33","date_gmt":"2013-09-08T11:15:33","guid":{"rendered":"http:\/\/hangenhelmen.net\/wordpress\/?page_id=54"},"modified":"2020-05-08T23:42:09","modified_gmt":"2020-05-08T20:42:09","slug":"me","status":"publish","type":"page","link":"https:\/\/hangenhelmen.net\/?page_id=54","title":{"rendered":"Me"},"content":{"rendered":"\n[ngg src=&#8221;galleries&#8221; ids=&#8221;16&#8243; display=&#8221;basic_thumbnail&#8221; thumbnail_crop=&#8221;0&#8243;]\n\n\n<p style=\"text-align: justify;\">Vuonna 2002 tuli taloomme ensimm\u00e4inen samojedimme Vauhtitassun Giisa, joka valloittikin sitten syd\u00e4memme kokonaan. Giisa omasi runsaasti omaa tahtoa ja v\u00e4lill\u00e4 tuntui, ett\u00e4 Giisa tahtoi olla koko lauman pomo. Kun hiljalleen opimme paikkamme laumassa onkin elomme ollut todella mukavaa.<\/p>\n<p style=\"text-align: justify;\">Kun saimme maistaa valjakkoajon ihanuutta Vauhtitassun kenneliss\u00e4 perheeseemme hankittiin vuonna 2004 Giisalle vetokaveriksi Vauhtitassun I-Mandra. Vuonna 2005 uutta n\u00e4k\u00f6kulmaa harrastukseen toi kasvattajakurssille osallistuminen, oman kennelnimen hakeminen ja ensimm\u00e4isen Hangenhelmen pentueen suunnittelu ja syntym\u00e4. T\u00e4st\u00e4 pentueesta meille j\u00e4i kotiin ensimm\u00e4iseksi syntynyt pentu Onni. Kennelimme toisesta pentueesta kotiin j\u00e4i Buhuri-poika ja nelj\u00e4nnest\u00e4 pentueesta Tihku-neiti. Harkinnan j\u00e4lkeen kuudennesta pentuesta j\u00e4i kotiin tulevaisuuden lupaukseksi Velmu. Vuosien vieriess\u00e4 koiram\u00e4\u00e4r\u00e4 on harkitusti lis\u00e4\u00e4ntynyt ja Arin ja Elinan luona on noin kuuden samojedin laumat. Tavoitteenamme on kasvattaa rotum\u00e4\u00e4ritelm\u00e4n mukaisia, monik\u00e4ytt\u00f6isi\u00e4 samojedinkoiria.<\/p>\n<p style=\"text-align: justify;\">Hangenhelmen kennel on saanut <strong>Suomen samojedinkoirayhdistyksen kasvattajapalkinnon<\/strong> n:o 23, joka on &#8221;tarkoitettu kannustukseksi ja tunnustukseksi ansiokkaasti toimineelle kasvattajille, joiden kasvatusty\u00f6n on todettu alla mainituin vaatimuksin tuoneen rodun jalostuksen piiriin hyv\u00e4\u00e4 laatutasoa, ja jotka omalla aktiivisella toiminnallaan ovat tuoneet rodunharrastajien joukkoon uusia samojedinkoiran omistajia&#8221;. Joulukuussa 2019 Hangenhelmen kasvatusty\u00f6 palkittiin my\u00f6s Kennelliiton korkeimmalla tunnustuksella ansioituneesta kasvatusty\u00f6st\u00e4 <strong>Vuolasvirta-palkinnolla<\/strong><\/p>\n<p style=\"text-align: justify;\">Harrastamme koiriemme kanssa valjakkoajoa ja koiran\u00e4yttelyit\u00e4.<\/p>\n<p style=\"text-align: justify;\">Kennelin kasvattajana ja kennelnimen haltijana toimii Ari. Tyt\u00e4r Elina toimii apuk\u00e4sin\u00e4, handlerina ja jokapaikanh\u00f6yl\u00e4n\u00e4 koirien kanssa. Lis\u00e4ksi Elinan mies Ville touhuaa mukana kennelin arjessa.<\/p>\n<p style=\"text-align: justify;\">Tervetuloa tutustumaan kotisivuillemme!<\/p>\n<p>&nbsp;<\/p>\n<p><strong>Yhteystiedot:<\/strong><\/p>\n<p>Ari Tolonen<\/p>\n<p>Nahkurinhaka 5<br>90450 KEMPELE<\/p>\n<p>s\u00e4hk\u00f6posti: hangenhelmen(at)gmail.com<\/p>\n<p>puh. 040 7095852 (Ari)<\/p>\n<p>puh. 0407046480 (Elina)<\/p>","protected":false},"excerpt":{"rendered":"<p>Vuonna 2002 tuli taloomme ensimm\u00e4inen samojedimme Vauhtitassun Giisa, joka valloittikin sitten syd\u00e4memme kokonaan. Giisa omasi runsaasti omaa tahtoa ja v\u00e4lill\u00e4 tuntui, ett\u00e4 Giisa tahtoi olla koko lauman pomo. Kun hiljalleen opimme paikkamme laumassa onkin elomme ollut todella mukavaa. Kun saimme &hellip; <a href=\"https:\/\/hangenhelmen.net\/?page_id=54\">Lue loppuun <span class=\"meta-nav\">&rarr;<\/span><\/a><\/p>\n","protected":false},"author":1,"featured_media":0,"parent":0,"menu_order":0,"comment_status":"closed","ping_status":"closed","template":"","meta":[],"_links":{"self":[{"href":"https:\/\/hangenhelmen.net\/index.php?rest_route=\/wp\/v2\/pages\/54"}],"collection":[{"href":"https:\/\/hangenhelmen.net\/index.php?rest_route=\/wp\/v2\/pages"}],"about":[{"href":"https:\/\/hangenhelmen.net\/index.php?rest_route=\/wp\/v2\/types\/page"}],"author":[{"embeddable":true,"href":"https:\/\/hangenhelmen.net\/index.php?rest_route=\/wp\/v2\/users\/1"}],"replies":[{"embeddable":true,"href":"https:\/\/hangenhelmen.net\/index.php?rest_route=%2Fwp%2Fv2%2Fcomments&post=54"}],"version-history":[{"count":9,"href":"https:\/\/hangenhelmen.net\/index.php?rest_route=\/wp\/v2\/pages\/54\/revisions"}],"predecessor-version":[{"id":1873,"href":"https:\/\/hangenhelmen.net\/index.php?rest_route=\/wp\/v2\/pages\/54\/revisions\/1873"}],"wp:attachment":[{"href":"https:\/\/hangenhelmen.net\/index.php?rest_route=%2Fwp%2Fv2%2Fmedia&parent=54"}],"curies":[{"name":"wp","href":"https:\/\/api.w.org\/{rel}","templated":true}]}}