{"id":542,"date":"2016-03-08T19:28:18","date_gmt":"2016-03-08T17:28:18","guid":{"rendered":"http:\/\/hangenhelmen.net\/?page_id=542"},"modified":"2020-05-08T19:07:09","modified_gmt":"2020-05-08T16:07:09","slug":"a-pentue","status":"publish","type":"page","link":"https:\/\/hangenhelmen.net\/?page_id=542","title":{"rendered":"A-pentue"},"content":{"rendered":"<p>A-pentue on kennelimme ensimm\u00e4inen pentue. Olimme tyytyv\u00e4isi\u00e4 ensimm\u00e4iseen koiraamme <a href=\"http:\/\/hangenhelmen.net\/?page_id=39\">Giisaan<\/a>, joten halusimme sille pentueen ja saimme t\u00e4lle pentueelle is\u00e4ksi ihanan Remun (Kuutamokeijun Caesar). Pennuista tuli ihanaluonteisia, rakkaita lemmikkej\u00e4. Isoon pentueeseen mahtuu my\u00f6s menestyst\u00e4, ensimm\u00e4sen\u00e4 syntynyt Onni on saanut hienoja tuloksia niin rekiurilla, kuin n\u00e4yttelyiss\u00e4kin. My\u00f6s muilla pennuilla on&nbsp; hienoja tuloksia.<\/p>\n<p>&nbsp;<\/p>\n\n\n[ngg src=&#8221;galleries&#8221; ids=&#8221;5&#8243; display=&#8221;basic_imagebrowser&#8221;]\n\n\n\n<p>[table id=8 \/]<\/p>\n\n\n\n<p><\/p>\n","protected":false},"excerpt":{"rendered":"<p>A-pentue on kennelimme ensimm\u00e4inen pentue. Olimme tyytyv\u00e4isi\u00e4 ensimm\u00e4iseen koiraamme Giisaan, joten halusimme sille pentueen ja saimme t\u00e4lle pentueelle is\u00e4ksi ihanan Remun (Kuutamokeijun Caesar). Pennuista tuli ihanaluonteisia, rakkaita lemmikkej\u00e4. Isoon pentueeseen mahtuu my\u00f6s menestyst\u00e4, ensimm\u00e4sen\u00e4 syntynyt Onni on saanut hienoja tuloksia &hellip; <a href=\"https:\/\/hangenhelmen.net\/?page_id=542\">Lue loppuun <span class=\"meta-nav\">&rarr;<\/span><\/a><\/p>\n","protected":false},"author":1,"featured_media":0,"parent":0,"menu_order":0,"comment_status":"closed","ping_status":"closed","template":"","meta":[],"_links":{"self":[{"href":"https:\/\/hangenhelmen.net\/index.php?rest_route=\/wp\/v2\/pages\/542"}],"collection":[{"href":"https:\/\/hangenhelmen.net\/index.php?rest_route=\/wp\/v2\/pages"}],"about":[{"href":"https:\/\/hangenhelmen.net\/index.php?rest_route=\/wp\/v2\/types\/page"}],"author":[{"embeddable":true,"href":"https:\/\/hangenhelmen.net\/index.php?rest_route=\/wp\/v2\/users\/1"}],"replies":[{"embeddable":true,"href":"https:\/\/hangenhelmen.net\/index.php?rest_route=%2Fwp%2Fv2%2Fcomments&post=542"}],"version-history":[{"count":6,"href":"https:\/\/hangenhelmen.net\/index.php?rest_route=\/wp\/v2\/pages\/542\/revisions"}],"predecessor-version":[{"id":1689,"href":"https:\/\/hangenhelmen.net\/index.php?rest_route=\/wp\/v2\/pages\/542\/revisions\/1689"}],"wp:attachment":[{"href":"https:\/\/hangenhelmen.net\/index.php?rest_route=%2Fwp%2Fv2%2Fmedia&parent=542"}],"curies":[{"name":"wp","href":"https:\/\/api.w.org\/{rel}","templated":true}]}}