{"id":547,"date":"2016-03-08T19:38:25","date_gmt":"2016-03-08T17:38:25","guid":{"rendered":"http:\/\/hangenhelmen.net\/?page_id=547"},"modified":"2020-05-08T19:40:22","modified_gmt":"2020-05-08T16:40:22","slug":"c-pentue","status":"publish","type":"page","link":"https:\/\/hangenhelmen.net\/?page_id=547","title":{"rendered":"C-pentue"},"content":{"rendered":"<p>Koska Giisan ensimm\u00e4iseen pentueeseen olimme eritt\u00e4in tyytyv\u00e4isi\u00e4 niin luonteiden, kuin ulkon\u00e4\u00f6nkin puolesta, toivoimme saavamme Giisalle toisen pentueen. Uroksen kriteerein\u00e4 oli veto-ominaisuuksien olemassa olo ja lis\u00e4ksi toivottiin parempia lonkkia. Is\u00e4ksi siis valikoitui ihana, liikunnallinen Tunski. C-pentueen koirat ovat upealuonteisia ja pentueessa on hienoja tuloksia n\u00e4yttelyist\u00e4 ja rekiurilta. Pennuista osa juoksee my\u00f6s harrastevaljakoissa.<\/p>\n<p>&nbsp;<\/p>\n\n\n[ngg src=&#8221;galleries&#8221; ids=&#8221;7&#8243; display=&#8221;basic_slideshow&#8221;]\n\n\n\n<p>[table id=4 \/]<\/p>\n","protected":false},"excerpt":{"rendered":"<p>Koska Giisan ensimm\u00e4iseen pentueeseen olimme eritt\u00e4in tyytyv\u00e4isi\u00e4 niin luonteiden, kuin ulkon\u00e4\u00f6nkin puolesta, toivoimme saavamme Giisalle toisen pentueen. Uroksen kriteerein\u00e4 oli veto-ominaisuuksien olemassa olo ja lis\u00e4ksi toivottiin parempia lonkkia. Is\u00e4ksi siis valikoitui ihana, liikunnallinen Tunski. C-pentueen koirat ovat upealuonteisia ja pentueessa &hellip; <a href=\"https:\/\/hangenhelmen.net\/?page_id=547\">Lue loppuun <span class=\"meta-nav\">&rarr;<\/span><\/a><\/p>\n","protected":false},"author":1,"featured_media":0,"parent":0,"menu_order":0,"comment_status":"closed","ping_status":"closed","template":"","meta":[],"_links":{"self":[{"href":"https:\/\/hangenhelmen.net\/index.php?rest_route=\/wp\/v2\/pages\/547"}],"collection":[{"href":"https:\/\/hangenhelmen.net\/index.php?rest_route=\/wp\/v2\/pages"}],"about":[{"href":"https:\/\/hangenhelmen.net\/index.php?rest_route=\/wp\/v2\/types\/page"}],"author":[{"embeddable":true,"href":"https:\/\/hangenhelmen.net\/index.php?rest_route=\/wp\/v2\/users\/1"}],"replies":[{"embeddable":true,"href":"https:\/\/hangenhelmen.net\/index.php?rest_route=%2Fwp%2Fv2%2Fcomments&post=547"}],"version-history":[{"count":5,"href":"https:\/\/hangenhelmen.net\/index.php?rest_route=\/wp\/v2\/pages\/547\/revisions"}],"predecessor-version":[{"id":1732,"href":"https:\/\/hangenhelmen.net\/index.php?rest_route=\/wp\/v2\/pages\/547\/revisions\/1732"}],"wp:attachment":[{"href":"https:\/\/hangenhelmen.net\/index.php?rest_route=%2Fwp%2Fv2%2Fmedia&parent=547"}],"curies":[{"name":"wp","href":"https:\/\/api.w.org\/{rel}","templated":true}]}}