{"id":549,"date":"2016-03-08T19:44:08","date_gmt":"2016-03-08T17:44:08","guid":{"rendered":"http:\/\/hangenhelmen.net\/?page_id=549"},"modified":"2020-05-08T19:50:21","modified_gmt":"2020-05-08T16:50:21","slug":"d-pentue","status":"publish","type":"page","link":"https:\/\/hangenhelmen.net\/?page_id=549","title":{"rendered":"D-pentue"},"content":{"rendered":"<p>L\u00e4ht\u00f6kohtana Mantran toiselle pentueelle oli se, ett\u00e4 b-pentue oli onnistunut kaikin tavoin. Siksi t\u00e4h\u00e4n pentueeseen haettiin samoja linjoja. Is\u00e4ksi valikoitunut Aura (Omenapuun Lumiaura) oli hyv\u00e4nn\u00e4k\u00f6inen ja sill\u00e4 oli Namjok is\u00e4n\u00e4, kuten B-pentueen is\u00e4ll\u00e4 Dinollakin. D-pentueessa on voimakastahtoisia koiria, joilla on hyv\u00e4 hermorakenne. D-pentueen koirat ovat menestyneet my\u00f6s mukavasti. Pentue ei toteuttanut toiveitamme parempien lonkkien suhteen, mutta luonteeltaan ne ovat mit\u00e4 mainioimpia.<\/p>\n<p>&nbsp;<\/p>\n\n\n[ngg src=&#8221;galleries&#8221; ids=&#8221;8&#8243; display=&#8221;basic_slideshow&#8221;]\n\n\n\n<p>[table id=5 \/]<\/p>\n","protected":false},"excerpt":{"rendered":"<p>L\u00e4ht\u00f6kohtana Mantran toiselle pentueelle oli se, ett\u00e4 b-pentue oli onnistunut kaikin tavoin. Siksi t\u00e4h\u00e4n pentueeseen haettiin samoja linjoja. Is\u00e4ksi valikoitunut Aura (Omenapuun Lumiaura) oli hyv\u00e4nn\u00e4k\u00f6inen ja sill\u00e4 oli Namjok is\u00e4n\u00e4, kuten B-pentueen is\u00e4ll\u00e4 Dinollakin. D-pentueessa on voimakastahtoisia koiria, joilla on &hellip; <a href=\"https:\/\/hangenhelmen.net\/?page_id=549\">Lue loppuun <span class=\"meta-nav\">&rarr;<\/span><\/a><\/p>\n","protected":false},"author":1,"featured_media":0,"parent":0,"menu_order":0,"comment_status":"closed","ping_status":"closed","template":"","meta":[],"_links":{"self":[{"href":"https:\/\/hangenhelmen.net\/index.php?rest_route=\/wp\/v2\/pages\/549"}],"collection":[{"href":"https:\/\/hangenhelmen.net\/index.php?rest_route=\/wp\/v2\/pages"}],"about":[{"href":"https:\/\/hangenhelmen.net\/index.php?rest_route=\/wp\/v2\/types\/page"}],"author":[{"embeddable":true,"href":"https:\/\/hangenhelmen.net\/index.php?rest_route=\/wp\/v2\/users\/1"}],"replies":[{"embeddable":true,"href":"https:\/\/hangenhelmen.net\/index.php?rest_route=%2Fwp%2Fv2%2Fcomments&post=549"}],"version-history":[{"count":5,"href":"https:\/\/hangenhelmen.net\/index.php?rest_route=\/wp\/v2\/pages\/549\/revisions"}],"predecessor-version":[{"id":1746,"href":"https:\/\/hangenhelmen.net\/index.php?rest_route=\/wp\/v2\/pages\/549\/revisions\/1746"}],"wp:attachment":[{"href":"https:\/\/hangenhelmen.net\/index.php?rest_route=%2Fwp%2Fv2%2Fmedia&parent=549"}],"curies":[{"name":"wp","href":"https:\/\/api.w.org\/{rel}","templated":true}]}}