{"id":553,"date":"2016-03-08T19:52:55","date_gmt":"2016-03-08T17:52:55","guid":{"rendered":"http:\/\/hangenhelmen.net\/?page_id=553"},"modified":"2020-05-08T20:06:37","modified_gmt":"2020-05-08T17:06:37","slug":"f-pentue","status":"publish","type":"page","link":"https:\/\/hangenhelmen.net\/?page_id=553","title":{"rendered":"F-pentue"},"content":{"rendered":"<p>Sohvi (Hangenhelmen Chofie) oli sijoitusnarttumme ja sill\u00e4 on loistava ty\u00f6skentelyhalukkuus ja meit\u00e4 miellytti my\u00f6s sen ulkon\u00e4k\u00f6. Lis\u00e4ksi se oli terveystuloksiltaan moitteeton. Jo E-pentueen aikana olimme pohtineet Nuukan (J\u00e4\u00e4helmen Iki-Iloinen) k\u00e4ytt\u00f6\u00e4 ja Sohville se sopi viel\u00e4 paremmin, kuin Wilmalle. F-pentujen tulokset ovat hienoja. Nelj\u00e4ll\u00e4 pennuista on k\u00e4ytt\u00f6koetulokset ja ne juoksevat aktiivisesti valjakoissa. Kaksi on valioita ja kahdella koiralla on SM-REK-4-16 ja SM-REK-4-17 -arvot (Suomenmestaruus). N\u00e4yttelyist\u00e4 on saatu my\u00f6s hienoja tuloksia ja yksi pennuista on saavuttanut muotovalion arvon. Pentueen koirilla on useammalla j\u00e4lkel\u00e4isi\u00e4 ja ne ovat j\u00e4tt\u00e4neet ihastuttavaa luonnettaan, miellytt\u00e4v\u00e4\u00e4 ulkon\u00e4k\u00f6\u00e4\u00e4n, sek\u00e4 ty\u00f6skentelyominaisuuksiaan j\u00e4lkel\u00e4isiins\u00e4.&nbsp;<\/p>\n<p>&nbsp;<\/p>\n\n\n[ngg src=&#8221;galleries&#8221; ids=&#8221;10&#8243; display=&#8221;basic_slideshow&#8221;]\n\n\n\n<p>[table id=7 \/]<\/p>\n","protected":false},"excerpt":{"rendered":"<p>Sohvi (Hangenhelmen Chofie) oli sijoitusnarttumme ja sill\u00e4 on loistava ty\u00f6skentelyhalukkuus ja meit\u00e4 miellytti my\u00f6s sen ulkon\u00e4k\u00f6. Lis\u00e4ksi se oli terveystuloksiltaan moitteeton. Jo E-pentueen aikana olimme pohtineet Nuukan (J\u00e4\u00e4helmen Iki-Iloinen) k\u00e4ytt\u00f6\u00e4 ja Sohville se sopi viel\u00e4 paremmin, kuin Wilmalle. F-pentujen tulokset &hellip; <a href=\"https:\/\/hangenhelmen.net\/?page_id=553\">Lue loppuun <span class=\"meta-nav\">&rarr;<\/span><\/a><\/p>\n","protected":false},"author":1,"featured_media":0,"parent":0,"menu_order":0,"comment_status":"closed","ping_status":"closed","template":"","meta":[],"_links":{"self":[{"href":"https:\/\/hangenhelmen.net\/index.php?rest_route=\/wp\/v2\/pages\/553"}],"collection":[{"href":"https:\/\/hangenhelmen.net\/index.php?rest_route=\/wp\/v2\/pages"}],"about":[{"href":"https:\/\/hangenhelmen.net\/index.php?rest_route=\/wp\/v2\/types\/page"}],"author":[{"embeddable":true,"href":"https:\/\/hangenhelmen.net\/index.php?rest_route=\/wp\/v2\/users\/1"}],"replies":[{"embeddable":true,"href":"https:\/\/hangenhelmen.net\/index.php?rest_route=%2Fwp%2Fv2%2Fcomments&post=553"}],"version-history":[{"count":8,"href":"https:\/\/hangenhelmen.net\/index.php?rest_route=\/wp\/v2\/pages\/553\/revisions"}],"predecessor-version":[{"id":1772,"href":"https:\/\/hangenhelmen.net\/index.php?rest_route=\/wp\/v2\/pages\/553\/revisions\/1772"}],"wp:attachment":[{"href":"https:\/\/hangenhelmen.net\/index.php?rest_route=%2Fwp%2Fv2%2Fmedia&parent=553"}],"curies":[{"name":"wp","href":"https:\/\/api.w.org\/{rel}","templated":true}]}}