{"id":555,"date":"2016-03-08T20:55:59","date_gmt":"2016-03-08T18:55:59","guid":{"rendered":"http:\/\/hangenhelmen.net\/?page_id=555"},"modified":"2020-05-08T21:07:44","modified_gmt":"2020-05-08T18:07:44","slug":"h-pentue","status":"publish","type":"page","link":"https:\/\/hangenhelmen.net\/?page_id=555","title":{"rendered":"H-pentue"},"content":{"rendered":"<p>Etsimme pitk\u00e4\u00e4n urosta, joka sopisi aktiiviselle Tihkulle sulhoksi ja toisi hyv\u00e4\u00e4 lonkkaa linjoihimme. Olemme olleet C-pentueeseen tyytyv\u00e4isi\u00e4 kaikin puolin ja sielt\u00e4 l\u00f6ytyi upea, tervelonkkainen ja -silm\u00e4inen Kelmi. Ensimm\u00e4inen kahden Hangenhelmen pentue. Poika yhdeksikk\u00f6 oli p\u00e4\u00e4osin toiveidemme mukainen, ihania perheenj\u00e4seni\u00e4, joilla on hyv\u00e4 ty\u00f6motivaatio. Osa pennuista on aktiivisessa valjakkotreeniss\u00e4 ja varsinaisia ty\u00f6myyri\u00e4.<\/p>\n<p>&nbsp;<\/p>\n<p style=\"text-align: center;\">&nbsp;<\/p>\n\n\n[ngg src=&#8221;galleries&#8221; ids=&#8221;12&#8243; display=&#8221;basic_slideshow&#8221;]\n\n\n\n<figure class=\"wp-block-image\"><a href=\"http:\/\/hangenhelmen.net\/wp-content\/uploads\/2013\/09\/1.jpg\"><img decoding=\"async\" loading=\"lazy\" width=\"300\" height=\"200\" src=\"http:\/\/hangenhelmen.net\/wp-content\/uploads\/2013\/09\/1-300x200.jpg\" alt=\"1\" class=\"wp-image-293\" srcset=\"https:\/\/hangenhelmen.net\/wp-content\/uploads\/2013\/09\/1-300x200.jpg 300w, https:\/\/hangenhelmen.net\/wp-content\/uploads\/2013\/09\/1.jpg 1000w\" sizes=\"(max-width: 300px) 100vw, 300px\" \/><\/a><\/figure>\n\n\n\n<figure class=\"wp-block-image\"><a href=\"http:\/\/hangenhelmen.net\/wp-content\/uploads\/2013\/09\/2.jpg\"><img decoding=\"async\" loading=\"lazy\" width=\"300\" height=\"200\" src=\"http:\/\/hangenhelmen.net\/wp-content\/uploads\/2013\/09\/2-300x200.jpg\" alt=\"2\" class=\"wp-image-294\" srcset=\"https:\/\/hangenhelmen.net\/wp-content\/uploads\/2013\/09\/2-300x200.jpg 300w, https:\/\/hangenhelmen.net\/wp-content\/uploads\/2013\/09\/2.jpg 1000w\" sizes=\"(max-width: 300px) 100vw, 300px\" \/><\/a><\/figure>\n\n\n\n<figure class=\"wp-block-image\"><a href=\"http:\/\/hangenhelmen.net\/wp-content\/uploads\/2013\/09\/3.jpg\"><img decoding=\"async\" loading=\"lazy\" width=\"300\" height=\"200\" src=\"http:\/\/hangenhelmen.net\/wp-content\/uploads\/2013\/09\/3-300x200.jpg\" alt=\"3\" class=\"wp-image-295\" srcset=\"https:\/\/hangenhelmen.net\/wp-content\/uploads\/2013\/09\/3-300x200.jpg 300w, https:\/\/hangenhelmen.net\/wp-content\/uploads\/2013\/09\/3.jpg 1000w\" sizes=\"(max-width: 300px) 100vw, 300px\" \/><\/a><\/figure>\n\n\n\n<figure class=\"wp-block-image\"><a href=\"http:\/\/hangenhelmen.net\/wp-content\/uploads\/2013\/09\/4.jpg\"><img decoding=\"async\" loading=\"lazy\" width=\"300\" height=\"200\" src=\"http:\/\/hangenhelmen.net\/wp-content\/uploads\/2013\/09\/4-300x200.jpg\" alt=\"4\" class=\"wp-image-296\" srcset=\"https:\/\/hangenhelmen.net\/wp-content\/uploads\/2013\/09\/4-300x200.jpg 300w, https:\/\/hangenhelmen.net\/wp-content\/uploads\/2013\/09\/4.jpg 1000w\" sizes=\"(max-width: 300px) 100vw, 300px\" \/><\/a><\/figure>\n\n\n\n<p>Kuvissa Tihku ja Kelmi 26.10<\/p>\n\n\n\n<figure class=\"wp-block-image\"><a href=\"http:\/\/hangenhelmen.net\/wp-content\/uploads\/2013\/09\/20151029_063829.jpg\"><img decoding=\"async\" loading=\"lazy\" width=\"3264\" height=\"1836\" src=\"http:\/\/hangenhelmen.net\/wp-content\/uploads\/2013\/09\/20151029_063829.jpg\" alt=\"20151029_063829\" class=\"wp-image-376\" srcset=\"https:\/\/hangenhelmen.net\/wp-content\/uploads\/2013\/09\/20151029_063829.jpg 3264w, https:\/\/hangenhelmen.net\/wp-content\/uploads\/2013\/09\/20151029_063829-300x169.jpg 300w, https:\/\/hangenhelmen.net\/wp-content\/uploads\/2013\/09\/20151029_063829-1024x576.jpg 1024w\" sizes=\"(max-width: 3264px) 100vw, 3264px\" \/><\/a><\/figure>\n\n\n\n<figure class=\"wp-block-image\"><a href=\"http:\/\/hangenhelmen.net\/wp-content\/uploads\/2013\/09\/20151029_183109.jpg\"><img decoding=\"async\" loading=\"lazy\" width=\"3264\" height=\"1836\" src=\"http:\/\/hangenhelmen.net\/wp-content\/uploads\/2013\/09\/20151029_183109.jpg\" alt=\"20151029_183109\" class=\"wp-image-374\" srcset=\"https:\/\/hangenhelmen.net\/wp-content\/uploads\/2013\/09\/20151029_183109.jpg 3264w, https:\/\/hangenhelmen.net\/wp-content\/uploads\/2013\/09\/20151029_183109-300x169.jpg 300w, https:\/\/hangenhelmen.net\/wp-content\/uploads\/2013\/09\/20151029_183109-1024x576.jpg 1024w\" sizes=\"(max-width: 3264px) 100vw, 3264px\" \/><\/a><\/figure>\n\n\n\n<figure class=\"wp-block-image\"><a href=\"http:\/\/hangenhelmen.net\/wp-content\/uploads\/2013\/09\/20151029_135715.jpg\"><img decoding=\"async\" loading=\"lazy\" width=\"3264\" height=\"1836\" src=\"http:\/\/hangenhelmen.net\/wp-content\/uploads\/2013\/09\/20151029_135715.jpg\" alt=\"20151029_135715\" class=\"wp-image-372\" srcset=\"https:\/\/hangenhelmen.net\/wp-content\/uploads\/2013\/09\/20151029_135715.jpg 3264w, https:\/\/hangenhelmen.net\/wp-content\/uploads\/2013\/09\/20151029_135715-300x169.jpg 300w, https:\/\/hangenhelmen.net\/wp-content\/uploads\/2013\/09\/20151029_135715-1024x576.jpg 1024w\" sizes=\"(max-width: 3264px) 100vw, 3264px\" \/><\/a><\/figure>\n\n\n\n<p><a href=\"http:\/\/hangenhelmen.net\/?p=379\">Pennut viikon ik\u00e4isin\u00e4<\/a><\/p>\n\n\n\n<p><a href=\"http:\/\/hangenhelmen.net\/?p=394\">Pennut kahden viikon ik\u00e4isin\u00e4<\/a><\/p>\n\n\n\n<p><a href=\"http:\/\/hangenhelmen.net\/?p=407\">Pennut kolme viikkoa<\/a><\/p>\n\n\n\n<p><a href=\"http:\/\/hangenhelmen.net\/?p=432\">Pennut nelj\u00e4 viikkoa<\/a><\/p>\n\n\n\n<p><a href=\"http:\/\/hangenhelmen.net\/?p=447\">Viisi viikkoa<\/a><\/p>\n\n\n\n<p><a href=\"http:\/\/hangenhelmen.net\/?p=462\">Kuusi viikkoa<\/a><\/p>\n\n\n\n<p><a href=\"http:\/\/hangenhelmen.net\/?p=475\">Seitsem\u00e4n viikkoa<\/a><\/p>\n\n\n\n<p><a href=\"http:\/\/hangenhelmen.net\/?p=500\">Yhteiskuva<\/a><\/p>\n\n\n\n<p>[table id=2 \/]<\/p>\n","protected":false},"excerpt":{"rendered":"<p>Etsimme pitk\u00e4\u00e4n urosta, joka sopisi aktiiviselle Tihkulle sulhoksi ja toisi hyv\u00e4\u00e4 lonkkaa linjoihimme. Olemme olleet C-pentueeseen tyytyv\u00e4isi\u00e4 kaikin puolin ja sielt\u00e4 l\u00f6ytyi upea, tervelonkkainen ja -silm\u00e4inen Kelmi. Ensimm\u00e4inen kahden Hangenhelmen pentue. Poika yhdeksikk\u00f6 oli p\u00e4\u00e4osin toiveidemme mukainen, ihania perheenj\u00e4seni\u00e4, joilla &hellip; <a href=\"https:\/\/hangenhelmen.net\/?page_id=555\">Lue loppuun <span class=\"meta-nav\">&rarr;<\/span><\/a><\/p>\n","protected":false},"author":1,"featured_media":0,"parent":0,"menu_order":0,"comment_status":"closed","ping_status":"closed","template":"","meta":[],"_links":{"self":[{"href":"https:\/\/hangenhelmen.net\/index.php?rest_route=\/wp\/v2\/pages\/555"}],"collection":[{"href":"https:\/\/hangenhelmen.net\/index.php?rest_route=\/wp\/v2\/pages"}],"about":[{"href":"https:\/\/hangenhelmen.net\/index.php?rest_route=\/wp\/v2\/types\/page"}],"author":[{"embeddable":true,"href":"https:\/\/hangenhelmen.net\/index.php?rest_route=\/wp\/v2\/users\/1"}],"replies":[{"embeddable":true,"href":"https:\/\/hangenhelmen.net\/index.php?rest_route=%2Fwp%2Fv2%2Fcomments&post=555"}],"version-history":[{"count":8,"href":"https:\/\/hangenhelmen.net\/index.php?rest_route=\/wp\/v2\/pages\/555\/revisions"}],"predecessor-version":[{"id":1802,"href":"https:\/\/hangenhelmen.net\/index.php?rest_route=\/wp\/v2\/pages\/555\/revisions\/1802"}],"wp:attachment":[{"href":"https:\/\/hangenhelmen.net\/index.php?rest_route=%2Fwp%2Fv2%2Fmedia&parent=555"}],"curies":[{"name":"wp","href":"https:\/\/api.w.org\/{rel}","templated":true}]}}