{"id":654,"date":"2016-03-22T18:55:22","date_gmt":"2016-03-22T16:55:22","guid":{"rendered":"http:\/\/hangenhelmen.net\/?page_id=654"},"modified":"2017-09-20T13:05:43","modified_gmt":"2017-09-20T10:05:43","slug":"sijoitusnartut-ja-yhteistyourokset","status":"publish","type":"page","link":"https:\/\/hangenhelmen.net\/?page_id=654","title":{"rendered":"Sijoitusnartut ja yhteisty\u00f6urokset"},"content":{"rendered":"<p><strong>Sijoitusnartut<\/strong><\/p>\n<p class=\"wp-image-264 alignnone\">&nbsp;<\/p>\n<p><img decoding=\"async\" loading=\"lazy\" class=\" wp-image-1340\" src=\"http:\/\/hangenhelmen.net\/wp-content\/uploads\/2017\/06\/halla.jpg\" alt=\"Hangenhelmen Illuusio &quot;Halla&quot; PPEK4\" width=\"369\" height=\"410\" srcset=\"https:\/\/hangenhelmen.net\/wp-content\/uploads\/2017\/06\/halla.jpg 863w, https:\/\/hangenhelmen.net\/wp-content\/uploads\/2017\/06\/halla-270x300.jpg 270w, https:\/\/hangenhelmen.net\/wp-content\/uploads\/2017\/06\/halla-768x854.jpg 768w\" sizes=\"(max-width: 369px) 100vw, 369px\" \/><\/p>\n<p><strong>Hangenhelmen Illuusio &#8221;Halla&#8221;<\/strong><\/p>\n<p>s. 8.12.2016<\/p>\n<p>c\/o Airiina Tenhovuori<\/p>\n<p>Halla j\u00e4i I-pentueesta sijoitusnartuksemme. Reipas ja n\u00e4pp\u00e4r\u00e4 tytt\u00f6 t\u00e4ytt\u00e4\u00e4 Airiinan valjakkoa em\u00e4ns\u00e4 Olgan ja Hangenhelmen Eeliksen (Eelis) ja Olafin (Hohtava Hanki) kanssa.<\/p>\n<p><strong>Seuraaviin uroksiin olemme varannet oikeuden k\u00e4ytt\u00e4\u00e4 niit\u00e4 jalostukseen.<\/strong><\/p>\n<p><img decoding=\"async\" loading=\"lazy\" class=\" wp-image-1347\" src=\"http:\/\/hangenhelmen.net\/wp-content\/uploads\/2017\/06\/olaf.jpg\" alt=\"Hangenhelmen Hohtava Hanki &quot;Olaf&quot; NUO ERI1 SA\" width=\"325\" height=\"321\" srcset=\"https:\/\/hangenhelmen.net\/wp-content\/uploads\/2017\/06\/olaf.jpg 960w, https:\/\/hangenhelmen.net\/wp-content\/uploads\/2017\/06\/olaf-300x296.jpg 300w, https:\/\/hangenhelmen.net\/wp-content\/uploads\/2017\/06\/olaf-768x757.jpg 768w\" sizes=\"(max-width: 325px) 100vw, 325px\" \/><\/p>\n<p>&nbsp;<\/p>\n<p><strong>Hangenhelmen Hohtava Hanki &#8221;Olaf&#8221;<\/strong><\/p>\n<p>s. 28.10.2015<\/p>\n<p>om. Airiina Tenhovuori<\/p>\n<p>Olaf on sosiaalinen ja erinomaisen ty\u00f6moraalin omaava nuori uros. Olaf vahvistaa Airiinan valjakkoa ja treenaa my\u00f6s Hangenhelmien yhteistreeneiss\u00e4. Lennokasliikkeinen nuorukainen on kuvattu lonkiltaan B\/B ja kyyn\u00e4rilt\u00e4\u00e4n 0\/0. Olafilla on n\u00e4yttelyist\u00e4 SA ja REK-kokeesta ykk\u00f6stulos.<\/p>\n<p>&nbsp;<\/p>\n<p><img decoding=\"async\" loading=\"lazy\" class=\" wp-image-1359\" src=\"http:\/\/hangenhelmen.net\/wp-content\/uploads\/2017\/06\/yoda.jpg\" alt=\"Hangenhelmen H\u00e4m\u00e4r\u00e4n Hetki &quot;Yoda&quot; NUO EH\" width=\"358\" height=\"322\" srcset=\"https:\/\/hangenhelmen.net\/wp-content\/uploads\/2017\/06\/yoda.jpg 960w, https:\/\/hangenhelmen.net\/wp-content\/uploads\/2017\/06\/yoda-300x270.jpg 300w, https:\/\/hangenhelmen.net\/wp-content\/uploads\/2017\/06\/yoda-768x692.jpg 768w\" sizes=\"(max-width: 358px) 100vw, 358px\" \/><\/p>\n<p><strong>Hangenhelmen H\u00e4m\u00e4r\u00e4n Hetki &#8221;Yoda&#8221;<\/strong><\/p>\n<p>s. 28.10.2015<\/p>\n<p>om. Miia Katajisto<\/p>\n<p>Yoda on vahvahermoinen ja iloinen uros, joka tulee toimeen kaikkien kanssa. Yoda juoksee valjakoissamme py\u00f6r\u00e4- tai vauhtiparissa. Yoda asustaa Miian ja Heikin luona Elean (Hh Enea) ja Lumon kanssa. Yodan lonkat ovat D\/D.<\/p>\n<p>&nbsp;<\/p>\n<p>&nbsp;<\/p>\n<p><strong>Entiset sijoituskoiramme&nbsp;<\/strong><\/p>\n<p><img decoding=\"async\" loading=\"lazy\" class=\"alignnone size-medium wp-image-623\" src=\"http:\/\/hangenhelmen.net\/wp-content\/uploads\/2013\/09\/wilma-300x261.jpg\" alt=\"wilma\" width=\"300\" height=\"261\" srcset=\"https:\/\/hangenhelmen.net\/wp-content\/uploads\/2013\/09\/wilma-300x261.jpg 300w, https:\/\/hangenhelmen.net\/wp-content\/uploads\/2013\/09\/wilma-768x667.jpg 768w, https:\/\/hangenhelmen.net\/wp-content\/uploads\/2013\/09\/wilma.jpg 916w\" sizes=\"(max-width: 300px) 100vw, 300px\" \/><\/p>\n<p><img decoding=\"async\" loading=\"lazy\" class=\"size-medium wp-image-508\" src=\"http:\/\/hangenhelmen.net\/wp-content\/uploads\/2016\/01\/Wilmuska-300x194.jpg\" alt=\"Hangenhelmen Brimadonna &quot;Wilma&quot;\" width=\"300\" height=\"194\" srcset=\"https:\/\/hangenhelmen.net\/wp-content\/uploads\/2016\/01\/Wilmuska-300x194.jpg 300w, https:\/\/hangenhelmen.net\/wp-content\/uploads\/2016\/01\/Wilmuska.jpg 1000w\" sizes=\"(max-width: 300px) 100vw, 300px\" \/><\/p>\n<p><strong>FI KVA Hangenhelmen Brimadonna &#8221;Wilma&#8221;<\/strong><\/p>\n<p>s. 10.8.2007-29.11.2016<\/p>\n<p>Om. P\u00e4ivikki Karppinen<\/p>\n<p>Wilma on valjakossa voimakas ty\u00f6myyr\u00e4 vauhti- tai py\u00f6r\u00e4parissa. Wilma on aina valmis t\u00f6ihin. Vahvahermoinen ja vilkas koira. Wilma on juossut valjakoissamme kahdeksana vuotena ja sill\u00e4 on my\u00f6s tulos keskipitk\u00e4lt\u00e4 matkalta (2&#215;30 km). Wilma el\u00e4k\u00f6ityi kev\u00e4\u00e4ll\u00e4 2016 ja palasi kotiinsa Kuhmoon P\u00e4ivikin luo lopullisesti. Wilman lonkat ovat B\/B ja silm\u00e4t terveet. Wilma on E-pentueemme em\u00e4.<\/p>\n<p><img decoding=\"async\" loading=\"lazy\" class=\"alignnone size-medium wp-image-622\" src=\"http:\/\/hangenhelmen.net\/wp-content\/uploads\/2013\/09\/sohovi-249x300.jpg\" alt=\"sohovi\" width=\"249\" height=\"300\" srcset=\"https:\/\/hangenhelmen.net\/wp-content\/uploads\/2013\/09\/sohovi-249x300.jpg 249w, https:\/\/hangenhelmen.net\/wp-content\/uploads\/2013\/09\/sohovi.jpg 600w\" sizes=\"(max-width: 249px) 100vw, 249px\" \/><\/p>\n<p><img decoding=\"async\" loading=\"lazy\" class=\" wp-image-685\" src=\"http:\/\/hangenhelmen.net\/wp-content\/uploads\/2016\/03\/soffi2-286x300.jpg\" alt=\"Hangenhelmen Chofie &quot;Sohvi&quot;\" width=\"234\" height=\"245\" srcset=\"https:\/\/hangenhelmen.net\/wp-content\/uploads\/2016\/03\/soffi2-286x300.jpg 286w, https:\/\/hangenhelmen.net\/wp-content\/uploads\/2016\/03\/soffi2.jpg 600w\" sizes=\"(max-width: 234px) 100vw, 234px\" \/><\/p>\n<p><strong>FI KVA Hangenhelmen Chofie &#8221;Sohvi&#8221;<\/strong><\/p>\n<p>s. 26.8.2009<\/p>\n<p>Om. P\u00e4ivikki Karppinen<\/p>\n<p>Sohvi on arvonsa tunteva johtajakoira valjakoissamme. Sohvilla on loistava ty\u00f6motivaatio ja ihastuttava ulkon\u00e4k\u00f6. Sohvin koti on Kuhmossa. Sohvi on juossut valjakoissamme viiten\u00e4 vuotena. Sohvin lonkat ovat A\/A ja silm\u00e4t terveet. Sohvi on F- ja G-pentueidemme em\u00e4. Sohvi on j\u00e4tt\u00e4nyt voimakkaasti ulkon\u00e4k\u00f6\u00e4\u00e4n pentuihinsa.<\/p>\n<p><img decoding=\"async\" loading=\"lazy\" class=\"alignleft wp-image-888 \" src=\"http:\/\/hangenhelmen.net\/wp-content\/uploads\/2016\/03\/ellu.jpg\" alt=\"ellu\" width=\"383\" height=\"254\"><\/p>\n<p>&nbsp;<\/p>\n<p>&nbsp;<\/p>\n<p>&nbsp;<\/p>\n<p>&nbsp;<\/p>\n<p>&nbsp;<\/p>\n<p>&nbsp;<\/p>\n<p><strong>FI KVA SM-REK-4-16 SM-REK-4-17 Hangenhelmen Enea &#8221;Elea&#8221;<\/strong><\/p>\n<p>s. 9.10.2011<\/p>\n<p>Om. Miia Katajisto<\/p>\n<p>Elea juoksee valjakoissamme kaikkia paikkoja. Pieni ja pippurinen Elea&nbsp;siirtyi Miian omistukseen sijoitusajan p\u00e4\u00e4tytty\u00e4. Elealla on C\/C lonkat ja terveet silm\u00e4t.<\/p>\n<p><img decoding=\"async\" loading=\"lazy\" class=\"alignnone size-medium wp-image-267\" src=\"http:\/\/hangenhelmen.net\/wp-content\/uploads\/2015\/07\/olga-300x260.jpg\" alt=\"olga\" width=\"300\" height=\"260\" srcset=\"https:\/\/hangenhelmen.net\/wp-content\/uploads\/2015\/07\/olga-300x260.jpg 300w, https:\/\/hangenhelmen.net\/wp-content\/uploads\/2015\/07\/olga.jpg 1000w\" sizes=\"(max-width: 300px) 100vw, 300px\" \/><img decoding=\"async\" loading=\"lazy\" class=\"alignnone wp-image-785\" src=\"http:\/\/hangenhelmen.net\/wp-content\/uploads\/2013\/09\/FI-KVA-Kjeborgs-Only-Ruby-300x283.jpg\" alt=\"FI KVA Kjeborg's Only Ruby\" width=\"274\" height=\"259\" srcset=\"https:\/\/hangenhelmen.net\/wp-content\/uploads\/2013\/09\/FI-KVA-Kjeborgs-Only-Ruby-300x283.jpg 300w, https:\/\/hangenhelmen.net\/wp-content\/uploads\/2013\/09\/FI-KVA-Kjeborgs-Only-Ruby-768x724.jpg 768w, https:\/\/hangenhelmen.net\/wp-content\/uploads\/2013\/09\/FI-KVA-Kjeborgs-Only-Ruby.jpg 1000w\" sizes=\"(max-width: 274px) 100vw, 274px\" \/><\/p>\n<p><strong>FI KVA Kjeborg&#8217;s Only Ruby &#8221;Olga&#8221;<\/strong><\/p>\n<p>s.7.5.2013 Ruotsi<\/p>\n<p>om. Airiina Tenhovuori<\/p>\n<p>Olga on ensimm\u00e4inen tuontikoiramme ja t\u00e4ytt\u00e4nyt kaikki toiveemme. Olga on nuoresta i\u00e4st\u00e4\u00e4n huolimatta parhaita johtajiamme ja erinomainen ty\u00f6skentelymotivaatioltaan. Iloinen ja pirte\u00e4 Olga on A\/A lonkkainen ja silmilt\u00e4\u00e4n terve (muutama ylim\u00e4\u00e4r\u00e4inen ripsi). Olga asustaa Eeliksen (HH Eelis) ja Olafin (HH Hohtava Hanki) kanssa Airiinan hell\u00e4ss\u00e4 huomassa.<\/p>\n<p>Olga on I-pentueen em\u00e4 ja siirtyi Airiinan omistukseen alkuvuodesta 2017.<\/p>\n<p><img decoding=\"async\" loading=\"lazy\" class=\"wp-image-264 alignnone\" src=\"http:\/\/hangenhelmen.net\/wp-content\/uploads\/2015\/07\/filja-300x287.jpg\" alt=\"filja\" width=\"287\" height=\"275\" srcset=\"https:\/\/hangenhelmen.net\/wp-content\/uploads\/2015\/07\/filja-300x287.jpg 300w, https:\/\/hangenhelmen.net\/wp-content\/uploads\/2015\/07\/filja.jpg 1000w\" sizes=\"(max-width: 287px) 100vw, 287px\" \/><\/p>\n<p><img decoding=\"async\" loading=\"lazy\" class=\"wp-image-715 alignleft\" src=\"http:\/\/hangenhelmen.net\/wp-content\/uploads\/2016\/03\/filja-300x200.jpg\" alt=\"Hangenhelmen Filja &quot;Filja&quot;\" width=\"285\" height=\"190\" srcset=\"https:\/\/hangenhelmen.net\/wp-content\/uploads\/2016\/03\/filja-300x200.jpg 300w, https:\/\/hangenhelmen.net\/wp-content\/uploads\/2016\/03\/filja-768x512.jpg 768w, https:\/\/hangenhelmen.net\/wp-content\/uploads\/2016\/03\/filja.jpg 960w\" sizes=\"(max-width: 285px) 100vw, 285px\" \/><\/p>\n<p><strong>SM-REK-4-16 &amp; SM-REK-4-17 Hangenhelmen Filja &#8221;Filja&#8221;<\/strong><\/p>\n<p>s. 3.8.2012<\/p>\n<p>om. Riku Laine ja Marisa Rakennuskoski<\/p>\n<p>Filja on ihanaisen Sohvin tyt\u00e4r ja ulkoisesti kuin kopio em\u00e4st\u00e4\u00e4n. Rakastettava ja iloinen Filja juoksee valjakoissamme p\u00e4\u00e4asiassa johtajakoirana veljiens\u00e4 Velmun ja Leevin kanssa. Filjan lonkat ovat C\/C ja silm\u00e4t terveet. Filja asustaa Ciran (HH Enate) siskona Marisan ja Rikun luona.&nbsp; Filja on J-pentueemme em\u00e4.<\/p>\n<p><strong>Hangenhelmen Delma &#8221;Saana&#8221;<\/strong><\/p>\n<p>s. 12.7.2010<\/p>\n<p>Om. Anne Pajarinen<\/p>\n<p><strong>Hangenhelmen B\u00e4iv\u00e4ns\u00e4de &#8221;S\u00e4de&#8221;<\/strong><\/p>\n<p>s. 10.8.2007 \/ k. 2015<\/p>\n<p>Om. Anna-Liisa Aikio<\/p>\n<p><strong>Hangenhelmen Daneli &#8221;Taneli&#8221;<\/strong><\/p>\n<p>s. 12.7.2010<\/p>\n<p>Om. Anna-Liisa Aikio<\/p>\n","protected":false},"excerpt":{"rendered":"<p>Sijoitusnartut &nbsp; Hangenhelmen Illuusio &#8221;Halla&#8221; s. 8.12.2016 c\/o Airiina Tenhovuori Halla j\u00e4i I-pentueesta sijoitusnartuksemme. Reipas ja n\u00e4pp\u00e4r\u00e4 tytt\u00f6 t\u00e4ytt\u00e4\u00e4 Airiinan valjakkoa em\u00e4ns\u00e4 Olgan ja Hangenhelmen Eeliksen (Eelis) ja Olafin (Hohtava Hanki) kanssa. Seuraaviin uroksiin olemme varannet oikeuden k\u00e4ytt\u00e4\u00e4 niit\u00e4 jalostukseen. &hellip; <a href=\"https:\/\/hangenhelmen.net\/?page_id=654\">Lue loppuun <span class=\"meta-nav\">&rarr;<\/span><\/a><\/p>\n","protected":false},"author":1,"featured_media":0,"parent":0,"menu_order":0,"comment_status":"closed","ping_status":"closed","template":"","meta":[],"_links":{"self":[{"href":"https:\/\/hangenhelmen.net\/index.php?rest_route=\/wp\/v2\/pages\/654"}],"collection":[{"href":"https:\/\/hangenhelmen.net\/index.php?rest_route=\/wp\/v2\/pages"}],"about":[{"href":"https:\/\/hangenhelmen.net\/index.php?rest_route=\/wp\/v2\/types\/page"}],"author":[{"embeddable":true,"href":"https:\/\/hangenhelmen.net\/index.php?rest_route=\/wp\/v2\/users\/1"}],"replies":[{"embeddable":true,"href":"https:\/\/hangenhelmen.net\/index.php?rest_route=%2Fwp%2Fv2%2Fcomments&post=654"}],"version-history":[{"count":18,"href":"https:\/\/hangenhelmen.net\/index.php?rest_route=\/wp\/v2\/pages\/654\/revisions"}],"predecessor-version":[{"id":1504,"href":"https:\/\/hangenhelmen.net\/index.php?rest_route=\/wp\/v2\/pages\/654\/revisions\/1504"}],"wp:attachment":[{"href":"https:\/\/hangenhelmen.net\/index.php?rest_route=%2Fwp%2Fv2%2Fmedia&parent=654"}],"curies":[{"name":"wp","href":"https:\/\/api.w.org\/{rel}","templated":true}]}}