{"id":68,"date":"2013-09-08T14:44:25","date_gmt":"2013-09-08T11:44:25","guid":{"rendered":"http:\/\/hangenhelmen.net\/wordpress\/?page_id=68"},"modified":"2020-05-08T23:57:17","modified_gmt":"2020-05-08T20:57:17","slug":"tervetuloa","status":"publish","type":"page","link":"https:\/\/hangenhelmen.net\/","title":{"rendered":"Tervetuloa"},"content":{"rendered":"\n<div class=\"wp-block-image\"><figure class=\"aligncenter size-large is-resized\"><img decoding=\"async\" loading=\"lazy\" src=\"http:\/\/hangenhelmen.net\/wp-content\/uploads\/2020\/05\/Taisto-hiekalla-2020.jpg\" alt=\"\" class=\"wp-image-1660\" width=\"366\" height=\"488\" srcset=\"https:\/\/hangenhelmen.net\/wp-content\/uploads\/2020\/05\/Taisto-hiekalla-2020.jpg 720w, https:\/\/hangenhelmen.net\/wp-content\/uploads\/2020\/05\/Taisto-hiekalla-2020-225x300.jpg 225w\" sizes=\"(max-width: 366px) 100vw, 366px\" \/><\/figure><\/div>\n\n\n\n<p>8.5 P\u00e4ivitetty sivuja!<\/p>\n\n\n\n<ul><li>A-J -pentujen omaa sivua<\/li><li>luotu K-pentueelle oma sivu<\/li><li>Koiramme &#8211; Our dogs -sivu<\/li><li>Pentusuunnitelmia tarkennettu<\/li><li>Tuloksia &#8211; results korvaa entisen menestyj\u00e4t -sivun<\/li><li>Tuloksia lis\u00e4tty<\/li><li>Uusia kuvia lis\u00e4tty<\/li><li>Me -sivu<\/li><\/ul>\n\n\n\n<p>P\u00e4ivitykset jatkuvat, ilmoitathan s\u00e4hk\u00f6postilla jos huomaat sivulla toimimattomuuksia: hangenhelmen@gmail.com<\/p>\n","protected":false},"excerpt":{"rendered":"<p>8.5 P\u00e4ivitetty sivuja! A-J -pentujen omaa sivua luotu K-pentueelle oma sivu Koiramme &#8211; Our dogs -sivu Pentusuunnitelmia tarkennettu Tuloksia &#8211; results korvaa entisen menestyj\u00e4t -sivun Tuloksia lis\u00e4tty Uusia kuvia lis\u00e4tty Me -sivu P\u00e4ivitykset jatkuvat, ilmoitathan s\u00e4hk\u00f6postilla jos huomaat sivulla toimimattomuuksia: &hellip; <a href=\"https:\/\/hangenhelmen.net\/\">Lue loppuun <span class=\"meta-nav\">&rarr;<\/span><\/a><\/p>\n","protected":false},"author":1,"featured_media":0,"parent":0,"menu_order":0,"comment_status":"closed","ping_status":"closed","template":"","meta":[],"_links":{"self":[{"href":"https:\/\/hangenhelmen.net\/index.php?rest_route=\/wp\/v2\/pages\/68"}],"collection":[{"href":"https:\/\/hangenhelmen.net\/index.php?rest_route=\/wp\/v2\/pages"}],"about":[{"href":"https:\/\/hangenhelmen.net\/index.php?rest_route=\/wp\/v2\/types\/page"}],"author":[{"embeddable":true,"href":"https:\/\/hangenhelmen.net\/index.php?rest_route=\/wp\/v2\/users\/1"}],"replies":[{"embeddable":true,"href":"https:\/\/hangenhelmen.net\/index.php?rest_route=%2Fwp%2Fv2%2Fcomments&post=68"}],"version-history":[{"count":49,"href":"https:\/\/hangenhelmen.net\/index.php?rest_route=\/wp\/v2\/pages\/68\/revisions"}],"predecessor-version":[{"id":1889,"href":"https:\/\/hangenhelmen.net\/index.php?rest_route=\/wp\/v2\/pages\/68\/revisions\/1889"}],"wp:attachment":[{"href":"https:\/\/hangenhelmen.net\/index.php?rest_route=%2Fwp%2Fv2%2Fmedia&parent=68"}],"curies":[{"name":"wp","href":"https:\/\/api.w.org\/{rel}","templated":true}]}}