{"id":7,"date":"2013-09-08T13:11:01","date_gmt":"2013-09-08T10:11:01","guid":{"rendered":"http:\/\/hangenhelmen.net\/wordpress\/?page_id=7"},"modified":"2020-05-08T23:44:02","modified_gmt":"2020-05-08T20:44:02","slug":"pentuja","status":"publish","type":"page","link":"https:\/\/hangenhelmen.net\/?page_id=7","title":{"rendered":"Pentuja"},"content":{"rendered":"<h1 style=\"text-align: center;\">Pentusuunnitelmiamme!<span style=\"text-decoration: underline;\"><br \/>\n<\/span><\/h1>\n<p>&nbsp;<\/p>\n<p>&nbsp;<\/p>\n<p><strong>&nbsp;Kes\u00e4lle 2020<\/strong><\/p>\n<p><img decoding=\"async\" loading=\"lazy\" class=\"wp-image-1345 alignleft\" src=\"http:\/\/hangenhelmen.net\/wp-content\/uploads\/2017\/06\/kide.jpg\" alt=\"\" width=\"291\" height=\"266\" srcset=\"https:\/\/hangenhelmen.net\/wp-content\/uploads\/2017\/06\/kide.jpg 960w, https:\/\/hangenhelmen.net\/wp-content\/uploads\/2017\/06\/kide-300x275.jpg 300w, https:\/\/hangenhelmen.net\/wp-content\/uploads\/2017\/06\/kide-768x703.jpg 768w\" sizes=\"(max-width: 291px) 100vw, 291px\" \/><\/p>\n<p><img decoding=\"async\" loading=\"lazy\" class=\"wp-image-1337 alignright\" src=\"http:\/\/hangenhelmen.net\/wp-content\/uploads\/2017\/06\/celmi.jpg\" alt=\"\" width=\"293\" height=\"263\" srcset=\"https:\/\/hangenhelmen.net\/wp-content\/uploads\/2017\/06\/celmi.jpg 960w, https:\/\/hangenhelmen.net\/wp-content\/uploads\/2017\/06\/celmi-300x270.jpg 300w, https:\/\/hangenhelmen.net\/wp-content\/uploads\/2017\/06\/celmi-768x690.jpg 768w\" sizes=\"(max-width: 293px) 100vw, 293px\" \/><\/p>\n<p>&nbsp;<\/p>\n<p>&nbsp;<\/p>\n<p>&nbsp;<\/p>\n<p>&nbsp;<\/p>\n<p>&nbsp;<\/p>\n<p>&nbsp;<\/p>\n<h3 style=\"text-align: center;\"><a href=\"http:\/\/hangenhelmen.net\/?page_id=755\">FI SE EE MVA Velvet Cloud of Severnaya-sam &#8221;Kide&#8221;<\/a> &amp; <a href=\"https:\/\/jalostus.kennelliitto.fi\/frmKoira.aspx?RekNo=FI51178%2F09&amp;R=212\">Hangenhelmen Celmi &#8221;Kelmi&#8221;<\/a><\/h3>\n<p style=\"text-align: center;\">Ihanainen Kide on vakuuttanut meid\u00e4t sek\u00e4 n\u00e4ytt\u00f6- ett\u00e4 k\u00e4ytt\u00f6puolella. Kiteen lonkat ovat C\/C ja silm\u00e4t terveet (2019). Kelmi on H-pentueemme is\u00e4 ja vahvan j\u00e4lkel\u00e4isn\u00e4yt\u00f6n perusteella p\u00e4\u00e4timme kysy\u00e4, josko Hurskaisen perhe luottaisi meihin toistamiseen. Kelmin lonkat ovat A\/A, polvet 0\/0 ja silm\u00e4t terveet (2015). Odotamme pentueesta erinomaisia, loistavalla luonteella varustettuja koiria k\u00e4ytt\u00f6\u00f6n ja n\u00e4ytt\u00f6\u00f6n!<\/p>\n<p style=\"text-align: left;\"><strong>Kev\u00e4\u00e4lle 2021<\/strong><\/p>\n<p style=\"text-align: center;\"><img decoding=\"async\" loading=\"lazy\" class=\"wp-image-1606 alignleft\" src=\"http:\/\/hangenhelmen.net\/wp-content\/uploads\/2016\/09\/FISE-MVA-Hangenhelmen-Gorpisissi-1024x951.jpg\" alt=\"FI&amp;SE MVA Hangenhelmen Gorpisissi\" width=\"333\" height=\"309\" srcset=\"https:\/\/hangenhelmen.net\/wp-content\/uploads\/2016\/09\/FISE-MVA-Hangenhelmen-Gorpisissi-1024x951.jpg 1024w, https:\/\/hangenhelmen.net\/wp-content\/uploads\/2016\/09\/FISE-MVA-Hangenhelmen-Gorpisissi-300x279.jpg 300w, https:\/\/hangenhelmen.net\/wp-content\/uploads\/2016\/09\/FISE-MVA-Hangenhelmen-Gorpisissi-768x713.jpg 768w, https:\/\/hangenhelmen.net\/wp-content\/uploads\/2016\/09\/FISE-MVA-Hangenhelmen-Gorpisissi.jpg 1559w\" sizes=\"(max-width: 333px) 100vw, 333px\" \/><\/p>\n<p style=\"text-align: center;\">&nbsp;<\/p>\n<p style=\"text-align: center;\">&nbsp;<\/p>\n<p style=\"text-align: center;\">&nbsp;<\/p>\n<p style=\"text-align: center;\">uroksen tiedot tulossa!<\/p>\n<p style=\"text-align: center;\">&nbsp;<\/p>\n<p style=\"text-align: center;\">&nbsp;<\/p>\n<p style=\"text-align: center;\">&nbsp;<\/p>\n<p style=\"text-align: left;\">POHJ FI SE NO LV MVA PDP Hangenhelmen Gorpisissi &#8221;Sissi&#8221; &amp;<\/p>\n<p style=\"text-align: center;\">Sissi on meid\u00e4n porukan missi, kaunis ja kevytliikkeinen narttu, jolla on my\u00f6s kiitett\u00e4v\u00e4 ty\u00f6motivaatio ja johtajakoiran k\u00e4skyt hallinnassa. Sissill\u00e4 on peilattuna gRD (geografinen retinal dysplasia), jonka uusintapeilauksessa ell Lotta Axelsson peilasi merkityksett\u00f6m\u00e4ksi pigmettil\u00e4isk\u00e4ksi gRDn sijaan. Sissi peilataan kuitenkin viel\u00e4 kerran ennen astutusta. Uroksen tiedot tulossa my\u00f6hemmin.<\/p>\n<p style=\"text-align: center;\">&nbsp;<\/p>\n<p style=\"text-align: center;\">Vuosille 2021&amp;2022 on pentuhaaveita, p\u00e4ivit\u00e4mme sivuja niiden osalta suunnitelmien tarkentuessa!&nbsp;<\/p>\n<p style=\"text-align: center;\">Jos haluat tarjota Hangenhelmen pennulle aktiivisen kodin tai haluat lis\u00e4tietoja pennuista ota yhteytt\u00e4:<\/p>\n<p style=\"text-align: center;\">Ari 040 7095852 (iltaisin)<\/p>\n<p style=\"text-align: center;\">Elina 040 7046480<\/p>\n<p style=\"text-align: center;\">hangenhelmen(at)gmail.com<\/p>\n<p style=\"text-align: center;\">&nbsp;Pentumme luovutetaan rekister\u00f6ityin\u00e4, tunnistusmerkittyin\u00e4 ja el\u00e4inl\u00e4\u00e4k\u00e4rin tarkastamina.<\/p>\n<p style=\"text-align: center;\">Mukaansa ne saavat pentupaketin, samyn pentuaapisen sek\u00e4 10 kg tuttua penturuokaa. Olemme kasvattiemme omistajien apuna ja tukena koko koiran el\u00e4m\u00e4n ajan.<\/p>\n","protected":false},"excerpt":{"rendered":"<p>Pentusuunnitelmiamme! &nbsp; &nbsp; &nbsp;Kes\u00e4lle 2020 &nbsp; &nbsp; &nbsp; &nbsp; &nbsp; &nbsp; FI SE EE MVA Velvet Cloud of Severnaya-sam &#8221;Kide&#8221; &amp; Hangenhelmen Celmi &#8221;Kelmi&#8221; Ihanainen Kide on vakuuttanut meid\u00e4t sek\u00e4 n\u00e4ytt\u00f6- ett\u00e4 k\u00e4ytt\u00f6puolella. Kiteen lonkat ovat C\/C ja silm\u00e4t terveet &hellip; <a href=\"https:\/\/hangenhelmen.net\/?page_id=7\">Lue loppuun <span class=\"meta-nav\">&rarr;<\/span><\/a><\/p>\n","protected":false},"author":1,"featured_media":0,"parent":0,"menu_order":0,"comment_status":"open","ping_status":"open","template":"","meta":[],"_links":{"self":[{"href":"https:\/\/hangenhelmen.net\/index.php?rest_route=\/wp\/v2\/pages\/7"}],"collection":[{"href":"https:\/\/hangenhelmen.net\/index.php?rest_route=\/wp\/v2\/pages"}],"about":[{"href":"https:\/\/hangenhelmen.net\/index.php?rest_route=\/wp\/v2\/types\/page"}],"author":[{"embeddable":true,"href":"https:\/\/hangenhelmen.net\/index.php?rest_route=\/wp\/v2\/users\/1"}],"replies":[{"embeddable":true,"href":"https:\/\/hangenhelmen.net\/index.php?rest_route=%2Fwp%2Fv2%2Fcomments&post=7"}],"version-history":[{"count":61,"href":"https:\/\/hangenhelmen.net\/index.php?rest_route=\/wp\/v2\/pages\/7\/revisions"}],"predecessor-version":[{"id":1942,"href":"https:\/\/hangenhelmen.net\/index.php?rest_route=\/wp\/v2\/pages\/7\/revisions\/1942"}],"wp:attachment":[{"href":"https:\/\/hangenhelmen.net\/index.php?rest_route=%2Fwp%2Fv2%2Fmedia&parent=7"}],"curies":[{"name":"wp","href":"https:\/\/api.w.org\/{rel}","templated":true}]}}