{"id":755,"date":"2016-05-02T16:03:23","date_gmt":"2016-05-02T13:03:23","guid":{"rendered":"http:\/\/hangenhelmen.net\/?page_id=755"},"modified":"2020-05-09T16:22:13","modified_gmt":"2020-05-09T13:22:13","slug":"velvet-cloud-of-severnaya-sam","status":"publish","type":"page","link":"https:\/\/hangenhelmen.net\/?page_id=755","title":{"rendered":"Velvet Cloud Of Severnaya-Sam"},"content":{"rendered":"<h1>FI &amp; SE &amp; EE MVA Velvet Cloud of Severnaya-Sam<\/h1>\n<p>[ngg src=&#8221;galleries&#8221; ids=&#8221;23&#8243; display=&#8221;basic_slideshow&#8221;]&nbsp;<\/p>\n<table style=\"border: 0px solid #999;\" width=\"98%\" cellspacing=\"1\" cellpadding=\"5\">\n<tbody>\n<tr>\n<td bgcolor=\"#cccccc\" width=\"20%\"><b>virallinen nimi<\/b><\/td>\n<td bgcolor=\"#ffffff\" width=\"30%\">Velvet Cloud of Severnaya-Sam<\/td>\n<td bgcolor=\"#cccccc\" width=\"20%\"><b>lonkat<\/b><\/td>\n<td bgcolor=\"#ffffff\" width=\"30%\">C\/C<\/td>\n<\/tr>\n<tr>\n<td bgcolor=\"#cccccc\" width=\"20%\"><b>kutsumanimi<\/b><\/td>\n<td bgcolor=\"#ffffff\" width=\"30%\">Kide<\/td>\n<td bgcolor=\"#cccccc\" width=\"20%\"><b>silm\u00e4t<\/b><\/td>\n<td bgcolor=\"#ffffff\" width=\"30%\">OK<\/td>\n<\/tr>\n<tr>\n<td bgcolor=\"#cccccc\" width=\"20%\"><b>Syntym\u00e4aika<\/b><\/td>\n<td bgcolor=\"#ffffff\" width=\"30%\">1.3.2016<\/td>\n<td bgcolor=\"#cccccc\" width=\"20%\"><b>Sukupuoli<\/b><\/td>\n<td bgcolor=\"#ffffff\" width=\"30%\">Narttu<\/td>\n<\/tr>\n<\/tbody>\n<\/table>\n<p>Ihana Kide-tytt\u00f6 saapui Unkarista Severnaya-Sam kennelist\u00e4 ihastuttamaan meit\u00e4 vappuna 2016. Rauhallinen ja reipas pentu valloitti kaikkien syd\u00e4met heti. Kide on edelleen varsin ihastuttava ja tomera tytt\u00f6, jonka kanssa on helppo l\u00e4hte\u00e4 minne vaan. Arjessa Kidett\u00e4 ei hetkauta mik\u00e4\u00e4n ja matami on oikea luottopeli.<\/p>\n<p>&nbsp;T\u00e4lt\u00e4 neidilt\u00e4 onnistuu ty\u00f6skentely kaikken kanssa ja kaikilla paikoilla. Valjaissa Kide on porukan hengennostattaja ja innokas tsemppaaja. My\u00f6s n\u00e4yttelyist\u00e4 on ehtinyt jo kerty\u00e4 l\u00e4j\u00e4 sertej\u00e4 ja valiotitteleit\u00e4.<\/p>\n","protected":false},"excerpt":{"rendered":"<p>FI &amp; SE &amp; EE MVA Velvet Cloud of Severnaya-Sam [ngg src=&#8221;galleries&#8221; ids=&#8221;23&#8243; display=&#8221;basic_slideshow&#8221;]&nbsp; virallinen nimi Velvet Cloud of Severnaya-Sam lonkat C\/C kutsumanimi Kide silm\u00e4t OK Syntym\u00e4aika 1.3.2016 Sukupuoli Narttu Ihana Kide-tytt\u00f6 saapui Unkarista Severnaya-Sam kennelist\u00e4 ihastuttamaan meit\u00e4 vappuna 2016. &hellip; <a href=\"https:\/\/hangenhelmen.net\/?page_id=755\">Lue loppuun <span class=\"meta-nav\">&rarr;<\/span><\/a><\/p>\n","protected":false},"author":1,"featured_media":0,"parent":0,"menu_order":0,"comment_status":"closed","ping_status":"closed","template":"","meta":[],"_links":{"self":[{"href":"https:\/\/hangenhelmen.net\/index.php?rest_route=\/wp\/v2\/pages\/755"}],"collection":[{"href":"https:\/\/hangenhelmen.net\/index.php?rest_route=\/wp\/v2\/pages"}],"about":[{"href":"https:\/\/hangenhelmen.net\/index.php?rest_route=\/wp\/v2\/types\/page"}],"author":[{"embeddable":true,"href":"https:\/\/hangenhelmen.net\/index.php?rest_route=\/wp\/v2\/users\/1"}],"replies":[{"embeddable":true,"href":"https:\/\/hangenhelmen.net\/index.php?rest_route=%2Fwp%2Fv2%2Fcomments&post=755"}],"version-history":[{"count":12,"href":"https:\/\/hangenhelmen.net\/index.php?rest_route=\/wp\/v2\/pages\/755\/revisions"}],"predecessor-version":[{"id":1940,"href":"https:\/\/hangenhelmen.net\/index.php?rest_route=\/wp\/v2\/pages\/755\/revisions\/1940"}],"wp:attachment":[{"href":"https:\/\/hangenhelmen.net\/index.php?rest_route=%2Fwp%2Fv2%2Fmedia&parent=755"}],"curies":[{"name":"wp","href":"https:\/\/api.w.org\/{rel}","templated":true}]}}