{"id":919,"date":"2016-09-11T19:37:29","date_gmt":"2016-09-11T16:37:29","guid":{"rendered":"http:\/\/hangenhelmen.net\/?page_id=919"},"modified":"2020-05-08T20:26:07","modified_gmt":"2020-05-08T17:26:07","slug":"g-pentue","status":"publish","type":"page","link":"https:\/\/hangenhelmen.net\/?page_id=919","title":{"rendered":"G-pentue"},"content":{"rendered":"<p style=\"text-align: center;\"><strong>G-pentue syntyi 8.8.2016<br><\/strong><\/p>\n<p style=\"text-align: center;\">3 urosta ja 4 narttua<\/p>\n<p style=\"text-align: center;\">Olimme Sohvin ensimm\u00e4iseen pentueeseen tyytyv\u00e4isi\u00e4 kaikin tavoin. N\u00e4imme Jarrodin Ruotsissa 2014 ja ihastuimme sen luonteeseen ja eleganssiin, Jarrod on hieno kokonaisuus. Poikkeuksellista t\u00e4ss\u00e4 yhdistelm\u00e4ss\u00e4 on my\u00f6s se, ett\u00e4 kummallakin vanhemmista on hyv\u00e4ksytty rek-tulos keskipitk\u00e4lt\u00e4 matkalta.<\/p>\n<p style=\"text-align: center;\">Odotamme pennuista hurmaavaluonteisia, aktiivisia ja kauniita perheenj\u00e4seni\u00e4 ja valjakon vahvistuksia.<\/p>\n<p>G-pentue on lunastanut odotuksemme luonteiden, k\u00e4ytt\u00f6- ja n\u00e4ytt\u00f6ominaisuuksen osalta. Geet ovat mit\u00e4 ihastuttavimpia, yst\u00e4v\u00e4llisi\u00e4 ja eritt\u00e4in rakastettavia. G-pentueen koirilla on jo j\u00e4lkel\u00e4isi\u00e4 ja ne vaikuttavat yht\u00e4 ihastuttavilta kuin vanhempansa.&nbsp;<\/p>\n<p style=\"text-align: center;\"><img decoding=\"async\" loading=\"lazy\" class=\"wp-image-854 alignleft\" src=\"http:\/\/hangenhelmen.net\/wp-content\/uploads\/2013\/09\/vauvva-300x169.jpg\" alt=\"vauvva\" width=\"410\" height=\"231\" srcset=\"https:\/\/hangenhelmen.net\/wp-content\/uploads\/2013\/09\/vauvva-300x169.jpg 300w, https:\/\/hangenhelmen.net\/wp-content\/uploads\/2013\/09\/vauvva-768x432.jpg 768w, https:\/\/hangenhelmen.net\/wp-content\/uploads\/2013\/09\/vauvva-1024x576.jpg 1024w, https:\/\/hangenhelmen.net\/wp-content\/uploads\/2013\/09\/vauvva.jpg 1619w\" sizes=\"(max-width: 410px) 100vw, 410px\" \/> <img decoding=\"async\" loading=\"lazy\" class=\"wp-image-853 size-medium alignleft\" src=\"http:\/\/hangenhelmen.net\/wp-content\/uploads\/2013\/09\/vauvvatrio-169x300.jpg\" alt=\"vauvvatrio\" width=\"169\" height=\"300\" srcset=\"https:\/\/hangenhelmen.net\/wp-content\/uploads\/2013\/09\/vauvvatrio-169x300.jpg 169w, https:\/\/hangenhelmen.net\/wp-content\/uploads\/2013\/09\/vauvvatrio.jpg 512w\" sizes=\"(max-width: 169px) 100vw, 169px\" \/><\/p>\n<p style=\"text-align: center;\">&nbsp;<img decoding=\"async\" loading=\"lazy\" class=\"alignnone wp-image-619\" src=\"http:\/\/hangenhelmen.net\/wp-content\/uploads\/2013\/09\/sohvi.jpg\" alt=\"sohvi\" width=\"233\" height=\"302\" srcset=\"https:\/\/hangenhelmen.net\/wp-content\/uploads\/2013\/09\/sohvi.jpg 600w, https:\/\/hangenhelmen.net\/wp-content\/uploads\/2013\/09\/sohvi-231x300.jpg 231w\" sizes=\"(max-width: 233px) 100vw, 233px\" \/><img decoding=\"async\" loading=\"lazy\" class=\"wp-image-618 alignright\" src=\"http:\/\/hangenhelmen.net\/wp-content\/uploads\/2013\/09\/jarrod.jpg\" alt=\"jarrod\" width=\"280\" height=\"288\" srcset=\"https:\/\/hangenhelmen.net\/wp-content\/uploads\/2013\/09\/jarrod.jpg 879w, https:\/\/hangenhelmen.net\/wp-content\/uploads\/2013\/09\/jarrod-291x300.jpg 291w, https:\/\/hangenhelmen.net\/wp-content\/uploads\/2013\/09\/jarrod-768x791.jpg 768w\" sizes=\"(max-width: 280px) 100vw, 280px\" \/><\/p>\n<p style=\"text-align: center;\">FI KVA <a href=\"http:\/\/hangenhelmen.net\/?page_id=654\">Hangenhelmen Chofie<\/a> &amp; <a href=\"http:\/\/www.samojeder.com\/dnn3\/Samoyedmale\/Jarodpuppies\/Jarod.aspx\">SE MVA LU MVA VDH CH PDP Kjeborg&#8217;s Irresistible Little Jarrod<\/a><\/p>\n<p style=\"text-align: center;\"><a href=\"http:\/\/jalostus.kennelliitto.fi\/frmKoira.aspx?RekNo=FI51179\/09&amp;R=212\">Sohvi Koiranetiss\u00e4<\/a> &amp; <a href=\"http:\/\/hundar.skk.se\/hunddata\/Hund_sok.aspx\">Jarrod Hunddatassa<\/a><\/p>\n<p style=\"text-align: center;\">(Jarrod l\u00f6ytyy hunddatasta rekisterinumerolla SE40365\/2011)<\/p>\n<p>&nbsp;<\/p>\n<p>&nbsp;<\/p>\n\n\n[ngg src=&#8221;galleries&#8221; ids=&#8221;11&#8243; display=&#8221;basic_slideshow&#8221;]\n\n\n<p>[table id=9 \/]<\/p>\n\n\n\n<p><a href=\"http:\/\/hangenhelmen.net\/?p=870\">Pennut yhden viikon ik\u00e4isin\u00e4<\/a><\/p>\n\n\n\n<p><a href=\"http:\/\/hangenhelmen.net\/?p=870\"><br>Pennut kaksi viikkoa<\/a><\/p>\n\n\n\n<p><a href=\"http:\/\/hangenhelmen.net\/?p=879\">Pennut kolme viikkoa<\/a><\/p>\n\n\n\n<p><a href=\"http:\/\/hangenhelmen.net\/?p=898\">Pennut nelj\u00e4 viikkoa<\/a><\/p>\n\n\n\n<p><a href=\"http:\/\/hangenhelmen.net\/?p=926\">Pennut viisi viikkoa<\/a><\/p>\n\n\n\n<p><a href=\"http:\/\/hangenhelmen.net\/?p=946\">Pennut kuusi viikkoa<\/a><\/p>\n\n\n\n<p><a href=\"http:\/\/hangenhelmen.net\/?p=994\">Pennut seitsem\u00e4n viikkoa<\/a><\/p>\n","protected":false},"excerpt":{"rendered":"<p>G-pentue syntyi 8.8.2016 3 urosta ja 4 narttua Olimme Sohvin ensimm\u00e4iseen pentueeseen tyytyv\u00e4isi\u00e4 kaikin tavoin. N\u00e4imme Jarrodin Ruotsissa 2014 ja ihastuimme sen luonteeseen ja eleganssiin, Jarrod on hieno kokonaisuus. Poikkeuksellista t\u00e4ss\u00e4 yhdistelm\u00e4ss\u00e4 on my\u00f6s se, ett\u00e4 kummallakin vanhemmista on hyv\u00e4ksytty &hellip; <a href=\"https:\/\/hangenhelmen.net\/?page_id=919\">Lue loppuun <span class=\"meta-nav\">&rarr;<\/span><\/a><\/p>\n","protected":false},"author":1,"featured_media":0,"parent":0,"menu_order":0,"comment_status":"closed","ping_status":"closed","template":"","meta":[],"_links":{"self":[{"href":"https:\/\/hangenhelmen.net\/index.php?rest_route=\/wp\/v2\/pages\/919"}],"collection":[{"href":"https:\/\/hangenhelmen.net\/index.php?rest_route=\/wp\/v2\/pages"}],"about":[{"href":"https:\/\/hangenhelmen.net\/index.php?rest_route=\/wp\/v2\/types\/page"}],"author":[{"embeddable":true,"href":"https:\/\/hangenhelmen.net\/index.php?rest_route=\/wp\/v2\/users\/1"}],"replies":[{"embeddable":true,"href":"https:\/\/hangenhelmen.net\/index.php?rest_route=%2Fwp%2Fv2%2Fcomments&post=919"}],"version-history":[{"count":6,"href":"https:\/\/hangenhelmen.net\/index.php?rest_route=\/wp\/v2\/pages\/919\/revisions"}],"predecessor-version":[{"id":1784,"href":"https:\/\/hangenhelmen.net\/index.php?rest_route=\/wp\/v2\/pages\/919\/revisions\/1784"}],"wp:attachment":[{"href":"https:\/\/hangenhelmen.net\/index.php?rest_route=%2Fwp%2Fv2%2Fmedia&parent=919"}],"curies":[{"name":"wp","href":"https:\/\/api.w.org\/{rel}","templated":true}]}}