{"id":978,"date":"2016-09-23T19:46:27","date_gmt":"2016-09-23T16:46:27","guid":{"rendered":"http:\/\/hangenhelmen.net\/?page_id=978"},"modified":"2020-05-09T15:56:05","modified_gmt":"2020-05-09T12:56:05","slug":"hangenhelmen-gorpisissi","status":"publish","type":"page","link":"https:\/\/hangenhelmen.net\/?page_id=978","title":{"rendered":"Hangenhelmen Gorpisissi"},"content":{"rendered":"<h1 style=\"text-align: center;\">PDP&nbsp;POHJ &amp; FI &amp; SE &amp; NO &amp; LV &amp; LT MVA&nbsp; Hangenhelmen Gorpisissi<\/h1>\n<p>&nbsp;<\/p>\n<p>[ngg src=&#8221;galleries&#8221; ids=&#8221;20&#8243; display=&#8221;basic_slideshow&#8221;]<\/p>\n<table style=\"border: 0px solid #999;\" width=\"98%\" cellspacing=\"1\" cellpadding=\"5\">\n<tbody>\n<tr>\n<td bgcolor=\"#cccccc\" width=\"20%\"><b>virallinen nimi<\/b><\/td>\n<td bgcolor=\"#ffffff\" width=\"30%\">Hangenhelmen Gorpisissi<\/td>\n<td bgcolor=\"#cccccc\" width=\"20%\"><b>lonkat<\/b><\/td>\n<td bgcolor=\"#ffffff\" width=\"30%\">C\/C<\/td>\n<\/tr>\n<tr>\n<td bgcolor=\"#cccccc\" width=\"20%\"><b>kutsumanimi<\/b><\/td>\n<td bgcolor=\"#ffffff\" width=\"30%\">Sissi<\/td>\n<td bgcolor=\"#cccccc\" width=\"20%\"><b>silm\u00e4t<\/b><\/td>\n<td bgcolor=\"#ffffff\" width=\"30%\">disthiasis<\/td>\n<\/tr>\n<tr>\n<td bgcolor=\"#cccccc\" width=\"20%\"><b>Syntym\u00e4aika<\/b><\/td>\n<td bgcolor=\"#ffffff\" width=\"30%\">8.8.2016<\/td>\n<td bgcolor=\"#cccccc\" width=\"20%\"><b>Sukupuoli<\/b><\/td>\n<td bgcolor=\"#ffffff\" width=\"30%\">Narttu<\/td>\n<\/tr>\n<\/tbody>\n<\/table>\n<p>Virtava rinsessa, jolla ei omaa tahtoa puutu. Miss\u00e4 tapahtuu, siell\u00e4 Sissi. Sis\u00e4ll\u00e4 Sissi on varsinainen kainaloinen ja sylitett\u00e4v\u00e4, saattaapa se k\u00f6mpi\u00e4 viereen nukkumaankin. Sissi vaikuttaa innokkaalta vetokoiran alulta ja aloitti syksyll\u00e4 2017 opettelemaan rekikoiruuden saloja. Sissi on n\u00e4ytt\u00e4nyt em\u00e4ns\u00e4 tapaan johtajakoiran vinkeit\u00e4 ja tuloksina ensimm\u00e4iselt\u00e4 kaudelta on REK\u00c4-JOH2 -tulos, sek\u00e4 ykk\u00f6stuloksia sprintilt\u00e4 ja keskipitk\u00e4lt\u00e4 matkalta. Sissi toimii hyvin my\u00f6s muualla valjakossa. Sissi on tehnyt historiaa ollen ensimm\u00e4inen suomalainen samojedinkoira, joka valioitui Ruotsin muotovalioksi kolmella sertill\u00e4. SE MVAn arvoon vaaditaan Ruotsalainen k\u00e4ytt\u00f6tulos, yksi serti SPHKn erikoisn\u00e4yttelyst\u00e4, sek\u00e4 kaksi serti\u00e4 muista n\u00e4yttelyist\u00e4. Sissi kaunokainen nappasi kaikki sertins\u00e4 kes\u00e4ll\u00e4 2018 reilun kuukauden aikana, ollen my\u00f6s kahdesti ROP ja kerran VSP.<\/p>\n<p>Sissi on menestynyt n\u00e4yttelyiss\u00e4 mukavasti ja kotiintuomisina on ollut useampi valionarvo. My\u00f6s rekiurat ovat tulleet tutuiksi ja Ruotsista 2019 oli kotiintuomisina PDP-arvo.<\/p>\n","protected":false},"excerpt":{"rendered":"<p>PDP&nbsp;POHJ &amp; FI &amp; SE &amp; NO &amp; LV &amp; LT MVA&nbsp; Hangenhelmen Gorpisissi &nbsp; [ngg src=&#8221;galleries&#8221; ids=&#8221;20&#8243; display=&#8221;basic_slideshow&#8221;] virallinen nimi Hangenhelmen Gorpisissi lonkat C\/C kutsumanimi Sissi silm\u00e4t disthiasis Syntym\u00e4aika 8.8.2016 Sukupuoli Narttu Virtava rinsessa, jolla ei omaa tahtoa puutu. &hellip; <a href=\"https:\/\/hangenhelmen.net\/?page_id=978\">Lue loppuun <span class=\"meta-nav\">&rarr;<\/span><\/a><\/p>\n","protected":false},"author":1,"featured_media":0,"parent":0,"menu_order":0,"comment_status":"closed","ping_status":"closed","template":"","meta":[],"_links":{"self":[{"href":"https:\/\/hangenhelmen.net\/index.php?rest_route=\/wp\/v2\/pages\/978"}],"collection":[{"href":"https:\/\/hangenhelmen.net\/index.php?rest_route=\/wp\/v2\/pages"}],"about":[{"href":"https:\/\/hangenhelmen.net\/index.php?rest_route=\/wp\/v2\/types\/page"}],"author":[{"embeddable":true,"href":"https:\/\/hangenhelmen.net\/index.php?rest_route=\/wp\/v2\/users\/1"}],"replies":[{"embeddable":true,"href":"https:\/\/hangenhelmen.net\/index.php?rest_route=%2Fwp%2Fv2%2Fcomments&post=978"}],"version-history":[{"count":13,"href":"https:\/\/hangenhelmen.net\/index.php?rest_route=\/wp\/v2\/pages\/978\/revisions"}],"predecessor-version":[{"id":1916,"href":"https:\/\/hangenhelmen.net\/index.php?rest_route=\/wp\/v2\/pages\/978\/revisions\/1916"}],"wp:attachment":[{"href":"https:\/\/hangenhelmen.net\/index.php?rest_route=%2Fwp%2Fv2%2Fmedia&parent=978"}],"curies":[{"name":"wp","href":"https:\/\/api.w.org\/{rel}","templated":true}]}}